{"id":9285,"date":"2024-09-09T12:30:07","date_gmt":"2025-04-07T14:48:53","guid":{"rendered":"https:\/\/positiveautism.org\/product\/la-aventura-de-leo-y-los-ruidos-fuertes-actividad-para-practicar-la-comprension-lectora-y-habilidades-para-manejar-las-dificultades-sensoriales-de-los-ninos-autistas\/"},"modified":"2025-04-07T10:48:53","modified_gmt":"2025-04-07T14:48:53","slug":"la-aventura-de-leo-y-los-ruidos-fuertes-actividad-para-practicar-la-comprension-lectora-y-habilidades-para-manejar-las-dificultades-sensoriales-de-los-ninos-autistas","status":"publish","type":"product","link":"https:\/\/positiveautism.org\/es\/producto\/la-aventura-de-leo-y-los-ruidos-fuertes-actividad-para-practicar-la-comprension-lectora-y-habilidades-para-manejar-las-dificultades-sensoriales-de-los-ninos-autistas\/","title":{"rendered":"La aventura de Leo y los ruidos fuertes. (Actividad para practicar la comprensi\u00f3n lectora y habilidades para manejar las dificultades sensoriales de los ni\u00f1os autistas)"},"content":{"rendered":"","protected":false},"excerpt":{"rendered":"<div class=\"flex-shrink-0 flex flex-col relative items-end\">\n<div>\n<div class=\"pt-0\">\n<div class=\"gizmo-bot-avatar flex h-8 w-8 items-center justify-center overflow-hidden rounded-full\">\n<div class=\"relative p-1 rounded-sm flex items-center justify-center bg-token-main-surface-primary text-token-text-primary h-8 w-8\">Este material est\u00e1 dise\u00f1ado para ayudar a los padres y educadores a ense\u00f1ar a los ni\u00f1os autistas c\u00f3mo manejar sus dificultades sensoriales, espec\u00edficamente con ruidos fuertes. A trav\u00e9s de la historia de Leo, los ni\u00f1os aprender\u00e1n estrategias pr\u00e1cticas como reconocer el sonido que les molesta, usar herramientas como auriculares para reducir el ruido, expresar c\u00f3mo se sienten y pedir ayuda cuando sea necesario. Adem\u00e1s, incluye actividades de juego de roles para practicar estas habilidades en diferentes escenarios cotidianos, como la escuela, una fiesta o un supermercado.  <\/div>\n<\/div>\n<\/div>\n<\/div>\n<\/div>\n","protected":false},"featured_media":9289,"comment_status":"closed","ping_status":"closed","template":"","meta":{"_acf_changed":false,"_monsterinsights_skip_tracking":false,"_monsterinsights_sitenote_active":false,"_monsterinsights_sitenote_note":"","_monsterinsights_sitenote_category":0},"product_brand":[],"product_cat":[783,792],"product_tag":[790,795,890],"class_list":{"0":"post-9285","1":"product","2":"type-product","3":"status-publish","4":"has-post-thumbnail","6":"product_cat-comprension-lectora","7":"product_cat-area-sensorial","8":"product_tag-comprension-lectora-para-ninos-con-autismo","9":"product_tag-comprension-lectora-para-ninos-autistas","10":"product_tag-como-manejar-las-dificultades-sensoriales","12":"first","13":"instock","14":"downloadable","15":"shipping-taxable","16":"purchasable","17":"product-type-simple"},"acf":[],"aioseo_notices":[],"jetpack_sharing_enabled":true,"_links":{"self":[{"href":"https:\/\/positiveautism.org\/es\/wp-json\/wp\/v2\/product\/9285","targetHints":{"allow":["GET"]}}],"collection":[{"href":"https:\/\/positiveautism.org\/es\/wp-json\/wp\/v2\/product"}],"about":[{"href":"https:\/\/positiveautism.org\/es\/wp-json\/wp\/v2\/types\/product"}],"replies":[{"embeddable":true,"href":"https:\/\/positiveautism.org\/es\/wp-json\/wp\/v2\/comments?post=9285"}],"wp:featuredmedia":[{"embeddable":true,"href":"https:\/\/positiveautism.org\/es\/wp-json\/wp\/v2\/media\/9289"}],"wp:attachment":[{"href":"https:\/\/positiveautism.org\/es\/wp-json\/wp\/v2\/media?parent=9285"}],"wp:term":[{"taxonomy":"product_brand","embeddable":true,"href":"https:\/\/positiveautism.org\/es\/wp-json\/wp\/v2\/product_brand?post=9285"},{"taxonomy":"product_cat","embeddable":true,"href":"https:\/\/positiveautism.org\/es\/wp-json\/wp\/v2\/product_cat?post=9285"},{"taxonomy":"product_tag","embeddable":true,"href":"https:\/\/positiveautism.org\/es\/wp-json\/wp\/v2\/product_tag?post=9285"}],"curies":[{"name":"wp","href":"https:\/\/api.w.org\/{rel}","templated":true}]}}