{"id":9279,"date":"2024-08-19T15:22:40","date_gmt":"2025-04-07T14:48:52","guid":{"rendered":"https:\/\/positiveautism.org\/product\/la-aventura-de-nico-y-luna-explorando-el-poder-del-movimiento-actividad-para-practicar-la-comprension-lectora-y-las-habilidades-para-la-vida-en-ninos-autistas\/"},"modified":"2025-04-07T10:48:52","modified_gmt":"2025-04-07T14:48:52","slug":"la-aventura-de-nico-y-luna-explorando-el-poder-del-movimiento-actividad-para-practicar-la-comprension-lectora-y-las-habilidades-para-la-vida-en-ninos-autistas","status":"publish","type":"product","link":"https:\/\/positiveautism.org\/es\/producto\/la-aventura-de-nico-y-luna-explorando-el-poder-del-movimiento-actividad-para-practicar-la-comprension-lectora-y-las-habilidades-para-la-vida-en-ninos-autistas\/","title":{"rendered":"La aventura de Nico y Luna: explorando el poder del movimiento. (Actividad para practicar la comprensi\u00f3n lectora y las habilidades para la vida en ni\u00f1os autistas)"},"content":{"rendered":"","protected":false},"excerpt":{"rendered":"<p>Este material est\u00e1 dise\u00f1ado para padres y educadores que buscan trabajar la comprensi\u00f3n lectora y las habilidades para la vida con ni\u00f1os autistas. A trav\u00e9s del cuento &#8216;La aventura de Nico y Luna: explorando el poder del movimiento&#8217;, los ni\u00f1os no solo reforzar\u00e1n su capacidad para comprender y reflexionar sobre textos, sino que tambi\u00e9n aprender\u00e1n sobre la importancia de mantenerse activos de una manera divertida. Adem\u00e1s, incluye preguntas de comprensi\u00f3n y ejemplos de juegos de rol que permiten a los ni\u00f1os practicar lo aprendido en la lectura, fomentando habilidades como el trabajo en equipo, la empat\u00eda y la autoexpresi\u00f3n en situaciones cotidianas.  <\/p>\n","protected":false},"featured_media":9286,"comment_status":"closed","ping_status":"closed","template":"","meta":{"_acf_changed":false,"_monsterinsights_skip_tracking":false,"_monsterinsights_sitenote_active":false,"_monsterinsights_sitenote_note":"","_monsterinsights_sitenote_category":0},"product_brand":[],"product_cat":[783,835],"product_tag":[790,795],"class_list":{"0":"post-9279","1":"product","2":"type-product","3":"status-publish","4":"has-post-thumbnail","6":"product_cat-comprension-lectora","7":"product_cat-independencia-y-habilidades-para-la-vida","8":"product_tag-comprension-lectora-para-ninos-con-autismo","9":"product_tag-comprension-lectora-para-ninos-autistas","11":"first","12":"instock","13":"downloadable","14":"shipping-taxable","15":"purchasable","16":"product-type-simple"},"acf":[],"aioseo_notices":[],"jetpack_sharing_enabled":true,"_links":{"self":[{"href":"https:\/\/positiveautism.org\/es\/wp-json\/wp\/v2\/product\/9279","targetHints":{"allow":["GET"]}}],"collection":[{"href":"https:\/\/positiveautism.org\/es\/wp-json\/wp\/v2\/product"}],"about":[{"href":"https:\/\/positiveautism.org\/es\/wp-json\/wp\/v2\/types\/product"}],"replies":[{"embeddable":true,"href":"https:\/\/positiveautism.org\/es\/wp-json\/wp\/v2\/comments?post=9279"}],"wp:featuredmedia":[{"embeddable":true,"href":"https:\/\/positiveautism.org\/es\/wp-json\/wp\/v2\/media\/9286"}],"wp:attachment":[{"href":"https:\/\/positiveautism.org\/es\/wp-json\/wp\/v2\/media?parent=9279"}],"wp:term":[{"taxonomy":"product_brand","embeddable":true,"href":"https:\/\/positiveautism.org\/es\/wp-json\/wp\/v2\/product_brand?post=9279"},{"taxonomy":"product_cat","embeddable":true,"href":"https:\/\/positiveautism.org\/es\/wp-json\/wp\/v2\/product_cat?post=9279"},{"taxonomy":"product_tag","embeddable":true,"href":"https:\/\/positiveautism.org\/es\/wp-json\/wp\/v2\/product_tag?post=9279"}],"curies":[{"name":"wp","href":"https:\/\/api.w.org\/{rel}","templated":true}]}}