{"id":9278,"date":"2024-09-12T11:47:43","date_gmt":"2025-04-07T14:48:52","guid":{"rendered":"https:\/\/positiveautism.org\/product\/conversacion-sobre-lo-que-la-otra-persona-quiere-hablar-3-hojas-de-trabajo-de-actividades-para-ensenar-conversacion-y-habilidades-sociales-a-ninos-autistas\/"},"modified":"2025-04-07T10:48:52","modified_gmt":"2025-04-07T14:48:52","slug":"conversacion-sobre-lo-que-la-otra-persona-quiere-hablar-3-hojas-de-trabajo-de-actividades-para-ensenar-conversacion-y-habilidades-sociales-a-ninos-autistas","status":"publish","type":"product","link":"https:\/\/positiveautism.org\/es\/producto\/conversacion-sobre-lo-que-la-otra-persona-quiere-hablar-3-hojas-de-trabajo-de-actividades-para-ensenar-conversacion-y-habilidades-sociales-a-ninos-autistas\/","title":{"rendered":"Conversaci\u00f3n sobre lo que la otra persona quiere hablar 3. (Hojas de trabajo de actividades para ense\u00f1ar conversaci\u00f3n y habilidades sociales a ni\u00f1os autistas)"},"content":{"rendered":"","protected":false},"excerpt":{"rendered":"<p>En este material, los padres y educadores encontrar\u00e1n herramientas para ense\u00f1ar habilidades sociales y de conversaci\u00f3n a ni\u00f1os autistas. A trav\u00e9s de ejemplos pr\u00e1cticos y reglas simples, los gu\u00eda sobre c\u00f3mo iniciar, mantener y finalizar conversaciones de manera respetuosa y efectiva. La atenci\u00f3n se centra en aprender a escuchar, mostrar inter\u00e9s en los temas de la otra persona, turnarse para hablar y mantener una comunicaci\u00f3n positiva. Este material promueve la pr\u00e1ctica de estas habilidades a trav\u00e9s de actividades interactivas y situaciones simuladas, permitiendo a los ni\u00f1os mejorar su capacidad para interactuar socialmente.   <\/p>\n","protected":false},"featured_media":9280,"comment_status":"closed","ping_status":"closed","template":"","meta":{"_acf_changed":false,"_monsterinsights_skip_tracking":false,"_monsterinsights_sitenote_active":false,"_monsterinsights_sitenote_note":"","_monsterinsights_sitenote_category":0},"product_brand":[],"product_cat":[838],"product_tag":[839,841,857],"class_list":{"0":"post-9278","1":"product","2":"type-product","3":"status-publish","4":"has-post-thumbnail","6":"product_cat-habilidades-de-conversacion","7":"product_tag-actividades-de-conversacion-para-ninos-con-autismo","8":"product_tag-actividades-de-conversacion-para-ninos-autistas","9":"product_tag-habilidades-de-conversacion","11":"first","12":"instock","13":"downloadable","14":"shipping-taxable","15":"purchasable","16":"product-type-simple"},"acf":[],"aioseo_notices":[],"jetpack_sharing_enabled":true,"_links":{"self":[{"href":"https:\/\/positiveautism.org\/es\/wp-json\/wp\/v2\/product\/9278","targetHints":{"allow":["GET"]}}],"collection":[{"href":"https:\/\/positiveautism.org\/es\/wp-json\/wp\/v2\/product"}],"about":[{"href":"https:\/\/positiveautism.org\/es\/wp-json\/wp\/v2\/types\/product"}],"replies":[{"embeddable":true,"href":"https:\/\/positiveautism.org\/es\/wp-json\/wp\/v2\/comments?post=9278"}],"wp:featuredmedia":[{"embeddable":true,"href":"https:\/\/positiveautism.org\/es\/wp-json\/wp\/v2\/media\/9280"}],"wp:attachment":[{"href":"https:\/\/positiveautism.org\/es\/wp-json\/wp\/v2\/media?parent=9278"}],"wp:term":[{"taxonomy":"product_brand","embeddable":true,"href":"https:\/\/positiveautism.org\/es\/wp-json\/wp\/v2\/product_brand?post=9278"},{"taxonomy":"product_cat","embeddable":true,"href":"https:\/\/positiveautism.org\/es\/wp-json\/wp\/v2\/product_cat?post=9278"},{"taxonomy":"product_tag","embeddable":true,"href":"https:\/\/positiveautism.org\/es\/wp-json\/wp\/v2\/product_tag?post=9278"}],"curies":[{"name":"wp","href":"https:\/\/api.w.org\/{rel}","templated":true}]}}