{"id":9265,"date":"2024-09-19T14:44:01","date_gmt":"2025-04-07T14:47:46","guid":{"rendered":"https:\/\/positiveautism.org\/product\/el-banquete-de-leo-aprendiendo-modales-en-la-mesa-actividad-para-practicar-la-comprension-lectora-y-las-habilidades-sociales-para-ninos-autistas\/"},"modified":"2025-04-07T10:47:46","modified_gmt":"2025-04-07T14:47:46","slug":"el-banquete-de-leo-aprendiendo-modales-en-la-mesa-actividad-para-practicar-la-comprension-lectora-y-las-habilidades-sociales-para-ninos-autistas","status":"publish","type":"product","link":"https:\/\/positiveautism.org\/es\/producto\/el-banquete-de-leo-aprendiendo-modales-en-la-mesa-actividad-para-practicar-la-comprension-lectora-y-las-habilidades-sociales-para-ninos-autistas\/","title":{"rendered":"El banquete de Leo: Aprendiendo modales en la mesa. (Actividad para practicar la comprensi\u00f3n lectora y las habilidades sociales para ni\u00f1os autistas)"},"content":{"rendered":"","protected":false},"excerpt":{"rendered":"<p>Este material est\u00e1 dise\u00f1ado para ayudar a los padres y educadores a ense\u00f1ar habilidades sociales y pr\u00e1cticas a los ni\u00f1os autistas, centr\u00e1ndose en los modales en la mesa. A trav\u00e9s de cuentos como \u00abEl banquete de Leo\u00bb, los ni\u00f1os aprenden la importancia de seguir reglas simples, como lavarse las manos, usar utensilios y esperar hasta que todos est\u00e9n sentados antes de comer. Adem\u00e1s, se incluyen actividades de juego de roles para permitir que los ni\u00f1os practiquen estas habilidades en situaciones simuladas, lo que hace que el aprendizaje sea divertido y efectivo.  <\/p>\n","protected":false},"featured_media":9269,"comment_status":"closed","ping_status":"closed","template":"","meta":{"_acf_changed":false,"_monsterinsights_skip_tracking":false,"_monsterinsights_sitenote_active":false,"_monsterinsights_sitenote_note":"","_monsterinsights_sitenote_category":0},"product_brand":[],"product_cat":[783,787],"product_tag":[790,867,885,886],"class_list":{"0":"post-9265","1":"product","2":"type-product","3":"status-publish","4":"has-post-thumbnail","6":"product_cat-comprension-lectora","7":"product_cat-habilidades-sociales-y-emocionales","8":"product_tag-comprension-lectora-para-ninos-con-autismo","9":"product_tag-de-la-lectura-a-las-habilidades-sociales-tecnologicas","10":"product_tag-juego-de-comprension-lectora-para-ninos-autistas","11":"product_tag-reglas-a-la-hora-de-comer","13":"first","14":"instock","15":"downloadable","16":"shipping-taxable","17":"purchasable","18":"product-type-simple"},"acf":[],"aioseo_notices":[],"jetpack_sharing_enabled":true,"_links":{"self":[{"href":"https:\/\/positiveautism.org\/es\/wp-json\/wp\/v2\/product\/9265","targetHints":{"allow":["GET"]}}],"collection":[{"href":"https:\/\/positiveautism.org\/es\/wp-json\/wp\/v2\/product"}],"about":[{"href":"https:\/\/positiveautism.org\/es\/wp-json\/wp\/v2\/types\/product"}],"replies":[{"embeddable":true,"href":"https:\/\/positiveautism.org\/es\/wp-json\/wp\/v2\/comments?post=9265"}],"wp:featuredmedia":[{"embeddable":true,"href":"https:\/\/positiveautism.org\/es\/wp-json\/wp\/v2\/media\/9269"}],"wp:attachment":[{"href":"https:\/\/positiveautism.org\/es\/wp-json\/wp\/v2\/media?parent=9265"}],"wp:term":[{"taxonomy":"product_brand","embeddable":true,"href":"https:\/\/positiveautism.org\/es\/wp-json\/wp\/v2\/product_brand?post=9265"},{"taxonomy":"product_cat","embeddable":true,"href":"https:\/\/positiveautism.org\/es\/wp-json\/wp\/v2\/product_cat?post=9265"},{"taxonomy":"product_tag","embeddable":true,"href":"https:\/\/positiveautism.org\/es\/wp-json\/wp\/v2\/product_tag?post=9265"}],"curies":[{"name":"wp","href":"https:\/\/api.w.org\/{rel}","templated":true}]}}