{"id":9263,"date":"2024-09-17T13:12:57","date_gmt":"2025-04-07T14:47:45","guid":{"rendered":"https:\/\/positiveautism.org\/product\/el-viaje-de-lucas-y-sara-aprender-a-administrar-el-dinero-actividad-para-practicar-la-comprension-lectora-y-las-habilidades-para-la-vida-en-ninos-autistas\/"},"modified":"2025-04-07T10:47:45","modified_gmt":"2025-04-07T14:47:45","slug":"el-viaje-de-lucas-y-sara-aprender-a-administrar-el-dinero-actividad-para-practicar-la-comprension-lectora-y-las-habilidades-para-la-vida-en-ninos-autistas","status":"publish","type":"product","link":"https:\/\/positiveautism.org\/es\/producto\/el-viaje-de-lucas-y-sara-aprender-a-administrar-el-dinero-actividad-para-practicar-la-comprension-lectora-y-las-habilidades-para-la-vida-en-ninos-autistas\/","title":{"rendered":"El viaje de Lucas y Sara: aprender a administrar el dinero. (Actividad para practicar la comprensi\u00f3n lectora y las habilidades para la vida en ni\u00f1os autistas)"},"content":{"rendered":"","protected":false},"excerpt":{"rendered":"<p>Este material est\u00e1 dise\u00f1ado para apoyar a los padres y educadores en la ense\u00f1anza de habilidades esenciales para la vida, espec\u00edficamente c\u00f3mo trabajar y administrar el dinero, dirigido a ni\u00f1os y j\u00f3venes autistas. A trav\u00e9s de cuentos como \u00abEl viaje de Lucas y Sara\u00bb, se presentan conceptos clave sobre la importancia de ganar dinero haciendo las tareas del hogar, planificar c\u00f3mo gastarlo de manera responsable y la importancia de ahorrar para el futuro. Adem\u00e1s, se incluyen actividades pr\u00e1cticas y ejemplos de juegos de rol para reforzar estas lecciones, promoviendo la toma de decisiones financieras responsables de una manera divertida y accesible.  <\/p>\n","protected":false},"featured_media":9275,"comment_status":"closed","ping_status":"closed","template":"","meta":{"_acf_changed":false,"_monsterinsights_skip_tracking":false,"_monsterinsights_sitenote_active":false,"_monsterinsights_sitenote_note":"","_monsterinsights_sitenote_category":0},"product_brand":[],"product_cat":[783,835],"product_tag":[790,795,888],"class_list":{"0":"post-9263","1":"product","2":"type-product","3":"status-publish","4":"has-post-thumbnail","6":"product_cat-comprension-lectora","7":"product_cat-independencia-y-habilidades-para-la-vida","8":"product_tag-comprension-lectora-para-ninos-con-autismo","9":"product_tag-comprension-lectora-para-ninos-autistas","10":"product_tag-leer-para-ensenar-a-administrar-el-dinero","12":"first","13":"instock","14":"downloadable","15":"shipping-taxable","16":"purchasable","17":"product-type-simple"},"acf":[],"aioseo_notices":[],"jetpack_sharing_enabled":true,"_links":{"self":[{"href":"https:\/\/positiveautism.org\/es\/wp-json\/wp\/v2\/product\/9263","targetHints":{"allow":["GET"]}}],"collection":[{"href":"https:\/\/positiveautism.org\/es\/wp-json\/wp\/v2\/product"}],"about":[{"href":"https:\/\/positiveautism.org\/es\/wp-json\/wp\/v2\/types\/product"}],"replies":[{"embeddable":true,"href":"https:\/\/positiveautism.org\/es\/wp-json\/wp\/v2\/comments?post=9263"}],"wp:featuredmedia":[{"embeddable":true,"href":"https:\/\/positiveautism.org\/es\/wp-json\/wp\/v2\/media\/9275"}],"wp:attachment":[{"href":"https:\/\/positiveautism.org\/es\/wp-json\/wp\/v2\/media?parent=9263"}],"wp:term":[{"taxonomy":"product_brand","embeddable":true,"href":"https:\/\/positiveautism.org\/es\/wp-json\/wp\/v2\/product_brand?post=9263"},{"taxonomy":"product_cat","embeddable":true,"href":"https:\/\/positiveautism.org\/es\/wp-json\/wp\/v2\/product_cat?post=9263"},{"taxonomy":"product_tag","embeddable":true,"href":"https:\/\/positiveautism.org\/es\/wp-json\/wp\/v2\/product_tag?post=9263"}],"curies":[{"name":"wp","href":"https:\/\/api.w.org\/{rel}","templated":true}]}}