{"id":9262,"date":"2024-09-19T11:11:32","date_gmt":"2025-04-07T14:47:45","guid":{"rendered":"https:\/\/positiveautism.org\/product\/las-aventuras-de-dani-y-el-poder-de-las-manos-limpias-actividad-para-practicar-la-comprension-lectora-y-las-habilidades-sociales-para-ninos-autistas\/"},"modified":"2025-04-07T10:47:45","modified_gmt":"2025-04-07T14:47:45","slug":"las-aventuras-de-dani-y-el-poder-de-las-manos-limpias-actividad-para-practicar-la-comprension-lectora-y-las-habilidades-sociales-para-ninos-autistas","status":"publish","type":"product","link":"https:\/\/positiveautism.org\/es\/producto\/las-aventuras-de-dani-y-el-poder-de-las-manos-limpias-actividad-para-practicar-la-comprension-lectora-y-las-habilidades-sociales-para-ninos-autistas\/","title":{"rendered":"Las aventuras de Dani y el poder de las manos limpias. (Actividad para practicar la comprensi\u00f3n lectora y las habilidades sociales para ni\u00f1os autistas)"},"content":{"rendered":"","protected":false},"excerpt":{"rendered":"<p>Este material est\u00e1 dise\u00f1ado para ayudar a los padres y educadores a ense\u00f1ar habilidades para la vida a los ni\u00f1os autistas a trav\u00e9s de historias atractivas y actividades interactivas de juego de roles. Enfatiza la importancia del lavado de manos para la salud, proporcionando pasos claros y sencillos que los ni\u00f1os pueden seguir f\u00e1cilmente. Adem\u00e1s, el material incluye escenarios de juego de roles que permiten a los ni\u00f1os practicar estas habilidades en situaciones cotidianas, como antes de comer, despu\u00e9s de jugar al aire libre o despu\u00e9s de usar el ba\u00f1o. Estas actividades ayudan a reforzar los buenos h\u00e1bitos de higiene de una manera divertida y accesible para los ni\u00f1os, fomentando la independencia y la conciencia en diversos contextos.   <\/p>\n","protected":false},"featured_media":9267,"comment_status":"closed","ping_status":"closed","template":"","meta":{"_acf_changed":false,"_monsterinsights_skip_tracking":false,"_monsterinsights_sitenote_active":false,"_monsterinsights_sitenote_note":"","_monsterinsights_sitenote_category":0},"product_brand":[],"product_cat":[783,835],"product_tag":[790,795,883,884],"class_list":{"0":"post-9262","1":"product","2":"type-product","3":"status-publish","4":"has-post-thumbnail","6":"product_cat-comprension-lectora","7":"product_cat-independencia-y-habilidades-para-la-vida","8":"product_tag-comprension-lectora-para-ninos-con-autismo","9":"product_tag-comprension-lectora-para-ninos-autistas","10":"product_tag-importancia-de-lavarse-las-manos","11":"product_tag-como-lavarse-las-manos","13":"first","14":"instock","15":"downloadable","16":"shipping-taxable","17":"purchasable","18":"product-type-simple"},"acf":[],"aioseo_notices":[],"jetpack_sharing_enabled":true,"_links":{"self":[{"href":"https:\/\/positiveautism.org\/es\/wp-json\/wp\/v2\/product\/9262","targetHints":{"allow":["GET"]}}],"collection":[{"href":"https:\/\/positiveautism.org\/es\/wp-json\/wp\/v2\/product"}],"about":[{"href":"https:\/\/positiveautism.org\/es\/wp-json\/wp\/v2\/types\/product"}],"replies":[{"embeddable":true,"href":"https:\/\/positiveautism.org\/es\/wp-json\/wp\/v2\/comments?post=9262"}],"wp:featuredmedia":[{"embeddable":true,"href":"https:\/\/positiveautism.org\/es\/wp-json\/wp\/v2\/media\/9267"}],"wp:attachment":[{"href":"https:\/\/positiveautism.org\/es\/wp-json\/wp\/v2\/media?parent=9262"}],"wp:term":[{"taxonomy":"product_brand","embeddable":true,"href":"https:\/\/positiveautism.org\/es\/wp-json\/wp\/v2\/product_brand?post=9262"},{"taxonomy":"product_cat","embeddable":true,"href":"https:\/\/positiveautism.org\/es\/wp-json\/wp\/v2\/product_cat?post=9262"},{"taxonomy":"product_tag","embeddable":true,"href":"https:\/\/positiveautism.org\/es\/wp-json\/wp\/v2\/product_tag?post=9262"}],"curies":[{"name":"wp","href":"https:\/\/api.w.org\/{rel}","templated":true}]}}