{"id":9261,"date":"2024-09-18T10:09:46","date_gmt":"2025-04-07T14:47:45","guid":{"rendered":"https:\/\/positiveautism.org\/product\/conversacion-con-un-amigo-hojas-de-trabajo-para-ensenar-habilidades-de-conversacion-a-ninos-autistas-3\/"},"modified":"2025-04-07T10:47:45","modified_gmt":"2025-04-07T14:47:45","slug":"conversacion-con-un-amigo-hojas-de-trabajo-para-ensenar-habilidades-de-conversacion-a-ninos-autistas-3","status":"publish","type":"product","link":"https:\/\/positiveautism.org\/es\/producto\/conversacion-con-un-amigo-hojas-de-trabajo-para-ensenar-habilidades-de-conversacion-a-ninos-autistas-3\/","title":{"rendered":"Conversaci\u00f3n con un amigo. (Hojas de trabajo para ense\u00f1ar habilidades de conversaci\u00f3n a ni\u00f1os autistas)"},"content":{"rendered":"","protected":false},"excerpt":{"rendered":"<p>Este material est\u00e1 dise\u00f1ado para ayudar a los padres y educadores a ense\u00f1ar habilidades sociales y de conversaci\u00f3n a los ni\u00f1os autistas, proporcionando estrategias pr\u00e1cticas para superar las dificultades comunes para iniciar o mantener una conversaci\u00f3n. A trav\u00e9s de ejemplos sencillos y ejercicios de pr\u00e1ctica, los ni\u00f1os aprender\u00e1n a hacer preguntas, expresar sus sentimientos y escuchar activamente a los dem\u00e1s. Las actividades incluidas promueven la interacci\u00f3n en un entorno seguro, lo que permite a los ni\u00f1os practicar habilidades como tomar turnos al hablar y elegir temas de inter\u00e9s mutuo. Adem\u00e1s, se brindan recomendaciones para que los padres y educadores puedan orientar y apoyar este aprendizaje de manera gradual y efectiva.   <\/p>\n","protected":false},"featured_media":9264,"comment_status":"closed","ping_status":"closed","template":"","meta":{"_acf_changed":false,"_monsterinsights_skip_tracking":false,"_monsterinsights_sitenote_active":false,"_monsterinsights_sitenote_note":"","_monsterinsights_sitenote_category":0},"product_brand":[],"product_cat":[787,838],"product_tag":[843,854],"class_list":{"0":"post-9261","1":"product","2":"type-product","3":"status-publish","4":"has-post-thumbnail","6":"product_cat-habilidades-sociales-y-emocionales","7":"product_cat-habilidades-de-conversacion","8":"product_tag-como-ensenar-habilidades-de-conversacion-a-personas-con-autismo","9":"product_tag-hojas-de-trabajo-para-ensenar-habilidades-de-conversacion-a-ninos-autistas","11":"first","12":"instock","13":"downloadable","14":"shipping-taxable","15":"purchasable","16":"product-type-simple"},"acf":[],"aioseo_notices":[],"jetpack_sharing_enabled":true,"_links":{"self":[{"href":"https:\/\/positiveautism.org\/es\/wp-json\/wp\/v2\/product\/9261","targetHints":{"allow":["GET"]}}],"collection":[{"href":"https:\/\/positiveautism.org\/es\/wp-json\/wp\/v2\/product"}],"about":[{"href":"https:\/\/positiveautism.org\/es\/wp-json\/wp\/v2\/types\/product"}],"replies":[{"embeddable":true,"href":"https:\/\/positiveautism.org\/es\/wp-json\/wp\/v2\/comments?post=9261"}],"wp:featuredmedia":[{"embeddable":true,"href":"https:\/\/positiveautism.org\/es\/wp-json\/wp\/v2\/media\/9264"}],"wp:attachment":[{"href":"https:\/\/positiveautism.org\/es\/wp-json\/wp\/v2\/media?parent=9261"}],"wp:term":[{"taxonomy":"product_brand","embeddable":true,"href":"https:\/\/positiveautism.org\/es\/wp-json\/wp\/v2\/product_brand?post=9261"},{"taxonomy":"product_cat","embeddable":true,"href":"https:\/\/positiveautism.org\/es\/wp-json\/wp\/v2\/product_cat?post=9261"},{"taxonomy":"product_tag","embeddable":true,"href":"https:\/\/positiveautism.org\/es\/wp-json\/wp\/v2\/product_tag?post=9261"}],"curies":[{"name":"wp","href":"https:\/\/api.w.org\/{rel}","templated":true}]}}