{"id":9258,"date":"2024-09-23T10:59:27","date_gmt":"2025-04-07T14:47:40","guid":{"rendered":"https:\/\/positiveautism.org\/product\/emociones-preocupacion-hojas-de-trabajo-de-actividades-para-ensenar-habilidades-sociales-y-emocionales-a-ninos-autistas\/"},"modified":"2025-04-07T10:47:40","modified_gmt":"2025-04-07T14:47:40","slug":"emociones-preocupacion-hojas-de-trabajo-de-actividades-para-ensenar-habilidades-sociales-y-emocionales-a-ninos-autistas","status":"publish","type":"product","link":"https:\/\/positiveautism.org\/es\/producto\/emociones-preocupacion-hojas-de-trabajo-de-actividades-para-ensenar-habilidades-sociales-y-emocionales-a-ninos-autistas\/","title":{"rendered":"Emociones: Preocupaci\u00f3n. (Hojas de trabajo de actividades para ense\u00f1ar habilidades sociales y emocionales a ni\u00f1os autistas)"},"content":{"rendered":"","protected":false},"excerpt":{"rendered":"<p>Este material est\u00e1 dise\u00f1ado para padres y educadores con el prop\u00f3sito de ense\u00f1ar habilidades emocionales a ni\u00f1os autistas, espec\u00edficamente c\u00f3mo manejar la preocupaci\u00f3n. A trav\u00e9s de ejemplos pr\u00e1cticos y situaciones comunes, como cambios familiares o problemas relacionados con la escuela, se gu\u00eda a los ni\u00f1os para que identifiquen la emoci\u00f3n de la preocupaci\u00f3n, entiendan por qu\u00e9 sucede y aprendan formas efectivas de manejarla. Los ejercicios incluidos fomentan la reflexi\u00f3n y el di\u00e1logo abierto, ayudando a los ni\u00f1os a expresar sus sentimientos y a buscar el apoyo de personas de confianza. Este enfoque promueve el bienestar emocional y refuerza la importancia de pedir ayuda cuando se necesita.   <\/p>\n","protected":false},"featured_media":9259,"comment_status":"closed","ping_status":"closed","template":"","meta":{"_acf_changed":false,"_monsterinsights_skip_tracking":false,"_monsterinsights_sitenote_active":false,"_monsterinsights_sitenote_note":"","_monsterinsights_sitenote_category":0},"product_brand":[],"product_cat":[787],"product_tag":[880,881,882],"class_list":{"0":"post-9258","1":"product","2":"type-product","3":"status-publish","4":"has-post-thumbnail","6":"product_cat-habilidades-sociales-y-emocionales","7":"product_tag-ensenando-emociones-a-ninos-autistas","8":"product_tag-preocupacion-por-los-ninos-autistas","9":"product_tag-actividades-para-ensenar-habilidades-emocionales","11":"first","12":"instock","13":"downloadable","14":"shipping-taxable","15":"purchasable","16":"product-type-simple"},"acf":[],"aioseo_notices":[],"jetpack_sharing_enabled":true,"_links":{"self":[{"href":"https:\/\/positiveautism.org\/es\/wp-json\/wp\/v2\/product\/9258","targetHints":{"allow":["GET"]}}],"collection":[{"href":"https:\/\/positiveautism.org\/es\/wp-json\/wp\/v2\/product"}],"about":[{"href":"https:\/\/positiveautism.org\/es\/wp-json\/wp\/v2\/types\/product"}],"replies":[{"embeddable":true,"href":"https:\/\/positiveautism.org\/es\/wp-json\/wp\/v2\/comments?post=9258"}],"wp:featuredmedia":[{"embeddable":true,"href":"https:\/\/positiveautism.org\/es\/wp-json\/wp\/v2\/media\/9259"}],"wp:attachment":[{"href":"https:\/\/positiveautism.org\/es\/wp-json\/wp\/v2\/media?parent=9258"}],"wp:term":[{"taxonomy":"product_brand","embeddable":true,"href":"https:\/\/positiveautism.org\/es\/wp-json\/wp\/v2\/product_brand?post=9258"},{"taxonomy":"product_cat","embeddable":true,"href":"https:\/\/positiveautism.org\/es\/wp-json\/wp\/v2\/product_cat?post=9258"},{"taxonomy":"product_tag","embeddable":true,"href":"https:\/\/positiveautism.org\/es\/wp-json\/wp\/v2\/product_tag?post=9258"}],"curies":[{"name":"wp","href":"https:\/\/api.w.org\/{rel}","templated":true}]}}