{"id":9255,"date":"2024-09-26T18:07:05","date_gmt":"2025-04-07T14:47:39","guid":{"rendered":"https:\/\/positiveautism.org\/product\/la-historia-de-mateo-mi-sueno-de-ser-profesor-de-matematicas-actividad-para-practicar-la-comprension-lectora-y-las-habilidades-para-la-vida-en-ninos-autistas\/"},"modified":"2025-04-07T10:47:39","modified_gmt":"2025-04-07T14:47:39","slug":"la-historia-de-mateo-mi-sueno-de-ser-profesor-de-matematicas-actividad-para-practicar-la-comprension-lectora-y-las-habilidades-para-la-vida-en-ninos-autistas","status":"publish","type":"product","link":"https:\/\/positiveautism.org\/es\/producto\/la-historia-de-mateo-mi-sueno-de-ser-profesor-de-matematicas-actividad-para-practicar-la-comprension-lectora-y-las-habilidades-para-la-vida-en-ninos-autistas\/","title":{"rendered":"La historia de Mateo: Mi sue\u00f1o de ser profesor de matem\u00e1ticas. (Actividad para practicar la comprensi\u00f3n lectora y las habilidades para la vida en ni\u00f1os autistas)"},"content":{"rendered":"","protected":false},"excerpt":{"rendered":"<p>Este material proporciona a los padres y educadores recursos para trabajar la comprensi\u00f3n lectora y ense\u00f1ar las habilidades sociales necesarias para que los ni\u00f1os y j\u00f3venes alcancen sus sue\u00f1os. A trav\u00e9s de la historia de Mateo, que sue\u00f1a con ser profesor de matem\u00e1ticas, se introducen temas como la paciencia, la empat\u00eda y la importancia de aprender de los errores. Adem\u00e1s, se incluyen actividades de juego de roles para permitir que los ni\u00f1os practiquen lo que han aprendido, ayud\u00e1ndoles a desarrollar habilidades sociales clave como la escucha activa, la paciencia y la flexibilidad a la hora de ense\u00f1ar. Todo ello se hace de forma pr\u00e1ctica y amena, por lo que es ideal para facilitar el aprendizaje y fomentar la confianza en uno mismo.   <\/p>\n","protected":false},"featured_media":9256,"comment_status":"closed","ping_status":"closed","template":"","meta":{"_acf_changed":false,"_monsterinsights_skip_tracking":false,"_monsterinsights_sitenote_active":false,"_monsterinsights_sitenote_note":"","_monsterinsights_sitenote_category":0},"product_brand":[],"product_cat":[783,835],"product_tag":[795,798,872],"class_list":{"0":"post-9255","1":"product","2":"type-product","3":"status-publish","4":"has-post-thumbnail","6":"product_cat-comprension-lectora","7":"product_cat-independencia-y-habilidades-para-la-vida","8":"product_tag-comprension-lectora-para-ninos-autistas","9":"product_tag-comprension-lectora-para-ninos-con-autismo-es","10":"product_tag-leer-para-ensenar-a-los-jovenes-autistas-a-seguir-sus-suenos","12":"first","13":"instock","14":"downloadable","15":"shipping-taxable","16":"purchasable","17":"product-type-simple"},"acf":[],"aioseo_notices":[],"jetpack_sharing_enabled":true,"_links":{"self":[{"href":"https:\/\/positiveautism.org\/es\/wp-json\/wp\/v2\/product\/9255","targetHints":{"allow":["GET"]}}],"collection":[{"href":"https:\/\/positiveautism.org\/es\/wp-json\/wp\/v2\/product"}],"about":[{"href":"https:\/\/positiveautism.org\/es\/wp-json\/wp\/v2\/types\/product"}],"replies":[{"embeddable":true,"href":"https:\/\/positiveautism.org\/es\/wp-json\/wp\/v2\/comments?post=9255"}],"wp:featuredmedia":[{"embeddable":true,"href":"https:\/\/positiveautism.org\/es\/wp-json\/wp\/v2\/media\/9256"}],"wp:attachment":[{"href":"https:\/\/positiveautism.org\/es\/wp-json\/wp\/v2\/media?parent=9255"}],"wp:term":[{"taxonomy":"product_brand","embeddable":true,"href":"https:\/\/positiveautism.org\/es\/wp-json\/wp\/v2\/product_brand?post=9255"},{"taxonomy":"product_cat","embeddable":true,"href":"https:\/\/positiveautism.org\/es\/wp-json\/wp\/v2\/product_cat?post=9255"},{"taxonomy":"product_tag","embeddable":true,"href":"https:\/\/positiveautism.org\/es\/wp-json\/wp\/v2\/product_tag?post=9255"}],"curies":[{"name":"wp","href":"https:\/\/api.w.org\/{rel}","templated":true}]}}