{"id":9249,"date":"2024-09-24T15:35:57","date_gmt":"2025-04-07T14:47:36","guid":{"rendered":"https:\/\/positiveautism.org\/product\/la-aventura-de-clara-usar-mis-palabras-para-expresarme-actividad-para-practicar-la-comprension-lectora-habilidades-sociales-y-emocionales-para-ninos-autistas\/"},"modified":"2025-04-07T10:47:36","modified_gmt":"2025-04-07T14:47:36","slug":"la-aventura-de-clara-usar-mis-palabras-para-expresarme-actividad-para-practicar-la-comprension-lectora-habilidades-sociales-y-emocionales-para-ninos-autistas","status":"publish","type":"product","link":"https:\/\/positiveautism.org\/es\/producto\/la-aventura-de-clara-usar-mis-palabras-para-expresarme-actividad-para-practicar-la-comprension-lectora-habilidades-sociales-y-emocionales-para-ninos-autistas\/","title":{"rendered":"La aventura de Clara: usar mis palabras para expresarme. (Actividad para practicar la comprensi\u00f3n lectora, habilidades sociales y emocionales para ni\u00f1os autistas)"},"content":{"rendered":"","protected":false},"excerpt":{"rendered":"<p>En este material, los padres y educadores encontrar\u00e1n una herramienta valiosa para apoyar a los ni\u00f1os, particularmente a los ni\u00f1os autistas, en el desarrollo de la comprensi\u00f3n lectora y las habilidades sociales. A trav\u00e9s de la historia de Clara, se anima a los ni\u00f1os a practicar la expresi\u00f3n de sus sentimientos, necesidades y opiniones mediante una comunicaci\u00f3n clara y respetuosa. El material proporciona escenarios de juego de roles que permiten a los ni\u00f1os ensayar estas habilidades esenciales en una variedad de situaciones cotidianas, desde pedir ayuda en clase hasta expresar malestar o preferencias. Este enfoque pr\u00e1ctico ayuda a fomentar la confianza en s\u00ed mismo y mejora la interacci\u00f3n social, al tiempo que mejora su capacidad para comunicarse eficazmente con los dem\u00e1s.   <\/p>\n","protected":false},"featured_media":9251,"comment_status":"closed","ping_status":"closed","template":"","meta":{"_acf_changed":false,"_monsterinsights_skip_tracking":false,"_monsterinsights_sitenote_active":false,"_monsterinsights_sitenote_note":"","_monsterinsights_sitenote_category":0},"product_brand":[],"product_cat":[741,783,787],"product_tag":[795,808,876,878],"class_list":{"0":"post-9249","1":"product","2":"type-product","3":"status-publish","4":"has-post-thumbnail","6":"product_cat-comunicacion-y-lenguaje","7":"product_cat-comprension-lectora","8":"product_cat-habilidades-sociales-y-emocionales","9":"product_tag-comprension-lectora-para-ninos-autistas","10":"product_tag-habilidades-sociales-para-ninos-autistas","11":"product_tag-leer-para-ensenar-a-los-ninos-autistas-a-usar-las-palabras","12":"product_tag-ensenele-a-usar-las-palabras-para-expresarse","14":"first","15":"instock","16":"downloadable","17":"shipping-taxable","18":"purchasable","19":"product-type-simple"},"acf":[],"aioseo_notices":[],"jetpack_sharing_enabled":true,"_links":{"self":[{"href":"https:\/\/positiveautism.org\/es\/wp-json\/wp\/v2\/product\/9249","targetHints":{"allow":["GET"]}}],"collection":[{"href":"https:\/\/positiveautism.org\/es\/wp-json\/wp\/v2\/product"}],"about":[{"href":"https:\/\/positiveautism.org\/es\/wp-json\/wp\/v2\/types\/product"}],"replies":[{"embeddable":true,"href":"https:\/\/positiveautism.org\/es\/wp-json\/wp\/v2\/comments?post=9249"}],"wp:featuredmedia":[{"embeddable":true,"href":"https:\/\/positiveautism.org\/es\/wp-json\/wp\/v2\/media\/9251"}],"wp:attachment":[{"href":"https:\/\/positiveautism.org\/es\/wp-json\/wp\/v2\/media?parent=9249"}],"wp:term":[{"taxonomy":"product_brand","embeddable":true,"href":"https:\/\/positiveautism.org\/es\/wp-json\/wp\/v2\/product_brand?post=9249"},{"taxonomy":"product_cat","embeddable":true,"href":"https:\/\/positiveautism.org\/es\/wp-json\/wp\/v2\/product_cat?post=9249"},{"taxonomy":"product_tag","embeddable":true,"href":"https:\/\/positiveautism.org\/es\/wp-json\/wp\/v2\/product_tag?post=9249"}],"curies":[{"name":"wp","href":"https:\/\/api.w.org\/{rel}","templated":true}]}}