{"id":9239,"date":"2024-09-25T13:09:28","date_gmt":"2025-04-07T14:47:36","guid":{"rendered":"https:\/\/positiveautism.org\/product\/conversacion-con-un-amigo-hojas-de-trabajo-para-ensenar-habilidades-de-conversacion-a-ninos-autistas-2\/"},"modified":"2025-04-07T10:47:36","modified_gmt":"2025-04-07T14:47:36","slug":"conversacion-con-un-amigo-hojas-de-trabajo-para-ensenar-habilidades-de-conversacion-a-ninos-autistas-2","status":"publish","type":"product","link":"https:\/\/positiveautism.org\/es\/producto\/conversacion-con-un-amigo-hojas-de-trabajo-para-ensenar-habilidades-de-conversacion-a-ninos-autistas-2\/","title":{"rendered":"Conversaci\u00f3n con un amigo. (Hojas de trabajo para ense\u00f1ar habilidades de conversaci\u00f3n a ni\u00f1os autistas)"},"content":{"rendered":"","protected":false},"excerpt":{"rendered":"<div class=\"flex-shrink-0 flex flex-col relative items-end\">\n<div>\n<div class=\"pt-0\">\n<div class=\"gizmo-bot-avatar flex h-8 w-8 items-center justify-center overflow-hidden rounded-full\">\n<div class=\"relative p-1 rounded-sm flex items-center justify-center bg-token-main-surface-primary text-token-text-primary h-8 w-8\">Este material est\u00e1 dise\u00f1ado para padres y educadores como una herramienta pr\u00e1ctica para ense\u00f1ar a los ni\u00f1os autistas habilidades sociales centradas en la conversaci\u00f3n. A trav\u00e9s de actividades interactivas y reglas claras, los ni\u00f1os aprender\u00e1n c\u00f3mo iniciar, mantener y concluir conversaciones de manera efectiva. El contenido les ayudar\u00e1 a desarrollar empat\u00eda, a turnarse para hablar, a comprender las expresiones de los dem\u00e1s y a elegir temas de conversaci\u00f3n que interesen a ambas partes. Estas habilidades fomentan los lazos sociales y mejoran la comunicaci\u00f3n, ayudando a los ni\u00f1os a sentirse m\u00e1s c\u00f3modos en sus interacciones diarias.   <\/div>\n<\/div>\n<\/div>\n<\/div>\n<\/div>\n","protected":false},"featured_media":9243,"comment_status":"closed","ping_status":"closed","template":"","meta":{"_acf_changed":false,"_monsterinsights_skip_tracking":false,"_monsterinsights_sitenote_active":false,"_monsterinsights_sitenote_note":"","_monsterinsights_sitenote_category":0},"product_brand":[],"product_cat":[787,838],"product_tag":[839,843,847],"class_list":{"0":"post-9239","1":"product","2":"type-product","3":"status-publish","4":"has-post-thumbnail","6":"product_cat-habilidades-sociales-y-emocionales","7":"product_cat-habilidades-de-conversacion","8":"product_tag-actividades-de-conversacion-para-ninos-con-autismo","9":"product_tag-como-ensenar-habilidades-de-conversacion-a-personas-con-autismo","10":"product_tag-actividades-para-ensenar-habilidades-sociales-a-ninos-con-autismo","12":"first","13":"instock","14":"downloadable","15":"shipping-taxable","16":"purchasable","17":"product-type-simple"},"acf":[],"aioseo_notices":[],"jetpack_sharing_enabled":true,"_links":{"self":[{"href":"https:\/\/positiveautism.org\/es\/wp-json\/wp\/v2\/product\/9239","targetHints":{"allow":["GET"]}}],"collection":[{"href":"https:\/\/positiveautism.org\/es\/wp-json\/wp\/v2\/product"}],"about":[{"href":"https:\/\/positiveautism.org\/es\/wp-json\/wp\/v2\/types\/product"}],"replies":[{"embeddable":true,"href":"https:\/\/positiveautism.org\/es\/wp-json\/wp\/v2\/comments?post=9239"}],"wp:featuredmedia":[{"embeddable":true,"href":"https:\/\/positiveautism.org\/es\/wp-json\/wp\/v2\/media\/9243"}],"wp:attachment":[{"href":"https:\/\/positiveautism.org\/es\/wp-json\/wp\/v2\/media?parent=9239"}],"wp:term":[{"taxonomy":"product_brand","embeddable":true,"href":"https:\/\/positiveautism.org\/es\/wp-json\/wp\/v2\/product_brand?post=9239"},{"taxonomy":"product_cat","embeddable":true,"href":"https:\/\/positiveautism.org\/es\/wp-json\/wp\/v2\/product_cat?post=9239"},{"taxonomy":"product_tag","embeddable":true,"href":"https:\/\/positiveautism.org\/es\/wp-json\/wp\/v2\/product_tag?post=9239"}],"curies":[{"name":"wp","href":"https:\/\/api.w.org\/{rel}","templated":true}]}}