{"id":9238,"date":"2024-09-20T12:28:59","date_gmt":"2025-04-07T14:47:36","guid":{"rendered":"https:\/\/positiveautism.org\/product\/emociones-miedo-hojas-de-trabajo-de-actividades-para-ensenar-habilidades-sociales-y-emocionales-a-ninos-autistas\/"},"modified":"2025-04-07T10:47:36","modified_gmt":"2025-04-07T14:47:36","slug":"emociones-miedo-hojas-de-trabajo-de-actividades-para-ensenar-habilidades-sociales-y-emocionales-a-ninos-autistas","status":"publish","type":"product","link":"https:\/\/positiveautism.org\/es\/producto\/emociones-miedo-hojas-de-trabajo-de-actividades-para-ensenar-habilidades-sociales-y-emocionales-a-ninos-autistas\/","title":{"rendered":"Emociones &#8211; Miedo. (Hojas de trabajo de actividades para ense\u00f1ar habilidades sociales y emocionales a ni\u00f1os autistas)"},"content":{"rendered":"","protected":false},"excerpt":{"rendered":"<p>Este material est\u00e1 dise\u00f1ado para ayudar a los padres y educadores a ense\u00f1ar a los ni\u00f1os autistas a identificar, comprender y manejar sus emociones, particularmente el miedo. A trav\u00e9s de ejemplos pr\u00e1cticos y actividades interactivas, los ni\u00f1os aprender\u00e1n que el miedo es una emoci\u00f3n normal que todos experimentamos en situaciones nuevas, peligrosas o inc\u00f3modas. El material fomenta el di\u00e1logo abierto sobre los miedos y proporciona estrategias para enfrentarlos, como hablar con una persona de confianza y aprender a lidiar con situaciones que inducen ansiedad. Adem\u00e1s, incluye ejercicios que permiten a los ni\u00f1os expresar sus sentimientos y practicar habilidades para superar el miedo de manera segura y efectiva.   <\/p>\n","protected":false},"featured_media":9246,"comment_status":"closed","ping_status":"closed","template":"","meta":{"_acf_changed":false,"_monsterinsights_skip_tracking":false,"_monsterinsights_sitenote_active":false,"_monsterinsights_sitenote_note":"","_monsterinsights_sitenote_category":0},"product_brand":[],"product_cat":[787],"product_tag":[831,857,874,875],"class_list":{"0":"post-9238","1":"product","2":"type-product","3":"status-publish","4":"has-post-thumbnail","6":"product_cat-habilidades-sociales-y-emocionales","7":"product_tag-actividades-para-ensenar-habilidades-sociales-y-emocionales-a-ninos-autistas","8":"product_tag-habilidades-de-conversacion","9":"product_tag-como-ensenar-a-los-ninos-autistas-a-reconocer-las-emociones","10":"product_tag-reconocer-cuando-alguien-esta-asustado","12":"first","13":"instock","14":"downloadable","15":"shipping-taxable","16":"purchasable","17":"product-type-simple"},"acf":[],"aioseo_notices":[],"jetpack_sharing_enabled":true,"_links":{"self":[{"href":"https:\/\/positiveautism.org\/es\/wp-json\/wp\/v2\/product\/9238","targetHints":{"allow":["GET"]}}],"collection":[{"href":"https:\/\/positiveautism.org\/es\/wp-json\/wp\/v2\/product"}],"about":[{"href":"https:\/\/positiveautism.org\/es\/wp-json\/wp\/v2\/types\/product"}],"replies":[{"embeddable":true,"href":"https:\/\/positiveautism.org\/es\/wp-json\/wp\/v2\/comments?post=9238"}],"wp:featuredmedia":[{"embeddable":true,"href":"https:\/\/positiveautism.org\/es\/wp-json\/wp\/v2\/media\/9246"}],"wp:attachment":[{"href":"https:\/\/positiveautism.org\/es\/wp-json\/wp\/v2\/media?parent=9238"}],"wp:term":[{"taxonomy":"product_brand","embeddable":true,"href":"https:\/\/positiveautism.org\/es\/wp-json\/wp\/v2\/product_brand?post=9238"},{"taxonomy":"product_cat","embeddable":true,"href":"https:\/\/positiveautism.org\/es\/wp-json\/wp\/v2\/product_cat?post=9238"},{"taxonomy":"product_tag","embeddable":true,"href":"https:\/\/positiveautism.org\/es\/wp-json\/wp\/v2\/product_tag?post=9238"}],"curies":[{"name":"wp","href":"https:\/\/api.w.org\/{rel}","templated":true}]}}