{"id":9237,"date":"2024-09-23T12:43:17","date_gmt":"2025-04-07T14:47:36","guid":{"rendered":"https:\/\/positiveautism.org\/product\/el-viaje-de-luna-y-sol-aprendiendo-a-brillar-en-el-mundo-actividad-para-practicar-la-comprension-lectora-las-habilidades-sociales-y-emocionales-para-ninos-autistas\/"},"modified":"2025-04-07T10:47:36","modified_gmt":"2025-04-07T14:47:36","slug":"el-viaje-de-luna-y-sol-aprendiendo-a-brillar-en-el-mundo-actividad-para-practicar-la-comprension-lectora-las-habilidades-sociales-y-emocionales-para-ninos-autistas","status":"publish","type":"product","link":"https:\/\/positiveautism.org\/es\/producto\/el-viaje-de-luna-y-sol-aprendiendo-a-brillar-en-el-mundo-actividad-para-practicar-la-comprension-lectora-las-habilidades-sociales-y-emocionales-para-ninos-autistas\/","title":{"rendered":"El viaje de Luna y Sol: aprendiendo a brillar en el mundo. (Actividad para practicar la comprensi\u00f3n lectora, las habilidades sociales y emocionales para ni\u00f1os autistas)"},"content":{"rendered":"","protected":false},"excerpt":{"rendered":"<div class=\"flex-shrink-0 flex flex-col relative items-end\">\n<div>\n<div class=\"pt-0\">\n<div class=\"gizmo-bot-avatar flex h-8 w-8 items-center justify-center overflow-hidden rounded-full\">\n<div class=\"relative p-1 rounded-sm flex items-center justify-center bg-token-main-surface-primary text-token-text-primary h-8 w-8\">Este material est\u00e1 dise\u00f1ado para padres y educadores que buscan ense\u00f1ar comprensi\u00f3n lectora y habilidades socioemocionales a ni\u00f1os autistas. A trav\u00e9s de cuentos como \u00abEl viaje de Luna y Sol\u00bb, los ni\u00f1os pueden identificarse con los personajes mientras aprenden la importancia de habilidades como la comunicaci\u00f3n, el trabajo en equipo y la expresi\u00f3n de emociones. El contenido incluye preguntas para reflexionar sobre la lectura y actividades de juego de roles que permiten a los ni\u00f1os practicar lo aprendido de forma interactiva, aplicando estas habilidades a situaciones cotidianas como hacer amigos o trabajar en equipo.  <\/div>\n<\/div>\n<\/div>\n<\/div>\n<\/div>\n","protected":false},"featured_media":9240,"comment_status":"closed","ping_status":"closed","template":"","meta":{"_acf_changed":false,"_monsterinsights_skip_tracking":false,"_monsterinsights_sitenote_active":false,"_monsterinsights_sitenote_note":"","_monsterinsights_sitenote_category":0},"product_brand":[],"product_cat":[783,787],"product_tag":[790,795,867],"class_list":{"0":"post-9237","1":"product","2":"type-product","3":"status-publish","4":"has-post-thumbnail","6":"product_cat-comprension-lectora","7":"product_cat-habilidades-sociales-y-emocionales","8":"product_tag-comprension-lectora-para-ninos-con-autismo","9":"product_tag-comprension-lectora-para-ninos-autistas","10":"product_tag-de-la-lectura-a-las-habilidades-sociales-tecnologicas","12":"first","13":"instock","14":"downloadable","15":"shipping-taxable","16":"purchasable","17":"product-type-simple"},"acf":[],"aioseo_notices":[],"jetpack_sharing_enabled":true,"_links":{"self":[{"href":"https:\/\/positiveautism.org\/es\/wp-json\/wp\/v2\/product\/9237","targetHints":{"allow":["GET"]}}],"collection":[{"href":"https:\/\/positiveautism.org\/es\/wp-json\/wp\/v2\/product"}],"about":[{"href":"https:\/\/positiveautism.org\/es\/wp-json\/wp\/v2\/types\/product"}],"replies":[{"embeddable":true,"href":"https:\/\/positiveautism.org\/es\/wp-json\/wp\/v2\/comments?post=9237"}],"wp:featuredmedia":[{"embeddable":true,"href":"https:\/\/positiveautism.org\/es\/wp-json\/wp\/v2\/media\/9240"}],"wp:attachment":[{"href":"https:\/\/positiveautism.org\/es\/wp-json\/wp\/v2\/media?parent=9237"}],"wp:term":[{"taxonomy":"product_brand","embeddable":true,"href":"https:\/\/positiveautism.org\/es\/wp-json\/wp\/v2\/product_brand?post=9237"},{"taxonomy":"product_cat","embeddable":true,"href":"https:\/\/positiveautism.org\/es\/wp-json\/wp\/v2\/product_cat?post=9237"},{"taxonomy":"product_tag","embeddable":true,"href":"https:\/\/positiveautism.org\/es\/wp-json\/wp\/v2\/product_tag?post=9237"}],"curies":[{"name":"wp","href":"https:\/\/api.w.org\/{rel}","templated":true}]}}