{"id":9229,"date":"2024-09-30T11:57:51","date_gmt":"2025-04-07T14:47:35","guid":{"rendered":"https:\/\/positiveautism.org\/product\/la-aventura-de-alex-luchando-por-mis-suenos-en-el-arte-actividad-para-practicar-la-comprension-lectora-y-las-habilidades-sociales-para-ninos-autistas\/"},"modified":"2025-04-07T10:47:35","modified_gmt":"2025-04-07T14:47:35","slug":"la-aventura-de-alex-luchando-por-mis-suenos-en-el-arte-actividad-para-practicar-la-comprension-lectora-y-las-habilidades-sociales-para-ninos-autistas","status":"publish","type":"product","link":"https:\/\/positiveautism.org\/es\/producto\/la-aventura-de-alex-luchando-por-mis-suenos-en-el-arte-actividad-para-practicar-la-comprension-lectora-y-las-habilidades-sociales-para-ninos-autistas\/","title":{"rendered":"La aventura de Alex: Luchando por mis sue\u00f1os en el arte. (Actividad para practicar la comprensi\u00f3n lectora y las habilidades sociales para ni\u00f1os autistas)"},"content":{"rendered":"","protected":false},"excerpt":{"rendered":"<p>Este material proporciona a los padres y educadores una herramienta integral para trabajar en la comprensi\u00f3n lectora y el desarrollo de habilidades sociales en los ni\u00f1os, particularmente en aquellos en el espectro autista. A trav\u00e9s de la atractiva historia de Alex, quien supera los desaf\u00edos de comunicaci\u00f3n mientras persigue su sue\u00f1o de convertirse en artista, el contenido alienta a los ni\u00f1os a practicar tanto la autoexpresi\u00f3n como la perseverancia. Adem\u00e1s, el material incluye juegos de rol interactivos dise\u00f1ados para reforzar las lecciones aprendidas en la historia. Estas actividades se centran en la interacci\u00f3n social, el fomento de la confianza y la expresi\u00f3n de ideas y sentimientos en diversos escenarios, ofreciendo formas pr\u00e1cticas para que los ni\u00f1os apliquen lo que han aprendido sobre la comunicaci\u00f3n y la persecuci\u00f3n de sus sue\u00f1os.   <\/p>\n","protected":false},"featured_media":9231,"comment_status":"closed","ping_status":"closed","template":"","meta":{"_acf_changed":false,"_monsterinsights_skip_tracking":false,"_monsterinsights_sitenote_active":false,"_monsterinsights_sitenote_note":"","_monsterinsights_sitenote_category":0},"product_brand":[],"product_cat":[783,787],"product_tag":[798,872,873],"class_list":{"0":"post-9229","1":"product","2":"type-product","3":"status-publish","4":"has-post-thumbnail","6":"product_cat-comprension-lectora","7":"product_cat-habilidades-sociales-y-emocionales","8":"product_tag-comprension-lectora-para-ninos-con-autismo-es","9":"product_tag-leer-para-ensenar-a-los-jovenes-autistas-a-seguir-sus-suenos","10":"product_tag-lectura-para-que-las-personas-autistas-entiendan-la-importancia-de-aprender-habilidades-sociales","12":"first","13":"instock","14":"downloadable","15":"shipping-taxable","16":"purchasable","17":"product-type-simple"},"acf":[],"aioseo_notices":[],"jetpack_sharing_enabled":true,"_links":{"self":[{"href":"https:\/\/positiveautism.org\/es\/wp-json\/wp\/v2\/product\/9229","targetHints":{"allow":["GET"]}}],"collection":[{"href":"https:\/\/positiveautism.org\/es\/wp-json\/wp\/v2\/product"}],"about":[{"href":"https:\/\/positiveautism.org\/es\/wp-json\/wp\/v2\/types\/product"}],"replies":[{"embeddable":true,"href":"https:\/\/positiveautism.org\/es\/wp-json\/wp\/v2\/comments?post=9229"}],"wp:featuredmedia":[{"embeddable":true,"href":"https:\/\/positiveautism.org\/es\/wp-json\/wp\/v2\/media\/9231"}],"wp:attachment":[{"href":"https:\/\/positiveautism.org\/es\/wp-json\/wp\/v2\/media?parent=9229"}],"wp:term":[{"taxonomy":"product_brand","embeddable":true,"href":"https:\/\/positiveautism.org\/es\/wp-json\/wp\/v2\/product_brand?post=9229"},{"taxonomy":"product_cat","embeddable":true,"href":"https:\/\/positiveautism.org\/es\/wp-json\/wp\/v2\/product_cat?post=9229"},{"taxonomy":"product_tag","embeddable":true,"href":"https:\/\/positiveautism.org\/es\/wp-json\/wp\/v2\/product_tag?post=9229"}],"curies":[{"name":"wp","href":"https:\/\/api.w.org\/{rel}","templated":true}]}}