{"id":9220,"date":"2024-10-03T11:19:06","date_gmt":"2025-04-07T14:47:27","guid":{"rendered":"https:\/\/positiveautism.org\/product\/empatia-con-alguien-que-esta-enojado-hojas-de-trabajo-de-actividades-para-ensenar-habilidades-sociales-y-emocionales-a-ninos-autistas\/"},"modified":"2025-04-07T10:47:27","modified_gmt":"2025-04-07T14:47:27","slug":"empatia-con-alguien-que-esta-enojado-hojas-de-trabajo-de-actividades-para-ensenar-habilidades-sociales-y-emocionales-a-ninos-autistas","status":"publish","type":"product","link":"https:\/\/positiveautism.org\/es\/producto\/empatia-con-alguien-que-esta-enojado-hojas-de-trabajo-de-actividades-para-ensenar-habilidades-sociales-y-emocionales-a-ninos-autistas\/","title":{"rendered":"Empat\u00eda con alguien que est\u00e1 enojado. (Hojas de trabajo de actividades para ense\u00f1ar habilidades sociales y emocionales a ni\u00f1os autistas)"},"content":{"rendered":"","protected":false},"excerpt":{"rendered":"<p>En este material, los padres y educadores encontrar\u00e1n herramientas pr\u00e1cticas para ense\u00f1ar habilidades sociales y emocionales a ni\u00f1os autistas. A trav\u00e9s de situaciones cotidianas, como mostrar empat\u00eda hacia un amigo enojado, el material promueve el desarrollo de la capacidad de los ni\u00f1os para reconocer y manejar sus propias emociones, as\u00ed como para comprender y responder adecuadamente a los sentimientos de los dem\u00e1s. Los ejercicios incluyen el an\u00e1lisis de situaciones emocionales, la pr\u00e1ctica de conversaciones emp\u00e1ticas y la reflexi\u00f3n sobre experiencias personales de ira, todo con el objetivo de fortalecer sus habilidades de comunicaci\u00f3n y resoluci\u00f3n de conflictos.  <\/p>\n","protected":false},"featured_media":9221,"comment_status":"closed","ping_status":"closed","template":"","meta":{"_acf_changed":false,"_monsterinsights_skip_tracking":false,"_monsterinsights_sitenote_active":false,"_monsterinsights_sitenote_note":"","_monsterinsights_sitenote_category":0},"product_brand":[],"product_cat":[787,838],"product_tag":[833,848,870],"class_list":{"0":"post-9220","1":"product","2":"type-product","3":"status-publish","4":"has-post-thumbnail","6":"product_cat-habilidades-sociales-y-emocionales","7":"product_cat-habilidades-de-conversacion","8":"product_tag-habilidades-sociales-y-emocionales-en-ninos-con-autismo","9":"product_tag-actividades-para-ensenar-empatia-a-ninos-autistas","10":"product_tag-enojado","12":"first","13":"instock","14":"downloadable","15":"shipping-taxable","16":"purchasable","17":"product-type-simple"},"acf":[],"aioseo_notices":[],"jetpack_sharing_enabled":true,"_links":{"self":[{"href":"https:\/\/positiveautism.org\/es\/wp-json\/wp\/v2\/product\/9220","targetHints":{"allow":["GET"]}}],"collection":[{"href":"https:\/\/positiveautism.org\/es\/wp-json\/wp\/v2\/product"}],"about":[{"href":"https:\/\/positiveautism.org\/es\/wp-json\/wp\/v2\/types\/product"}],"replies":[{"embeddable":true,"href":"https:\/\/positiveautism.org\/es\/wp-json\/wp\/v2\/comments?post=9220"}],"wp:featuredmedia":[{"embeddable":true,"href":"https:\/\/positiveautism.org\/es\/wp-json\/wp\/v2\/media\/9221"}],"wp:attachment":[{"href":"https:\/\/positiveautism.org\/es\/wp-json\/wp\/v2\/media?parent=9220"}],"wp:term":[{"taxonomy":"product_brand","embeddable":true,"href":"https:\/\/positiveautism.org\/es\/wp-json\/wp\/v2\/product_brand?post=9220"},{"taxonomy":"product_cat","embeddable":true,"href":"https:\/\/positiveautism.org\/es\/wp-json\/wp\/v2\/product_cat?post=9220"},{"taxonomy":"product_tag","embeddable":true,"href":"https:\/\/positiveautism.org\/es\/wp-json\/wp\/v2\/product_tag?post=9220"}],"curies":[{"name":"wp","href":"https:\/\/api.w.org\/{rel}","templated":true}]}}