{"id":9208,"date":"2024-10-08T11:03:37","date_gmt":"2025-04-07T14:47:26","guid":{"rendered":"https:\/\/positiveautism.org\/product\/la-importancia-de-decir-la-verdad-hojas-de-trabajo-para-ensenar-a-los-ninos-a-buscar-ayuda-y-habilidades-sociales\/"},"modified":"2025-04-07T10:47:26","modified_gmt":"2025-04-07T14:47:26","slug":"la-importancia-de-decir-la-verdad-hojas-de-trabajo-para-ensenar-a-los-ninos-a-buscar-ayuda-y-habilidades-sociales","status":"publish","type":"product","link":"https:\/\/positiveautism.org\/es\/producto\/la-importancia-de-decir-la-verdad-hojas-de-trabajo-para-ensenar-a-los-ninos-a-buscar-ayuda-y-habilidades-sociales\/","title":{"rendered":"La importancia de decir la verdad. (Hojas de trabajo para ense\u00f1ar a los ni\u00f1os a buscar ayuda y habilidades sociales)"},"content":{"rendered":"","protected":false},"excerpt":{"rendered":"<p>Este material est\u00e1 dise\u00f1ado para ayudar a los padres y educadores a ense\u00f1ar a los ni\u00f1os autistas sobre la importancia de decir la verdad. A trav\u00e9s de historias sencillas, preguntas reflexivas y actividades interactivas, el objetivo es que los ni\u00f1os comprendan el valor de la honestidad, c\u00f3mo sus acciones pueden afectar a los dem\u00e1s y c\u00f3mo ser responsables de su comportamiento. Las actividades incluidas permiten a los ni\u00f1os practicar habilidades sociales y emocionales, ayud\u00e1ndoles a desarrollar una comprensi\u00f3n m\u00e1s profunda de la empat\u00eda y fortalecer sus relaciones con los dem\u00e1s.  <\/p>\n","protected":false},"featured_media":9215,"comment_status":"closed","ping_status":"closed","template":"","meta":{"_acf_changed":false,"_monsterinsights_skip_tracking":false,"_monsterinsights_sitenote_active":false,"_monsterinsights_sitenote_note":"","_monsterinsights_sitenote_category":0},"product_brand":[],"product_cat":[787],"product_tag":[800,845,846],"class_list":{"0":"post-9208","1":"product","2":"type-product","3":"status-publish","4":"has-post-thumbnail","6":"product_cat-habilidades-sociales-y-emocionales","7":"product_tag-leer-para-ensenar-habilidades-sociales","8":"product_tag-la-importancia-de-decir-la-verdad","9":"product_tag-ensenar-a-decir-la-verdad","11":"first","12":"instock","13":"downloadable","14":"shipping-taxable","15":"purchasable","16":"product-type-simple"},"acf":[],"aioseo_notices":[],"jetpack_sharing_enabled":true,"_links":{"self":[{"href":"https:\/\/positiveautism.org\/es\/wp-json\/wp\/v2\/product\/9208","targetHints":{"allow":["GET"]}}],"collection":[{"href":"https:\/\/positiveautism.org\/es\/wp-json\/wp\/v2\/product"}],"about":[{"href":"https:\/\/positiveautism.org\/es\/wp-json\/wp\/v2\/types\/product"}],"replies":[{"embeddable":true,"href":"https:\/\/positiveautism.org\/es\/wp-json\/wp\/v2\/comments?post=9208"}],"wp:featuredmedia":[{"embeddable":true,"href":"https:\/\/positiveautism.org\/es\/wp-json\/wp\/v2\/media\/9215"}],"wp:attachment":[{"href":"https:\/\/positiveautism.org\/es\/wp-json\/wp\/v2\/media?parent=9208"}],"wp:term":[{"taxonomy":"product_brand","embeddable":true,"href":"https:\/\/positiveautism.org\/es\/wp-json\/wp\/v2\/product_brand?post=9208"},{"taxonomy":"product_cat","embeddable":true,"href":"https:\/\/positiveautism.org\/es\/wp-json\/wp\/v2\/product_cat?post=9208"},{"taxonomy":"product_tag","embeddable":true,"href":"https:\/\/positiveautism.org\/es\/wp-json\/wp\/v2\/product_tag?post=9208"}],"curies":[{"name":"wp","href":"https:\/\/api.w.org\/{rel}","templated":true}]}}