{"id":9207,"date":"2024-10-08T14:25:42","date_gmt":"2025-04-07T14:47:26","guid":{"rendered":"https:\/\/positiveautism.org\/product\/la-historia-de-derek-construyendo-una-amistad-actividad-para-practicar-la-comprension-lectora-y-las-habilidades-sociales-para-ninos-autistas\/"},"modified":"2025-04-07T10:47:26","modified_gmt":"2025-04-07T14:47:26","slug":"la-historia-de-derek-construyendo-una-amistad-actividad-para-practicar-la-comprension-lectora-y-las-habilidades-sociales-para-ninos-autistas","status":"publish","type":"product","link":"https:\/\/positiveautism.org\/es\/producto\/la-historia-de-derek-construyendo-una-amistad-actividad-para-practicar-la-comprension-lectora-y-las-habilidades-sociales-para-ninos-autistas\/","title":{"rendered":"La historia de Derek: Construyendo una amistad. (Actividad para practicar la comprensi\u00f3n lectora y las habilidades sociales para ni\u00f1os autistas)"},"content":{"rendered":"","protected":false},"excerpt":{"rendered":"<p>Este material est\u00e1 dise\u00f1ado para ayudar a los padres y educadores a ense\u00f1ar habilidades sociales a los ni\u00f1os autistas a trav\u00e9s de cuentos y actividades de juego de roles. A trav\u00e9s de la historia de Derek y su experiencia haciendo un nuevo amigo, los ni\u00f1os aprenden a iniciar conversaciones, compartir intereses y ser pacientes mientras construyen relaciones. Incluye preguntas de comprensi\u00f3n para reforzar lo aprendido y ejemplos de situaciones pr\u00e1cticas que permiten a los ni\u00f1os practicar en un entorno seguro. Estas actividades proporcionan confianza para interactuar positivamente con otros ni\u00f1os en situaciones de la vida real.   <\/p>\n","protected":false},"featured_media":9211,"comment_status":"closed","ping_status":"closed","template":"","meta":{"_acf_changed":false,"_monsterinsights_skip_tracking":false,"_monsterinsights_sitenote_active":false,"_monsterinsights_sitenote_note":"","_monsterinsights_sitenote_category":0},"product_brand":[],"product_cat":[783,787],"product_tag":[795,831,867],"class_list":{"0":"post-9207","1":"product","2":"type-product","3":"status-publish","4":"has-post-thumbnail","6":"product_cat-comprension-lectora","7":"product_cat-habilidades-sociales-y-emocionales","8":"product_tag-comprension-lectora-para-ninos-autistas","9":"product_tag-actividades-para-ensenar-habilidades-sociales-y-emocionales-a-ninos-autistas","10":"product_tag-de-la-lectura-a-las-habilidades-sociales-tecnologicas","12":"first","13":"instock","14":"downloadable","15":"shipping-taxable","16":"purchasable","17":"product-type-simple"},"acf":[],"aioseo_notices":[],"jetpack_sharing_enabled":true,"_links":{"self":[{"href":"https:\/\/positiveautism.org\/es\/wp-json\/wp\/v2\/product\/9207","targetHints":{"allow":["GET"]}}],"collection":[{"href":"https:\/\/positiveautism.org\/es\/wp-json\/wp\/v2\/product"}],"about":[{"href":"https:\/\/positiveautism.org\/es\/wp-json\/wp\/v2\/types\/product"}],"replies":[{"embeddable":true,"href":"https:\/\/positiveautism.org\/es\/wp-json\/wp\/v2\/comments?post=9207"}],"wp:featuredmedia":[{"embeddable":true,"href":"https:\/\/positiveautism.org\/es\/wp-json\/wp\/v2\/media\/9211"}],"wp:attachment":[{"href":"https:\/\/positiveautism.org\/es\/wp-json\/wp\/v2\/media?parent=9207"}],"wp:term":[{"taxonomy":"product_brand","embeddable":true,"href":"https:\/\/positiveautism.org\/es\/wp-json\/wp\/v2\/product_brand?post=9207"},{"taxonomy":"product_cat","embeddable":true,"href":"https:\/\/positiveautism.org\/es\/wp-json\/wp\/v2\/product_cat?post=9207"},{"taxonomy":"product_tag","embeddable":true,"href":"https:\/\/positiveautism.org\/es\/wp-json\/wp\/v2\/product_tag?post=9207"}],"curies":[{"name":"wp","href":"https:\/\/api.w.org\/{rel}","templated":true}]}}