{"id":9199,"date":"2024-10-18T11:56:42","date_gmt":"2025-04-07T14:47:26","guid":{"rendered":"https:\/\/positiveautism.org\/product\/palabras-de-nico-pensar-antes-de-hablar-actividad-para-practicar-la-comprension-lectora-y-las-habilidades-sociales-para-ninos-autistas\/"},"modified":"2025-04-07T10:47:26","modified_gmt":"2025-04-07T14:47:26","slug":"palabras-de-nico-pensar-antes-de-hablar-actividad-para-practicar-la-comprension-lectora-y-las-habilidades-sociales-para-ninos-autistas","status":"publish","type":"product","link":"https:\/\/positiveautism.org\/es\/producto\/palabras-de-nico-pensar-antes-de-hablar-actividad-para-practicar-la-comprension-lectora-y-las-habilidades-sociales-para-ninos-autistas\/","title":{"rendered":"Palabras de Nico: Pensar antes de hablar. (Actividad para practicar la comprensi\u00f3n lectora y las habilidades sociales para ni\u00f1os autistas)"},"content":{"rendered":"","protected":false},"excerpt":{"rendered":"<p>En este material, los padres y educadores encontrar\u00e1n herramientas para trabajar la comprensi\u00f3n lectora y ense\u00f1ar habilidades sociales y emocionales a ni\u00f1os y j\u00f3venes autistas. A trav\u00e9s de cuentos como \u00abLas palabras de Nico: pensar antes de hablar\u00bb, se abordan temas clave, como la importancia de reflexionar antes de hablar, expresar lo que uno realmente piensa y entablar conversaciones de manera m\u00e1s consciente. Adem\u00e1s, se incluyen preguntas para fomentar la comprensi\u00f3n de la historia, junto con juegos de rol dise\u00f1ados para practicar lo aprendido en situaciones cotidianas en la escuela, el hogar y con los amigos, lo que ayuda a los ni\u00f1os a sentirse m\u00e1s c\u00f3modos y seguros al comunicarse.  <\/p>\n","protected":false},"featured_media":9201,"comment_status":"closed","ping_status":"closed","template":"","meta":{"_acf_changed":false,"_monsterinsights_skip_tracking":false,"_monsterinsights_sitenote_active":false,"_monsterinsights_sitenote_note":"","_monsterinsights_sitenote_category":0},"product_brand":[],"product_cat":[783,787,838],"product_tag":[790,795,865],"class_list":{"0":"post-9199","1":"product","2":"type-product","3":"status-publish","4":"has-post-thumbnail","6":"product_cat-comprension-lectora","7":"product_cat-habilidades-sociales-y-emocionales","8":"product_cat-habilidades-de-conversacion","9":"product_tag-comprension-lectora-para-ninos-con-autismo","10":"product_tag-comprension-lectora-para-ninos-autistas","11":"product_tag-leer-para-ensenar-a-los-ninos-autistas-a-pensar-antes-de-hablar","13":"first","14":"instock","15":"downloadable","16":"shipping-taxable","17":"purchasable","18":"product-type-simple"},"acf":[],"aioseo_notices":[],"jetpack_sharing_enabled":true,"_links":{"self":[{"href":"https:\/\/positiveautism.org\/es\/wp-json\/wp\/v2\/product\/9199","targetHints":{"allow":["GET"]}}],"collection":[{"href":"https:\/\/positiveautism.org\/es\/wp-json\/wp\/v2\/product"}],"about":[{"href":"https:\/\/positiveautism.org\/es\/wp-json\/wp\/v2\/types\/product"}],"replies":[{"embeddable":true,"href":"https:\/\/positiveautism.org\/es\/wp-json\/wp\/v2\/comments?post=9199"}],"wp:featuredmedia":[{"embeddable":true,"href":"https:\/\/positiveautism.org\/es\/wp-json\/wp\/v2\/media\/9201"}],"wp:attachment":[{"href":"https:\/\/positiveautism.org\/es\/wp-json\/wp\/v2\/media?parent=9199"}],"wp:term":[{"taxonomy":"product_brand","embeddable":true,"href":"https:\/\/positiveautism.org\/es\/wp-json\/wp\/v2\/product_brand?post=9199"},{"taxonomy":"product_cat","embeddable":true,"href":"https:\/\/positiveautism.org\/es\/wp-json\/wp\/v2\/product_cat?post=9199"},{"taxonomy":"product_tag","embeddable":true,"href":"https:\/\/positiveautism.org\/es\/wp-json\/wp\/v2\/product_tag?post=9199"}],"curies":[{"name":"wp","href":"https:\/\/api.w.org\/{rel}","templated":true}]}}