{"id":9197,"date":"2024-11-15T17:41:00","date_gmt":"2025-04-07T14:44:03","guid":{"rendered":"https:\/\/positiveautism.org\/product\/el-circulo-de-conversaciones-amistosas-juego-juego-para-ensenar-habilidades-de-conversacion-a-ninos-autistas\/"},"modified":"2025-04-07T10:44:03","modified_gmt":"2025-04-07T14:44:03","slug":"el-circulo-de-conversaciones-amistosas-juego-juego-para-ensenar-habilidades-de-conversacion-a-ninos-autistas","status":"publish","type":"product","link":"https:\/\/positiveautism.org\/es\/producto\/el-circulo-de-conversaciones-amistosas-juego-juego-para-ensenar-habilidades-de-conversacion-a-ninos-autistas\/","title":{"rendered":"El C\u00edrculo de Conversaciones Amistosas-Juego. (Juego Para Ense\u00f1ar Habilidades De Conversaci\u00f3n A Ni\u00f1os Autistas)"},"content":{"rendered":"","protected":false},"excerpt":{"rendered":"<p>En este material, los padres y educadores encontrar\u00e1n herramientas pr\u00e1cticas y atractivas para ense\u00f1ar habilidades sociales a ni\u00f1os y adolescentes autistas. A trav\u00e9s de juegos de rol, tarjetas de conversaci\u00f3n y actividades estructuradas, el objetivo es promover la comunicaci\u00f3n efectiva, la empat\u00eda y el manejo de situaciones sociales comunes. Adem\u00e1s, incluye gu\u00edas visuales como pictogramas de expresiones faciales para ayudarles a reconocer y practicar se\u00f1ales no verbales. Este enfoque din\u00e1mico y accesible permite a los ni\u00f1os aprender a iniciar, mantener y finalizar conversaciones de manera adecuada, aumentando su confianza y habilidades sociales en un ambiente relajado y sin presi\u00f3n.   <\/p>\n","protected":false},"featured_media":9198,"comment_status":"closed","ping_status":"closed","template":"","meta":{"_acf_changed":false,"_monsterinsights_skip_tracking":false,"_monsterinsights_sitenote_active":false,"_monsterinsights_sitenote_note":"","_monsterinsights_sitenote_category":0},"product_brand":[],"product_cat":[787,838],"product_tag":[841,857],"class_list":{"0":"post-9197","1":"product","2":"type-product","3":"status-publish","4":"has-post-thumbnail","6":"product_cat-habilidades-sociales-y-emocionales","7":"product_cat-habilidades-de-conversacion","8":"product_tag-actividades-de-conversacion-para-ninos-autistas","9":"product_tag-habilidades-de-conversacion","11":"first","12":"instock","13":"downloadable","14":"shipping-taxable","15":"purchasable","16":"product-type-simple"},"acf":[],"aioseo_notices":[],"jetpack_sharing_enabled":true,"_links":{"self":[{"href":"https:\/\/positiveautism.org\/es\/wp-json\/wp\/v2\/product\/9197","targetHints":{"allow":["GET"]}}],"collection":[{"href":"https:\/\/positiveautism.org\/es\/wp-json\/wp\/v2\/product"}],"about":[{"href":"https:\/\/positiveautism.org\/es\/wp-json\/wp\/v2\/types\/product"}],"replies":[{"embeddable":true,"href":"https:\/\/positiveautism.org\/es\/wp-json\/wp\/v2\/comments?post=9197"}],"wp:featuredmedia":[{"embeddable":true,"href":"https:\/\/positiveautism.org\/es\/wp-json\/wp\/v2\/media\/9198"}],"wp:attachment":[{"href":"https:\/\/positiveautism.org\/es\/wp-json\/wp\/v2\/media?parent=9197"}],"wp:term":[{"taxonomy":"product_brand","embeddable":true,"href":"https:\/\/positiveautism.org\/es\/wp-json\/wp\/v2\/product_brand?post=9197"},{"taxonomy":"product_cat","embeddable":true,"href":"https:\/\/positiveautism.org\/es\/wp-json\/wp\/v2\/product_cat?post=9197"},{"taxonomy":"product_tag","embeddable":true,"href":"https:\/\/positiveautism.org\/es\/wp-json\/wp\/v2\/product_tag?post=9197"}],"curies":[{"name":"wp","href":"https:\/\/api.w.org\/{rel}","templated":true}]}}