{"id":9186,"date":"2024-10-25T11:49:00","date_gmt":"2025-04-07T14:43:50","guid":{"rendered":"https:\/\/positiveautism.org\/product\/el-poder-de-la-amistad-y-el-respeto-actividad-para-practicar-la-comprension-conciencia-y-aceptacion-de-la-lectura-en-ninos-tipicos-hacia-ninos-autistas\/"},"modified":"2025-04-07T10:43:50","modified_gmt":"2025-04-07T14:43:50","slug":"el-poder-de-la-amistad-y-el-respeto-actividad-para-practicar-la-comprension-conciencia-y-aceptacion-de-la-lectura-en-ninos-tipicos-hacia-ninos-autistas","status":"publish","type":"product","link":"https:\/\/positiveautism.org\/es\/producto\/el-poder-de-la-amistad-y-el-respeto-actividad-para-practicar-la-comprension-conciencia-y-aceptacion-de-la-lectura-en-ninos-tipicos-hacia-ninos-autistas\/","title":{"rendered":"El poder de la amistad y el respeto. (Actividad Para Practicar La Comprensi\u00f3n, Conciencia Y Aceptaci\u00f3n De La Lectura En Ni\u00f1os T\u00edpicos, Hacia Ni\u00f1os Autistas)"},"content":{"rendered":"","protected":false},"excerpt":{"rendered":"<div class=\"flex-shrink-0 flex flex-col relative items-end\">\n<div>\n<div class=\"pt-0\">\n<div class=\"gizmo-bot-avatar flex h-8 w-8 items-center justify-center overflow-hidden rounded-full\">\n<div class=\"relative p-1 rounded-sm flex items-center justify-center bg-token-main-surface-primary text-token-text-primary h-8 w-8\">Este material est\u00e1 dise\u00f1ado para ayudar a los padres y educadores a trabajar en la comprensi\u00f3n lectora mientras ense\u00f1an a los ni\u00f1os sobre los valores de inclusi\u00f3n y respeto. A trav\u00e9s de un cuento sobre la amistad y la diversidad, los ni\u00f1os pueden aprender a comprender y apreciar las diferencias individuales. Incluye preguntas de reflexi\u00f3n y actividades de juego de roles que permiten a los ni\u00f1os practicar la empat\u00eda, el respeto y la paciencia. Este enfoque promueve un entorno en el que todos los ni\u00f1os, independientemente de sus necesidades o capacidades, sean bienvenidos y valorados, fomentando una comunidad inclusiva y amigable.   <\/div>\n<\/div>\n<\/div>\n<\/div>\n<\/div>\n","protected":false},"featured_media":9192,"comment_status":"closed","ping_status":"closed","template":"","meta":{"_acf_changed":false,"_monsterinsights_skip_tracking":false,"_monsterinsights_sitenote_active":false,"_monsterinsights_sitenote_note":"","_monsterinsights_sitenote_category":0},"product_brand":[],"product_cat":[738,783],"product_tag":[853,862,863],"class_list":{"0":"post-9186","1":"product","2":"type-product","3":"status-publish","4":"has-post-thumbnail","6":"product_cat-conciencia","7":"product_cat-comprension-lectora","8":"product_tag-leer-para-promover-la-inclusion-de-los-ninos-autistas","9":"product_tag-inclusion-para-ninos-autistas","10":"product_tag-amistad-y-diversidad","12":"first","13":"instock","14":"downloadable","15":"shipping-taxable","16":"purchasable","17":"product-type-simple"},"acf":[],"aioseo_notices":[],"jetpack_sharing_enabled":true,"_links":{"self":[{"href":"https:\/\/positiveautism.org\/es\/wp-json\/wp\/v2\/product\/9186","targetHints":{"allow":["GET"]}}],"collection":[{"href":"https:\/\/positiveautism.org\/es\/wp-json\/wp\/v2\/product"}],"about":[{"href":"https:\/\/positiveautism.org\/es\/wp-json\/wp\/v2\/types\/product"}],"replies":[{"embeddable":true,"href":"https:\/\/positiveautism.org\/es\/wp-json\/wp\/v2\/comments?post=9186"}],"wp:featuredmedia":[{"embeddable":true,"href":"https:\/\/positiveautism.org\/es\/wp-json\/wp\/v2\/media\/9192"}],"wp:attachment":[{"href":"https:\/\/positiveautism.org\/es\/wp-json\/wp\/v2\/media?parent=9186"}],"wp:term":[{"taxonomy":"product_brand","embeddable":true,"href":"https:\/\/positiveautism.org\/es\/wp-json\/wp\/v2\/product_brand?post=9186"},{"taxonomy":"product_cat","embeddable":true,"href":"https:\/\/positiveautism.org\/es\/wp-json\/wp\/v2\/product_cat?post=9186"},{"taxonomy":"product_tag","embeddable":true,"href":"https:\/\/positiveautism.org\/es\/wp-json\/wp\/v2\/product_tag?post=9186"}],"curies":[{"name":"wp","href":"https:\/\/api.w.org\/{rel}","templated":true}]}}