{"id":9185,"date":"2024-10-24T11:20:10","date_gmt":"2025-04-07T14:43:50","guid":{"rendered":"https:\/\/positiveautism.org\/product\/la-aventura-de-dani-aprender-a-quedarse-un-momento-actividad-para-practicar-la-comprension-lectora-y-las-habilidades-sociales-para-ninos-autistas\/"},"modified":"2025-04-07T10:43:50","modified_gmt":"2025-04-07T14:43:50","slug":"la-aventura-de-dani-aprender-a-quedarse-un-momento-actividad-para-practicar-la-comprension-lectora-y-las-habilidades-sociales-para-ninos-autistas","status":"publish","type":"product","link":"https:\/\/positiveautism.org\/es\/producto\/la-aventura-de-dani-aprender-a-quedarse-un-momento-actividad-para-practicar-la-comprension-lectora-y-las-habilidades-sociales-para-ninos-autistas\/","title":{"rendered":"La aventura de Dani: aprender a quedarse un momento. (Actividad para practicar la comprensi\u00f3n lectora y las habilidades sociales para ni\u00f1os autistas)"},"content":{"rendered":"","protected":false},"excerpt":{"rendered":"<p>En este material, los ni\u00f1os autistas aprender\u00e1n habilidades sociales fundamentales, espec\u00edficamente enfocadas en la importancia de quedarse un poco m\u00e1s despu\u00e9s de saludar o despedirse para crear interacciones m\u00e1s significativas. A trav\u00e9s de la historia de Dani, se les ense\u00f1a a los ni\u00f1os a no apresurarse a saludar, sino a quedarse unos minutos m\u00e1s para mostrar un inter\u00e9s genuino en los dem\u00e1s escuchando y participando en peque\u00f1as conversaciones. Adem\u00e1s, el material incluye juegos pr\u00e1cticos de rol para reforzar lo aprendido, permitiendo a los ni\u00f1os practicar estas habilidades en situaciones cotidianas como saludar a los compa\u00f1eros de clase en la escuela, visitar a los abuelos o despedirse de los amigos.  <\/p>\n","protected":false},"featured_media":9191,"comment_status":"closed","ping_status":"closed","template":"","meta":{"_acf_changed":false,"_monsterinsights_skip_tracking":false,"_monsterinsights_sitenote_active":false,"_monsterinsights_sitenote_note":"","_monsterinsights_sitenote_category":0},"product_brand":[],"product_cat":[783,787],"product_tag":[795,798,800],"class_list":{"0":"post-9185","1":"product","2":"type-product","3":"status-publish","4":"has-post-thumbnail","6":"product_cat-comprension-lectora","7":"product_cat-habilidades-sociales-y-emocionales","8":"product_tag-comprension-lectora-para-ninos-autistas","9":"product_tag-comprension-lectora-para-ninos-con-autismo-es","10":"product_tag-leer-para-ensenar-habilidades-sociales","12":"first","13":"instock","14":"downloadable","15":"shipping-taxable","16":"purchasable","17":"product-type-simple"},"acf":[],"aioseo_notices":[],"jetpack_sharing_enabled":true,"_links":{"self":[{"href":"https:\/\/positiveautism.org\/es\/wp-json\/wp\/v2\/product\/9185","targetHints":{"allow":["GET"]}}],"collection":[{"href":"https:\/\/positiveautism.org\/es\/wp-json\/wp\/v2\/product"}],"about":[{"href":"https:\/\/positiveautism.org\/es\/wp-json\/wp\/v2\/types\/product"}],"replies":[{"embeddable":true,"href":"https:\/\/positiveautism.org\/es\/wp-json\/wp\/v2\/comments?post=9185"}],"wp:featuredmedia":[{"embeddable":true,"href":"https:\/\/positiveautism.org\/es\/wp-json\/wp\/v2\/media\/9191"}],"wp:attachment":[{"href":"https:\/\/positiveautism.org\/es\/wp-json\/wp\/v2\/media?parent=9185"}],"wp:term":[{"taxonomy":"product_brand","embeddable":true,"href":"https:\/\/positiveautism.org\/es\/wp-json\/wp\/v2\/product_brand?post=9185"},{"taxonomy":"product_cat","embeddable":true,"href":"https:\/\/positiveautism.org\/es\/wp-json\/wp\/v2\/product_cat?post=9185"},{"taxonomy":"product_tag","embeddable":true,"href":"https:\/\/positiveautism.org\/es\/wp-json\/wp\/v2\/product_tag?post=9185"}],"curies":[{"name":"wp","href":"https:\/\/api.w.org\/{rel}","templated":true}]}}