{"id":9184,"date":"2024-10-29T12:09:53","date_gmt":"2025-04-07T14:43:49","guid":{"rendered":"https:\/\/positiveautism.org\/product\/la-historia-de-star-y-lucas-un-brillo-especial-actividad-para-practicar-la-comprension-conciencia-y-aceptacion-de-la-lectura-en-ninos-tipicos-hacia-ninos-autistas\/"},"modified":"2025-04-07T10:43:49","modified_gmt":"2025-04-07T14:43:49","slug":"la-historia-de-star-y-lucas-un-brillo-especial-actividad-para-practicar-la-comprension-conciencia-y-aceptacion-de-la-lectura-en-ninos-tipicos-hacia-ninos-autistas","status":"publish","type":"product","link":"https:\/\/positiveautism.org\/es\/producto\/la-historia-de-star-y-lucas-un-brillo-especial-actividad-para-practicar-la-comprension-conciencia-y-aceptacion-de-la-lectura-en-ninos-tipicos-hacia-ninos-autistas\/","title":{"rendered":"La historia de Star y Lucas: Un brillo especial. (Actividad Para Practicar La Comprensi\u00f3n, Conciencia Y Aceptaci\u00f3n De La Lectura En Ni\u00f1os T\u00edpicos, Hacia Ni\u00f1os Autistas)"},"content":{"rendered":"","protected":false},"excerpt":{"rendered":"<p>Este material ayuda a los padres y educadores a ense\u00f1ar empat\u00eda, apoyo e inclusi\u00f3n hacia los ni\u00f1os autistas, permitiendo que otros ni\u00f1os entiendan y valoren las diferencias individuales. A trav\u00e9s del cuento de \u00abStar y Lucas\u00bb y las actividades de juego de roles, los ni\u00f1os aprenden la importancia de incluir y ayudar a aquellos que puedan necesitar apoyo adicional, fomentando un ambiente de respeto y colaboraci\u00f3n. Cada actividad permite a los ni\u00f1os experimentar empat\u00eda y descubrir c\u00f3mo las habilidades y talentos \u00fanicos de cada persona enriquecen al grupo, formando una comunidad inclusiva y de apoyo.  <\/p>\n","protected":false},"featured_media":9189,"comment_status":"closed","ping_status":"closed","template":"","meta":{"_acf_changed":false,"_monsterinsights_skip_tracking":false,"_monsterinsights_sitenote_active":false,"_monsterinsights_sitenote_note":"","_monsterinsights_sitenote_category":0},"product_brand":[],"product_cat":[738],"product_tag":[853,860,861],"class_list":{"0":"post-9184","1":"product","2":"type-product","3":"status-publish","4":"has-post-thumbnail","6":"product_cat-conciencia","7":"product_tag-leer-para-promover-la-inclusion-de-los-ninos-autistas","8":"product_tag-concientizacion-sobre-el-autismo","9":"product_tag-lectura-para-concienciar-sobre-el-autismo-en-los-ninos","11":"first","12":"instock","13":"downloadable","14":"shipping-taxable","15":"purchasable","16":"product-type-simple"},"acf":[],"aioseo_notices":[],"jetpack_sharing_enabled":true,"_links":{"self":[{"href":"https:\/\/positiveautism.org\/es\/wp-json\/wp\/v2\/product\/9184","targetHints":{"allow":["GET"]}}],"collection":[{"href":"https:\/\/positiveautism.org\/es\/wp-json\/wp\/v2\/product"}],"about":[{"href":"https:\/\/positiveautism.org\/es\/wp-json\/wp\/v2\/types\/product"}],"replies":[{"embeddable":true,"href":"https:\/\/positiveautism.org\/es\/wp-json\/wp\/v2\/comments?post=9184"}],"wp:featuredmedia":[{"embeddable":true,"href":"https:\/\/positiveautism.org\/es\/wp-json\/wp\/v2\/media\/9189"}],"wp:attachment":[{"href":"https:\/\/positiveautism.org\/es\/wp-json\/wp\/v2\/media?parent=9184"}],"wp:term":[{"taxonomy":"product_brand","embeddable":true,"href":"https:\/\/positiveautism.org\/es\/wp-json\/wp\/v2\/product_brand?post=9184"},{"taxonomy":"product_cat","embeddable":true,"href":"https:\/\/positiveautism.org\/es\/wp-json\/wp\/v2\/product_cat?post=9184"},{"taxonomy":"product_tag","embeddable":true,"href":"https:\/\/positiveautism.org\/es\/wp-json\/wp\/v2\/product_tag?post=9184"}],"curies":[{"name":"wp","href":"https:\/\/api.w.org\/{rel}","templated":true}]}}