{"id":9183,"date":"2024-10-30T11:10:04","date_gmt":"2025-04-07T14:43:49","guid":{"rendered":"https:\/\/positiveautism.org\/product\/decir-la-verdad-incluso-cuando-cometemos-un-error-hojas-de-trabajo-para-ensenar-a-los-ninos-a-buscar-ayuda-y-habilidades-sociales\/"},"modified":"2025-04-07T10:43:49","modified_gmt":"2025-04-07T14:43:49","slug":"decir-la-verdad-incluso-cuando-cometemos-un-error-hojas-de-trabajo-para-ensenar-a-los-ninos-a-buscar-ayuda-y-habilidades-sociales","status":"publish","type":"product","link":"https:\/\/positiveautism.org\/es\/producto\/decir-la-verdad-incluso-cuando-cometemos-un-error-hojas-de-trabajo-para-ensenar-a-los-ninos-a-buscar-ayuda-y-habilidades-sociales\/","title":{"rendered":"Decir la verdad, incluso cuando cometemos un error. (Hojas de trabajo para ense\u00f1ar a los ni\u00f1os a buscar ayuda y habilidades sociales)"},"content":{"rendered":"","protected":false},"excerpt":{"rendered":"<p>Este material proporciona a los padres y educadores herramientas pr\u00e1cticas para ense\u00f1ar a los ni\u00f1os autistas la importancia de la honestidad, incluso cuando han cometido un error. A trav\u00e9s de actividades y juegos de roles, como la historia de un ni\u00f1o que accidentalmente rompe un jarr\u00f3n y debe decidir si dice la verdad, se anima a los ni\u00f1os a practicar la sinceridad. El material les ayuda a entender que ser honesto fortalece la confianza y fomenta relaciones m\u00e1s s\u00f3lidas. Las reflexiones guiadas despu\u00e9s de cada ejercicio tambi\u00e9n permiten a los ni\u00f1os ver c\u00f3mo sus acciones afectan a los dem\u00e1s y que, incluso cuando es dif\u00edcil, la honestidad promueve soluciones positivas y el aprendizaje de los errores.   <\/p>\n","protected":false},"featured_media":9195,"comment_status":"closed","ping_status":"closed","template":"","meta":{"_acf_changed":false,"_monsterinsights_skip_tracking":false,"_monsterinsights_sitenote_active":false,"_monsterinsights_sitenote_note":"","_monsterinsights_sitenote_category":0},"product_brand":[],"product_cat":[787],"product_tag":[864],"class_list":{"0":"post-9183","1":"product","2":"type-product","3":"status-publish","4":"has-post-thumbnail","6":"product_cat-habilidades-sociales-y-emocionales","7":"product_tag-ensenar-a-los-ninos-a-decir-la-verdad-es","9":"first","10":"instock","11":"downloadable","12":"shipping-taxable","13":"purchasable","14":"product-type-simple"},"acf":[],"aioseo_notices":[],"jetpack_sharing_enabled":true,"_links":{"self":[{"href":"https:\/\/positiveautism.org\/es\/wp-json\/wp\/v2\/product\/9183","targetHints":{"allow":["GET"]}}],"collection":[{"href":"https:\/\/positiveautism.org\/es\/wp-json\/wp\/v2\/product"}],"about":[{"href":"https:\/\/positiveautism.org\/es\/wp-json\/wp\/v2\/types\/product"}],"replies":[{"embeddable":true,"href":"https:\/\/positiveautism.org\/es\/wp-json\/wp\/v2\/comments?post=9183"}],"wp:featuredmedia":[{"embeddable":true,"href":"https:\/\/positiveautism.org\/es\/wp-json\/wp\/v2\/media\/9195"}],"wp:attachment":[{"href":"https:\/\/positiveautism.org\/es\/wp-json\/wp\/v2\/media?parent=9183"}],"wp:term":[{"taxonomy":"product_brand","embeddable":true,"href":"https:\/\/positiveautism.org\/es\/wp-json\/wp\/v2\/product_brand?post=9183"},{"taxonomy":"product_cat","embeddable":true,"href":"https:\/\/positiveautism.org\/es\/wp-json\/wp\/v2\/product_cat?post=9183"},{"taxonomy":"product_tag","embeddable":true,"href":"https:\/\/positiveautism.org\/es\/wp-json\/wp\/v2\/product_tag?post=9183"}],"curies":[{"name":"wp","href":"https:\/\/api.w.org\/{rel}","templated":true}]}}