{"id":9178,"date":"2024-11-05T13:53:29","date_gmt":"2025-04-07T14:43:45","guid":{"rendered":"https:\/\/positiveautism.org\/product\/la-importancia-de-saber-conversar-con-los-demas-hojas-de-trabajo-para-ensenar-habilidades-de-conversacion-a-ninos-autistas-2\/"},"modified":"2025-04-07T10:43:45","modified_gmt":"2025-04-07T14:43:45","slug":"la-importancia-de-saber-conversar-con-los-demas-hojas-de-trabajo-para-ensenar-habilidades-de-conversacion-a-ninos-autistas-2","status":"publish","type":"product","link":"https:\/\/positiveautism.org\/es\/producto\/la-importancia-de-saber-conversar-con-los-demas-hojas-de-trabajo-para-ensenar-habilidades-de-conversacion-a-ninos-autistas-2\/","title":{"rendered":"La importancia de saber conversar con los dem\u00e1s. (Hojas de trabajo para ense\u00f1ar habilidades de conversaci\u00f3n a ni\u00f1os autistas)"},"content":{"rendered":"","protected":false},"excerpt":{"rendered":"<p>Este material est\u00e1 dise\u00f1ado para padres y educadores que buscan herramientas pr\u00e1cticas para ense\u00f1ar habilidades sociales a ni\u00f1os y j\u00f3venes autistas. A trav\u00e9s de ejemplos y ejercicios interactivos, el contenido ayuda a los estudiantes a comprender la importancia de las conversaciones, desde escuchar y responder adecuadamente hasta empatizar y colaborar con los dem\u00e1s. Encontrar\u00e1n gu\u00edas sobre c\u00f3mo practicar conversaciones respetuosas en situaciones cotidianas, como ayudar a un amigo, trabajar en equipo o consolar a alguien. Este enfoque fomenta la conexi\u00f3n y la comunicaci\u00f3n efectiva, promoviendo el bienestar emocional y social de los ni\u00f1os a medida que interact\u00faan de manera constructiva con los dem\u00e1s.   <\/p>\n","protected":false},"featured_media":9180,"comment_status":"closed","ping_status":"closed","template":"","meta":{"_acf_changed":false,"_monsterinsights_skip_tracking":false,"_monsterinsights_sitenote_active":false,"_monsterinsights_sitenote_note":"","_monsterinsights_sitenote_category":0},"product_brand":[],"product_cat":[787,838],"product_tag":[841,849,857,858],"class_list":{"0":"post-9178","1":"product","2":"type-product","3":"status-publish","4":"has-post-thumbnail","6":"product_cat-habilidades-sociales-y-emocionales","7":"product_cat-habilidades-de-conversacion","8":"product_tag-actividades-de-conversacion-para-ninos-autistas","9":"product_tag-hojas-de-trabajo-para-ensenar-habilidades-de-conversacion-a-ninos-con-autismo","10":"product_tag-habilidades-de-conversacion","11":"product_tag-actividades-de-conversacion","13":"first","14":"instock","15":"downloadable","16":"shipping-taxable","17":"purchasable","18":"product-type-simple"},"acf":[],"aioseo_notices":[],"jetpack_sharing_enabled":true,"_links":{"self":[{"href":"https:\/\/positiveautism.org\/es\/wp-json\/wp\/v2\/product\/9178","targetHints":{"allow":["GET"]}}],"collection":[{"href":"https:\/\/positiveautism.org\/es\/wp-json\/wp\/v2\/product"}],"about":[{"href":"https:\/\/positiveautism.org\/es\/wp-json\/wp\/v2\/types\/product"}],"replies":[{"embeddable":true,"href":"https:\/\/positiveautism.org\/es\/wp-json\/wp\/v2\/comments?post=9178"}],"wp:featuredmedia":[{"embeddable":true,"href":"https:\/\/positiveautism.org\/es\/wp-json\/wp\/v2\/media\/9180"}],"wp:attachment":[{"href":"https:\/\/positiveautism.org\/es\/wp-json\/wp\/v2\/media?parent=9178"}],"wp:term":[{"taxonomy":"product_brand","embeddable":true,"href":"https:\/\/positiveautism.org\/es\/wp-json\/wp\/v2\/product_brand?post=9178"},{"taxonomy":"product_cat","embeddable":true,"href":"https:\/\/positiveautism.org\/es\/wp-json\/wp\/v2\/product_cat?post=9178"},{"taxonomy":"product_tag","embeddable":true,"href":"https:\/\/positiveautism.org\/es\/wp-json\/wp\/v2\/product_tag?post=9178"}],"curies":[{"name":"wp","href":"https:\/\/api.w.org\/{rel}","templated":true}]}}