{"id":9176,"date":"2024-10-31T12:08:49","date_gmt":"2025-04-07T14:43:45","guid":{"rendered":"https:\/\/positiveautism.org\/product\/la-aventura-de-leo-y-el-poder-del-movimiento-actividad-para-practicar-la-comprension-lectora-y-las-habilidades-para-la-vida-en-ninos-autistas\/"},"modified":"2025-04-07T10:43:45","modified_gmt":"2025-04-07T14:43:45","slug":"la-aventura-de-leo-y-el-poder-del-movimiento-actividad-para-practicar-la-comprension-lectora-y-las-habilidades-para-la-vida-en-ninos-autistas","status":"publish","type":"product","link":"https:\/\/positiveautism.org\/es\/producto\/la-aventura-de-leo-y-el-poder-del-movimiento-actividad-para-practicar-la-comprension-lectora-y-las-habilidades-para-la-vida-en-ninos-autistas\/","title":{"rendered":"La aventura de Leo y el poder del movimiento. (Actividad para practicar la comprensi\u00f3n lectora y las habilidades para la vida en ni\u00f1os autistas)"},"content":{"rendered":"","protected":false},"excerpt":{"rendered":"<p>Este material proporciona a los padres y educadores una herramienta para ense\u00f1ar a los ni\u00f1os autistas la importancia del movimiento y el ejercicio de una manera divertida y accesible. A trav\u00e9s de la historia de Leo y su amiga Sof\u00eda, los ni\u00f1os descubren c\u00f3mo las actividades cotidianas como caminar, bailar y andar en bicicleta pueden mejorar su estado de \u00e1nimo y bienestar f\u00edsico. Adem\u00e1s, se incluyen actividades de juego de roles, donde los ni\u00f1os pueden practicar lo que han aprendido, explorar sus sentimientos y desarrollar la confianza en s\u00ed mismos a medida que prueban nuevas experiencias f\u00edsicas. Con preguntas de reflexi\u00f3n incluidas, el material fomenta la autorreflexi\u00f3n y el disfrute del ejercicio como parte integral del bienestar diario.   <\/p>\n","protected":false},"featured_media":9177,"comment_status":"closed","ping_status":"closed","template":"","meta":{"_acf_changed":false,"_monsterinsights_skip_tracking":false,"_monsterinsights_sitenote_active":false,"_monsterinsights_sitenote_note":"","_monsterinsights_sitenote_category":0},"product_brand":[],"product_cat":[783,835,855],"product_tag":[790,795,856],"class_list":{"0":"post-9176","1":"product","2":"type-product","3":"status-publish","4":"has-post-thumbnail","6":"product_cat-comprension-lectora","7":"product_cat-independencia-y-habilidades-para-la-vida","8":"product_cat-motricidad-gruesa-y-fina","9":"product_tag-comprension-lectora-para-ninos-con-autismo","10":"product_tag-comprension-lectora-para-ninos-autistas","11":"product_tag-importancia-de-hacer-ejercicio","13":"first","14":"instock","15":"downloadable","16":"shipping-taxable","17":"purchasable","18":"product-type-simple"},"acf":[],"aioseo_notices":[],"jetpack_sharing_enabled":true,"_links":{"self":[{"href":"https:\/\/positiveautism.org\/es\/wp-json\/wp\/v2\/product\/9176","targetHints":{"allow":["GET"]}}],"collection":[{"href":"https:\/\/positiveautism.org\/es\/wp-json\/wp\/v2\/product"}],"about":[{"href":"https:\/\/positiveautism.org\/es\/wp-json\/wp\/v2\/types\/product"}],"replies":[{"embeddable":true,"href":"https:\/\/positiveautism.org\/es\/wp-json\/wp\/v2\/comments?post=9176"}],"wp:featuredmedia":[{"embeddable":true,"href":"https:\/\/positiveautism.org\/es\/wp-json\/wp\/v2\/media\/9177"}],"wp:attachment":[{"href":"https:\/\/positiveautism.org\/es\/wp-json\/wp\/v2\/media?parent=9176"}],"wp:term":[{"taxonomy":"product_brand","embeddable":true,"href":"https:\/\/positiveautism.org\/es\/wp-json\/wp\/v2\/product_brand?post=9176"},{"taxonomy":"product_cat","embeddable":true,"href":"https:\/\/positiveautism.org\/es\/wp-json\/wp\/v2\/product_cat?post=9176"},{"taxonomy":"product_tag","embeddable":true,"href":"https:\/\/positiveautism.org\/es\/wp-json\/wp\/v2\/product_tag?post=9176"}],"curies":[{"name":"wp","href":"https:\/\/api.w.org\/{rel}","templated":true}]}}