{"id":9170,"date":"2024-11-04T11:46:27","date_gmt":"2025-04-07T14:43:41","guid":{"rendered":"https:\/\/positiveautism.org\/product\/el-club-especial-de-las-mariposas-actividad-para-practicar-la-comprension-conciencia-y-aceptacion-de-la-lectura-en-ninos-tipicos-hacia-ninos-autistas\/"},"modified":"2025-04-07T10:43:41","modified_gmt":"2025-04-07T14:43:41","slug":"el-club-especial-de-las-mariposas-actividad-para-practicar-la-comprension-conciencia-y-aceptacion-de-la-lectura-en-ninos-tipicos-hacia-ninos-autistas","status":"publish","type":"product","link":"https:\/\/positiveautism.org\/es\/producto\/el-club-especial-de-las-mariposas-actividad-para-practicar-la-comprension-conciencia-y-aceptacion-de-la-lectura-en-ninos-tipicos-hacia-ninos-autistas\/","title":{"rendered":"El Club Especial de las Mariposas. (Actividad Para Practicar La Comprensi\u00f3n, Conciencia Y Aceptaci\u00f3n De La Lectura En Ni\u00f1os T\u00edpicos, Hacia Ni\u00f1os Autistas)"},"content":{"rendered":"","protected":false},"excerpt":{"rendered":"<p>Este material proporciona una historia y actividades para ayudar a los padres y educadores a trabajar en la comprensi\u00f3n lectora y ense\u00f1ar a los ni\u00f1os neurot\u00edpicos sobre la inclusi\u00f3n de compa\u00f1eros autistas. La historia, centrada en un ni\u00f1o llamado Nico y su club de mariposas, explora c\u00f3mo los ni\u00f1os pueden aprender a comprender y respetar las diferencias en la forma en que sus amigos se expresan e interact\u00faan. Adem\u00e1s, se incluyen actividades de juego de roles para practicar la empat\u00eda, la comunicaci\u00f3n clara y la adaptaci\u00f3n a las necesidades sensoriales de los dem\u00e1s. Este material ofrece una herramienta pr\u00e1ctica para construir relaciones basadas en el respeto y la aceptaci\u00f3n de la diversidad.   <\/p>\n","protected":false},"featured_media":9171,"comment_status":"closed","ping_status":"closed","template":"","meta":{"_acf_changed":false,"_monsterinsights_skip_tracking":false,"_monsterinsights_sitenote_active":false,"_monsterinsights_sitenote_note":"","_monsterinsights_sitenote_category":0},"product_brand":[],"product_cat":[738,783],"product_tag":[851,852,853],"class_list":{"0":"post-9170","1":"product","2":"type-product","3":"status-publish","4":"has-post-thumbnail","6":"product_cat-conciencia","7":"product_cat-comprension-lectora","8":"product_tag-comprension-lectora-sobre-el-autismo","9":"product_tag-leer-para-ensenar-la-aceptacion-hacia-los-ninos-autistas","10":"product_tag-leer-para-promover-la-inclusion-de-los-ninos-autistas","12":"first","13":"instock","14":"downloadable","15":"shipping-taxable","16":"purchasable","17":"product-type-simple"},"acf":[],"aioseo_notices":[],"jetpack_sharing_enabled":true,"_links":{"self":[{"href":"https:\/\/positiveautism.org\/es\/wp-json\/wp\/v2\/product\/9170","targetHints":{"allow":["GET"]}}],"collection":[{"href":"https:\/\/positiveautism.org\/es\/wp-json\/wp\/v2\/product"}],"about":[{"href":"https:\/\/positiveautism.org\/es\/wp-json\/wp\/v2\/types\/product"}],"replies":[{"embeddable":true,"href":"https:\/\/positiveautism.org\/es\/wp-json\/wp\/v2\/comments?post=9170"}],"wp:featuredmedia":[{"embeddable":true,"href":"https:\/\/positiveautism.org\/es\/wp-json\/wp\/v2\/media\/9171"}],"wp:attachment":[{"href":"https:\/\/positiveautism.org\/es\/wp-json\/wp\/v2\/media?parent=9170"}],"wp:term":[{"taxonomy":"product_brand","embeddable":true,"href":"https:\/\/positiveautism.org\/es\/wp-json\/wp\/v2\/product_brand?post=9170"},{"taxonomy":"product_cat","embeddable":true,"href":"https:\/\/positiveautism.org\/es\/wp-json\/wp\/v2\/product_cat?post=9170"},{"taxonomy":"product_tag","embeddable":true,"href":"https:\/\/positiveautism.org\/es\/wp-json\/wp\/v2\/product_tag?post=9170"}],"curies":[{"name":"wp","href":"https:\/\/api.w.org\/{rel}","templated":true}]}}