{"id":9162,"date":"2024-10-31T13:08:12","date_gmt":"2025-04-07T14:43:41","guid":{"rendered":"https:\/\/positiveautism.org\/product\/hablar-de-lo-que-la-otra-persona-quiere-hablar-hojas-de-trabajo-para-ensenar-habilidades-de-conversacion-a-ninos-autistas\/"},"modified":"2025-04-07T10:43:41","modified_gmt":"2025-04-07T14:43:41","slug":"hablar-de-lo-que-la-otra-persona-quiere-hablar-hojas-de-trabajo-para-ensenar-habilidades-de-conversacion-a-ninos-autistas","status":"publish","type":"product","link":"https:\/\/positiveautism.org\/es\/producto\/hablar-de-lo-que-la-otra-persona-quiere-hablar-hojas-de-trabajo-para-ensenar-habilidades-de-conversacion-a-ninos-autistas\/","title":{"rendered":"Hablar de lo que la otra persona quiere hablar. (Hojas de trabajo para ense\u00f1ar habilidades de conversaci\u00f3n a ni\u00f1os autistas)"},"content":{"rendered":"","protected":false},"excerpt":{"rendered":"<p>Este material ofrece a padres y educadores herramientas pr\u00e1cticas para mejorar la comprensi\u00f3n lectora y ense\u00f1ar habilidades sociales en ni\u00f1os y j\u00f3venes. A trav\u00e9s de actividades estructuradas, los usuarios aprenden a escuchar activamente, responder con empat\u00eda y mantener conversaciones centradas en los intereses de los dem\u00e1s. Cada ejercicio est\u00e1 dise\u00f1ado para que los ni\u00f1os practiquen la identificaci\u00f3n del tema que otros desean discutir, expresen respuestas apropiadas y desarrollen la capacidad de conectarse emocionalmente en el di\u00e1logo. Este enfoque fomenta la empat\u00eda, la atenci\u00f3n y el respeto en las interacciones sociales cotidianas.   <\/p>\n","protected":false},"featured_media":9168,"comment_status":"closed","ping_status":"closed","template":"","meta":{"_acf_changed":false,"_monsterinsights_skip_tracking":false,"_monsterinsights_sitenote_active":false,"_monsterinsights_sitenote_note":"","_monsterinsights_sitenote_category":0},"product_brand":[],"product_cat":[787,838],"product_tag":[839,842],"class_list":{"0":"post-9162","1":"product","2":"type-product","3":"status-publish","4":"has-post-thumbnail","6":"product_cat-habilidades-sociales-y-emocionales","7":"product_cat-habilidades-de-conversacion","8":"product_tag-actividades-de-conversacion-para-ninos-con-autismo","9":"product_tag-como-ensenar-habilidades-de-conversacion-a-personas-autistas","11":"first","12":"instock","13":"downloadable","14":"shipping-taxable","15":"purchasable","16":"product-type-simple"},"acf":[],"aioseo_notices":[],"jetpack_sharing_enabled":true,"_links":{"self":[{"href":"https:\/\/positiveautism.org\/es\/wp-json\/wp\/v2\/product\/9162","targetHints":{"allow":["GET"]}}],"collection":[{"href":"https:\/\/positiveautism.org\/es\/wp-json\/wp\/v2\/product"}],"about":[{"href":"https:\/\/positiveautism.org\/es\/wp-json\/wp\/v2\/types\/product"}],"replies":[{"embeddable":true,"href":"https:\/\/positiveautism.org\/es\/wp-json\/wp\/v2\/comments?post=9162"}],"wp:featuredmedia":[{"embeddable":true,"href":"https:\/\/positiveautism.org\/es\/wp-json\/wp\/v2\/media\/9168"}],"wp:attachment":[{"href":"https:\/\/positiveautism.org\/es\/wp-json\/wp\/v2\/media?parent=9162"}],"wp:term":[{"taxonomy":"product_brand","embeddable":true,"href":"https:\/\/positiveautism.org\/es\/wp-json\/wp\/v2\/product_brand?post=9162"},{"taxonomy":"product_cat","embeddable":true,"href":"https:\/\/positiveautism.org\/es\/wp-json\/wp\/v2\/product_cat?post=9162"},{"taxonomy":"product_tag","embeddable":true,"href":"https:\/\/positiveautism.org\/es\/wp-json\/wp\/v2\/product_tag?post=9162"}],"curies":[{"name":"wp","href":"https:\/\/api.w.org\/{rel}","templated":true}]}}