{"id":9161,"date":"2024-11-07T11:09:01","date_gmt":"2025-04-07T14:43:41","guid":{"rendered":"https:\/\/positiveautism.org\/product\/comentarios-de-seguimiento-y-preguntas-de-seguimiento-hojas-de-trabajo-para-ensenar-habilidades-de-conversacion-a-ninos-autistas\/"},"modified":"2025-04-07T10:43:41","modified_gmt":"2025-04-07T14:43:41","slug":"comentarios-de-seguimiento-y-preguntas-de-seguimiento-hojas-de-trabajo-para-ensenar-habilidades-de-conversacion-a-ninos-autistas","status":"publish","type":"product","link":"https:\/\/positiveautism.org\/es\/producto\/comentarios-de-seguimiento-y-preguntas-de-seguimiento-hojas-de-trabajo-para-ensenar-habilidades-de-conversacion-a-ninos-autistas\/","title":{"rendered":"Comentarios de seguimiento y preguntas de seguimiento. (Hojas de trabajo para ense\u00f1ar habilidades de conversaci\u00f3n a ni\u00f1os autistas)"},"content":{"rendered":"","protected":false},"excerpt":{"rendered":"<p>Este material proporciona a los padres y educadores herramientas pr\u00e1cticas para ense\u00f1ar habilidades de conversaci\u00f3n a ni\u00f1os y j\u00f3venes autistas. A trav\u00e9s de ejercicios interactivos, los ni\u00f1os aprender\u00e1n a hacer comentarios y preguntas de seguimiento, que son esenciales para mostrar inter\u00e9s, facilitar la comunicaci\u00f3n y expresar sus pensamientos y sentimientos. Este recurso tambi\u00e9n promueve mantener una conversaci\u00f3n, ofreci\u00e9ndoles la oportunidad de practicar c\u00f3mo escuchar y responder de manera respetuosa y amigable. Los ejercicios incluyen actividades para colorear, juegos de roles y pr\u00e1cticas guiadas para fortalecer estas habilidades en un entorno seguro y estructurado.   <\/p>\n","protected":false},"featured_media":9164,"comment_status":"closed","ping_status":"closed","template":"","meta":{"_acf_changed":false,"_monsterinsights_skip_tracking":false,"_monsterinsights_sitenote_active":false,"_monsterinsights_sitenote_note":"","_monsterinsights_sitenote_category":0},"product_brand":[],"product_cat":[787,838],"product_tag":[839,842,847],"class_list":{"0":"post-9161","1":"product","2":"type-product","3":"status-publish","4":"has-post-thumbnail","6":"product_cat-habilidades-sociales-y-emocionales","7":"product_cat-habilidades-de-conversacion","8":"product_tag-actividades-de-conversacion-para-ninos-con-autismo","9":"product_tag-como-ensenar-habilidades-de-conversacion-a-personas-autistas","10":"product_tag-actividades-para-ensenar-habilidades-sociales-a-ninos-con-autismo","12":"first","13":"instock","14":"downloadable","15":"shipping-taxable","16":"purchasable","17":"product-type-simple"},"acf":[],"aioseo_notices":[],"jetpack_sharing_enabled":true,"_links":{"self":[{"href":"https:\/\/positiveautism.org\/es\/wp-json\/wp\/v2\/product\/9161","targetHints":{"allow":["GET"]}}],"collection":[{"href":"https:\/\/positiveautism.org\/es\/wp-json\/wp\/v2\/product"}],"about":[{"href":"https:\/\/positiveautism.org\/es\/wp-json\/wp\/v2\/types\/product"}],"replies":[{"embeddable":true,"href":"https:\/\/positiveautism.org\/es\/wp-json\/wp\/v2\/comments?post=9161"}],"wp:featuredmedia":[{"embeddable":true,"href":"https:\/\/positiveautism.org\/es\/wp-json\/wp\/v2\/media\/9164"}],"wp:attachment":[{"href":"https:\/\/positiveautism.org\/es\/wp-json\/wp\/v2\/media?parent=9161"}],"wp:term":[{"taxonomy":"product_brand","embeddable":true,"href":"https:\/\/positiveautism.org\/es\/wp-json\/wp\/v2\/product_brand?post=9161"},{"taxonomy":"product_cat","embeddable":true,"href":"https:\/\/positiveautism.org\/es\/wp-json\/wp\/v2\/product_cat?post=9161"},{"taxonomy":"product_tag","embeddable":true,"href":"https:\/\/positiveautism.org\/es\/wp-json\/wp\/v2\/product_tag?post=9161"}],"curies":[{"name":"wp","href":"https:\/\/api.w.org\/{rel}","templated":true}]}}