{"id":9160,"date":"2024-11-06T15:34:28","date_gmt":"2025-04-07T14:43:41","guid":{"rendered":"https:\/\/positiveautism.org\/product\/la-aventura-de-nico-y-clara-aprender-a-conversar-actividad-para-practicar-la-comprension-lectora-y-las-habilidades-sociales-para-ninos-autistas\/"},"modified":"2025-04-07T10:43:41","modified_gmt":"2025-04-07T14:43:41","slug":"la-aventura-de-nico-y-clara-aprender-a-conversar-actividad-para-practicar-la-comprension-lectora-y-las-habilidades-sociales-para-ninos-autistas","status":"publish","type":"product","link":"https:\/\/positiveautism.org\/es\/producto\/la-aventura-de-nico-y-clara-aprender-a-conversar-actividad-para-practicar-la-comprension-lectora-y-las-habilidades-sociales-para-ninos-autistas\/","title":{"rendered":"La aventura de Nico y Clara: aprender a conversar. (Actividad para practicar la comprensi\u00f3n lectora y las habilidades sociales para ni\u00f1os autistas)"},"content":{"rendered":"","protected":false},"excerpt":{"rendered":"<p>Este material proporciona a los padres y educadores una herramienta para fortalecer la comprensi\u00f3n lectora y ense\u00f1ar habilidades sociales a los ni\u00f1os autistas. A trav\u00e9s de cuentos y ejemplos de conversaci\u00f3n, los ni\u00f1os aprenden a mostrar inter\u00e9s en lo que otros comparten, incluso si el tema no es su favorito. Adem\u00e1s, incluye preguntas de comprensi\u00f3n y actividades de juego de roles, donde los ni\u00f1os practican hacer preguntas para mostrar inter\u00e9s, fomentando habilidades clave para la interacci\u00f3n social y el desarrollo de relaciones.  <\/p>\n","protected":false},"featured_media":9163,"comment_status":"closed","ping_status":"closed","template":"","meta":{"_acf_changed":false,"_monsterinsights_skip_tracking":false,"_monsterinsights_sitenote_active":false,"_monsterinsights_sitenote_note":"","_monsterinsights_sitenote_category":0},"product_brand":[],"product_cat":[783,787,838],"product_tag":[794,795,850],"class_list":{"0":"post-9160","1":"product","2":"type-product","3":"status-publish","4":"has-post-thumbnail","6":"product_cat-comprension-lectora","7":"product_cat-habilidades-sociales-y-emocionales","8":"product_cat-habilidades-de-conversacion","9":"product_tag-lectura-para-ensenar-habilidades-de-comunicacion-a-ninos-con-autismo","10":"product_tag-comprension-lectora-para-ninos-autistas","11":"product_tag-leer-para-ensenar-a-tener-conversaciones","13":"first","14":"instock","15":"downloadable","16":"shipping-taxable","17":"purchasable","18":"product-type-simple"},"acf":[],"aioseo_notices":[],"jetpack_sharing_enabled":true,"_links":{"self":[{"href":"https:\/\/positiveautism.org\/es\/wp-json\/wp\/v2\/product\/9160","targetHints":{"allow":["GET"]}}],"collection":[{"href":"https:\/\/positiveautism.org\/es\/wp-json\/wp\/v2\/product"}],"about":[{"href":"https:\/\/positiveautism.org\/es\/wp-json\/wp\/v2\/types\/product"}],"replies":[{"embeddable":true,"href":"https:\/\/positiveautism.org\/es\/wp-json\/wp\/v2\/comments?post=9160"}],"wp:featuredmedia":[{"embeddable":true,"href":"https:\/\/positiveautism.org\/es\/wp-json\/wp\/v2\/media\/9163"}],"wp:attachment":[{"href":"https:\/\/positiveautism.org\/es\/wp-json\/wp\/v2\/media?parent=9160"}],"wp:term":[{"taxonomy":"product_brand","embeddable":true,"href":"https:\/\/positiveautism.org\/es\/wp-json\/wp\/v2\/product_brand?post=9160"},{"taxonomy":"product_cat","embeddable":true,"href":"https:\/\/positiveautism.org\/es\/wp-json\/wp\/v2\/product_cat?post=9160"},{"taxonomy":"product_tag","embeddable":true,"href":"https:\/\/positiveautism.org\/es\/wp-json\/wp\/v2\/product_tag?post=9160"}],"curies":[{"name":"wp","href":"https:\/\/api.w.org\/{rel}","templated":true}]}}