{"id":9153,"date":"2024-11-07T10:38:35","date_gmt":"2025-04-07T14:43:41","guid":{"rendered":"https:\/\/positiveautism.org\/product\/conversacion-libre-con-un-amigo-y-empatia-hojas-de-trabajo-de-actividades-para-ensenar-habilidades-sociales-y-emocionales-a-ninos-autistas\/"},"modified":"2025-04-07T10:43:41","modified_gmt":"2025-04-07T14:43:41","slug":"conversacion-libre-con-un-amigo-y-empatia-hojas-de-trabajo-de-actividades-para-ensenar-habilidades-sociales-y-emocionales-a-ninos-autistas","status":"publish","type":"product","link":"https:\/\/positiveautism.org\/es\/producto\/conversacion-libre-con-un-amigo-y-empatia-hojas-de-trabajo-de-actividades-para-ensenar-habilidades-sociales-y-emocionales-a-ninos-autistas\/","title":{"rendered":"Conversaci\u00f3n Libre con un Amigo y Empat\u00eda. (Hojas de trabajo de actividades para ense\u00f1ar habilidades sociales y emocionales a ni\u00f1os autistas)"},"content":{"rendered":"","protected":false},"excerpt":{"rendered":"<div class=\"flex-shrink-0 flex flex-col relative items-end\">\n<div>\n<div class=\"pt-0\">\n<div class=\"gizmo-bot-avatar flex h-8 w-8 items-center justify-center overflow-hidden rounded-full\">\n<div class=\"relative p-1 rounded-sm flex items-center justify-center bg-token-main-surface-primary text-token-text-primary h-8 w-8\">En este material, los padres y educadores encontrar\u00e1n herramientas pr\u00e1cticas para ense\u00f1ar habilidades sociales a ni\u00f1os y j\u00f3venes autistas, centr\u00e1ndose en el desarrollo de la empat\u00eda y la capacidad de mantener conversaciones significativas. A trav\u00e9s de ejemplos y actividades guiadas, los ni\u00f1os aprender\u00e1n a identificar y responder adecuadamente a las emociones y necesidades de los dem\u00e1s, fortaleciendo sus relaciones y su capacidad para conectarse con sus compa\u00f1eros. Las actividades incluyen ejercicios para ponerse en el lugar del otro, pr\u00e1cticas de conversaci\u00f3n y din\u00e1micas de juego de roles, que ayudar\u00e1n a los ni\u00f1os a comprender y expresar la empat\u00eda de una manera accesible y cercana.  <\/div>\n<\/div>\n<\/div>\n<\/div>\n<\/div>\n","protected":false},"featured_media":9156,"comment_status":"closed","ping_status":"closed","template":"","meta":{"_acf_changed":false,"_monsterinsights_skip_tracking":false,"_monsterinsights_sitenote_active":false,"_monsterinsights_sitenote_note":"","_monsterinsights_sitenote_category":0},"product_brand":[],"product_cat":[787,838],"product_tag":[811,841,848],"class_list":{"0":"post-9153","1":"product","2":"type-product","3":"status-publish","4":"has-post-thumbnail","6":"product_cat-habilidades-sociales-y-emocionales","7":"product_cat-habilidades-de-conversacion","8":"product_tag-habilidades-sociales-y-emocionales-en-ninos-autistas","9":"product_tag-actividades-de-conversacion-para-ninos-autistas","10":"product_tag-actividades-para-ensenar-empatia-a-ninos-autistas","12":"first","13":"instock","14":"downloadable","15":"shipping-taxable","16":"purchasable","17":"product-type-simple"},"acf":[],"aioseo_notices":[],"jetpack_sharing_enabled":true,"_links":{"self":[{"href":"https:\/\/positiveautism.org\/es\/wp-json\/wp\/v2\/product\/9153","targetHints":{"allow":["GET"]}}],"collection":[{"href":"https:\/\/positiveautism.org\/es\/wp-json\/wp\/v2\/product"}],"about":[{"href":"https:\/\/positiveautism.org\/es\/wp-json\/wp\/v2\/types\/product"}],"replies":[{"embeddable":true,"href":"https:\/\/positiveautism.org\/es\/wp-json\/wp\/v2\/comments?post=9153"}],"wp:featuredmedia":[{"embeddable":true,"href":"https:\/\/positiveautism.org\/es\/wp-json\/wp\/v2\/media\/9156"}],"wp:attachment":[{"href":"https:\/\/positiveautism.org\/es\/wp-json\/wp\/v2\/media?parent=9153"}],"wp:term":[{"taxonomy":"product_brand","embeddable":true,"href":"https:\/\/positiveautism.org\/es\/wp-json\/wp\/v2\/product_brand?post=9153"},{"taxonomy":"product_cat","embeddable":true,"href":"https:\/\/positiveautism.org\/es\/wp-json\/wp\/v2\/product_cat?post=9153"},{"taxonomy":"product_tag","embeddable":true,"href":"https:\/\/positiveautism.org\/es\/wp-json\/wp\/v2\/product_tag?post=9153"}],"curies":[{"name":"wp","href":"https:\/\/api.w.org\/{rel}","templated":true}]}}