{"id":9148,"date":"2024-11-11T15:24:53","date_gmt":"2025-04-07T14:43:35","guid":{"rendered":"https:\/\/positiveautism.org\/product\/decir-la-verdad-hojas-de-trabajo-para-ensenar-a-los-ninos-a-buscar-ayuda-y-habilidades-sociales\/"},"modified":"2025-04-07T10:43:35","modified_gmt":"2025-04-07T14:43:35","slug":"decir-la-verdad-hojas-de-trabajo-para-ensenar-a-los-ninos-a-buscar-ayuda-y-habilidades-sociales","status":"publish","type":"product","link":"https:\/\/positiveautism.org\/es\/producto\/decir-la-verdad-hojas-de-trabajo-para-ensenar-a-los-ninos-a-buscar-ayuda-y-habilidades-sociales\/","title":{"rendered":"Decir la verdad. (Hojas de trabajo para ense\u00f1ar a los ni\u00f1os a buscar ayuda y habilidades sociales)"},"content":{"rendered":"","protected":false},"excerpt":{"rendered":"<div class=\"flex-shrink-0 flex flex-col relative items-end\">\n<div>\n<div class=\"pt-0\">\n<div class=\"gizmo-bot-avatar flex h-8 w-8 items-center justify-center overflow-hidden rounded-full\">\n<div class=\"relative p-1 rounded-sm flex items-center justify-center bg-token-main-surface-primary text-token-text-primary h-8 w-8\">En este material encontrar\u00e1s herramientas pr\u00e1cticas para ense\u00f1ar a los ni\u00f1os la importancia de decir la verdad, con ejemplos y situaciones que fomentan la reflexi\u00f3n sobre las consecuencias de mentir y los beneficios de ser honesto. Incluye un cuento ilustrativo y actividades interactivas que ayudan a los ni\u00f1os a entender por qu\u00e9 la honestidad es esencial para mantener relaciones saludables y confianza con los dem\u00e1s. Este material est\u00e1 dise\u00f1ado tanto para padres como para educadores para guiar a los ni\u00f1os a trav\u00e9s de ejercicios de conversaci\u00f3n y preguntas que promuevan el valor de la sinceridad.  <\/div>\n<\/div>\n<\/div>\n<\/div>\n<\/div>\n","protected":false},"featured_media":9149,"comment_status":"closed","ping_status":"closed","template":"","meta":{"_acf_changed":false,"_monsterinsights_skip_tracking":false,"_monsterinsights_sitenote_active":false,"_monsterinsights_sitenote_note":"","_monsterinsights_sitenote_category":0},"product_brand":[],"product_cat":[741,787],"product_tag":[844,845,846],"class_list":{"0":"post-9148","1":"product","2":"type-product","3":"status-publish","4":"has-post-thumbnail","6":"product_cat-comunicacion-y-lenguaje","7":"product_cat-habilidades-sociales-y-emocionales","8":"product_tag-ensenar-a-los-ninos-a-decir-la-verdad","9":"product_tag-la-importancia-de-decir-la-verdad","10":"product_tag-ensenar-a-decir-la-verdad","12":"first","13":"instock","14":"downloadable","15":"shipping-taxable","16":"purchasable","17":"product-type-simple"},"acf":[],"aioseo_notices":[],"jetpack_sharing_enabled":true,"_links":{"self":[{"href":"https:\/\/positiveautism.org\/es\/wp-json\/wp\/v2\/product\/9148","targetHints":{"allow":["GET"]}}],"collection":[{"href":"https:\/\/positiveautism.org\/es\/wp-json\/wp\/v2\/product"}],"about":[{"href":"https:\/\/positiveautism.org\/es\/wp-json\/wp\/v2\/types\/product"}],"replies":[{"embeddable":true,"href":"https:\/\/positiveautism.org\/es\/wp-json\/wp\/v2\/comments?post=9148"}],"wp:featuredmedia":[{"embeddable":true,"href":"https:\/\/positiveautism.org\/es\/wp-json\/wp\/v2\/media\/9149"}],"wp:attachment":[{"href":"https:\/\/positiveautism.org\/es\/wp-json\/wp\/v2\/media?parent=9148"}],"wp:term":[{"taxonomy":"product_brand","embeddable":true,"href":"https:\/\/positiveautism.org\/es\/wp-json\/wp\/v2\/product_brand?post=9148"},{"taxonomy":"product_cat","embeddable":true,"href":"https:\/\/positiveautism.org\/es\/wp-json\/wp\/v2\/product_cat?post=9148"},{"taxonomy":"product_tag","embeddable":true,"href":"https:\/\/positiveautism.org\/es\/wp-json\/wp\/v2\/product_tag?post=9148"}],"curies":[{"name":"wp","href":"https:\/\/api.w.org\/{rel}","templated":true}]}}