{"id":9145,"date":"2024-11-11T11:21:15","date_gmt":"2025-04-07T14:43:34","guid":{"rendered":"https:\/\/positiveautism.org\/product\/cuando-otra-persona-te-habla-de-algo-de-lo-que-ya-has-hablado-antes-hojas-de-trabajo-para-ensenar-habilidades-de-conversacion-a-ninos-autistas\/"},"modified":"2025-04-07T10:43:34","modified_gmt":"2025-04-07T14:43:34","slug":"cuando-otra-persona-te-habla-de-algo-de-lo-que-ya-has-hablado-antes-hojas-de-trabajo-para-ensenar-habilidades-de-conversacion-a-ninos-autistas","status":"publish","type":"product","link":"https:\/\/positiveautism.org\/es\/producto\/cuando-otra-persona-te-habla-de-algo-de-lo-que-ya-has-hablado-antes-hojas-de-trabajo-para-ensenar-habilidades-de-conversacion-a-ninos-autistas\/","title":{"rendered":"Cuando otra persona te habla de algo de lo que ya has hablado antes. (Hojas de trabajo para ense\u00f1ar habilidades de conversaci\u00f3n a ni\u00f1os autistas)"},"content":{"rendered":"","protected":false},"excerpt":{"rendered":"<p>En este material, los padres y educadores encontrar\u00e1n recursos para ense\u00f1ar a los ni\u00f1os autistas c\u00f3mo mejorar sus habilidades de conversaci\u00f3n. A trav\u00e9s de ejemplos pr\u00e1cticos y ejercicios de pr\u00e1ctica, los ni\u00f1os aprender\u00e1n a responder adecuadamente cuando alguien les hable de temas familiares. Este enfoque ayuda a los ni\u00f1os a mostrar inter\u00e9s, hacer preguntas relevantes y adaptarse emocionalmente a las expresiones de las personas con las que est\u00e1n conversando. Al seguir estas pautas, los ni\u00f1os pueden disfrutar m\u00e1s de las interacciones sociales, desarrollando su capacidad para conectarse y responder de manera atenta y significativa.   <\/p>\n","protected":false},"featured_media":9146,"comment_status":"closed","ping_status":"closed","template":"","meta":{"_acf_changed":false,"_monsterinsights_skip_tracking":false,"_monsterinsights_sitenote_active":false,"_monsterinsights_sitenote_note":"","_monsterinsights_sitenote_category":0},"product_brand":[],"product_cat":[787,838],"product_tag":[841,842,843],"class_list":{"0":"post-9145","1":"product","2":"type-product","3":"status-publish","4":"has-post-thumbnail","6":"product_cat-habilidades-sociales-y-emocionales","7":"product_cat-habilidades-de-conversacion","8":"product_tag-actividades-de-conversacion-para-ninos-autistas","9":"product_tag-como-ensenar-habilidades-de-conversacion-a-personas-autistas","10":"product_tag-como-ensenar-habilidades-de-conversacion-a-personas-con-autismo","12":"first","13":"instock","14":"downloadable","15":"shipping-taxable","16":"purchasable","17":"product-type-simple"},"acf":[],"aioseo_notices":[],"jetpack_sharing_enabled":true,"_links":{"self":[{"href":"https:\/\/positiveautism.org\/es\/wp-json\/wp\/v2\/product\/9145","targetHints":{"allow":["GET"]}}],"collection":[{"href":"https:\/\/positiveautism.org\/es\/wp-json\/wp\/v2\/product"}],"about":[{"href":"https:\/\/positiveautism.org\/es\/wp-json\/wp\/v2\/types\/product"}],"replies":[{"embeddable":true,"href":"https:\/\/positiveautism.org\/es\/wp-json\/wp\/v2\/comments?post=9145"}],"wp:featuredmedia":[{"embeddable":true,"href":"https:\/\/positiveautism.org\/es\/wp-json\/wp\/v2\/media\/9146"}],"wp:attachment":[{"href":"https:\/\/positiveautism.org\/es\/wp-json\/wp\/v2\/media?parent=9145"}],"wp:term":[{"taxonomy":"product_brand","embeddable":true,"href":"https:\/\/positiveautism.org\/es\/wp-json\/wp\/v2\/product_brand?post=9145"},{"taxonomy":"product_cat","embeddable":true,"href":"https:\/\/positiveautism.org\/es\/wp-json\/wp\/v2\/product_cat?post=9145"},{"taxonomy":"product_tag","embeddable":true,"href":"https:\/\/positiveautism.org\/es\/wp-json\/wp\/v2\/product_tag?post=9145"}],"curies":[{"name":"wp","href":"https:\/\/api.w.org\/{rel}","templated":true}]}}