{"id":9139,"date":"2024-11-20T13:53:36","date_gmt":"2025-04-07T14:43:32","guid":{"rendered":"https:\/\/positiveautism.org\/product\/mirar-la-cara-de-la-persona-con-la-que-quieres-hablar-hojas-de-trabajo-para-ensenar-habilidades-de-conversacion-a-ninos-autistas\/"},"modified":"2025-04-07T10:43:32","modified_gmt":"2025-04-07T14:43:32","slug":"mirar-la-cara-de-la-persona-con-la-que-quieres-hablar-hojas-de-trabajo-para-ensenar-habilidades-de-conversacion-a-ninos-autistas","status":"publish","type":"product","link":"https:\/\/positiveautism.org\/es\/producto\/mirar-la-cara-de-la-persona-con-la-que-quieres-hablar-hojas-de-trabajo-para-ensenar-habilidades-de-conversacion-a-ninos-autistas\/","title":{"rendered":"Mirar la cara de la persona con la que quieres hablar. (Hojas de trabajo para ense\u00f1ar habilidades de conversaci\u00f3n a ni\u00f1os autistas)"},"content":{"rendered":"","protected":false},"excerpt":{"rendered":"<p>En este material, los padres y educadores encontrar\u00e1n herramientas pr\u00e1cticas y ejercicios dise\u00f1ados para ense\u00f1ar habilidades sociales a ni\u00f1os autistas, enfatizando la importancia de mirar a la persona con la que quieren hablar. Proporciona estrategias para practicar gradualmente el contacto visual y explica c\u00f3mo este gesto ayuda a mejorar la comunicaci\u00f3n y evitar malentendidos. Adem\u00e1s, incluye ejemplos de situaciones cotidianas en las que mirar a la otra persona puede facilitar las interacciones sociales, dando a los ni\u00f1os la confianza para aplicar estas habilidades en su vida diaria. Este recurso tiene como objetivo fortalecer las habilidades de comunicaci\u00f3n, respetando las sensibilidades individuales de cada ni\u00f1o y promoviendo un aprendizaje positivo y emp\u00e1tico.   <\/p>\n","protected":false},"featured_media":9141,"comment_status":"closed","ping_status":"closed","template":"","meta":{"_acf_changed":false,"_monsterinsights_skip_tracking":false,"_monsterinsights_sitenote_active":false,"_monsterinsights_sitenote_note":"","_monsterinsights_sitenote_category":0},"product_brand":[],"product_cat":[741,838],"product_tag":[788,839,840],"class_list":{"0":"post-9139","1":"product","2":"type-product","3":"status-publish","4":"has-post-thumbnail","6":"product_cat-comunicacion-y-lenguaje","7":"product_cat-habilidades-de-conversacion","8":"product_tag-actividades-para-tecnificar-habilidades-sociales-a-ninos-autistas","9":"product_tag-actividades-de-conversacion-para-ninos-con-autismo","10":"product_tag-mira-la-cara-de-la-otra-persona","12":"first","13":"instock","14":"downloadable","15":"shipping-taxable","16":"purchasable","17":"product-type-simple"},"acf":[],"aioseo_notices":[],"jetpack_sharing_enabled":true,"_links":{"self":[{"href":"https:\/\/positiveautism.org\/es\/wp-json\/wp\/v2\/product\/9139","targetHints":{"allow":["GET"]}}],"collection":[{"href":"https:\/\/positiveautism.org\/es\/wp-json\/wp\/v2\/product"}],"about":[{"href":"https:\/\/positiveautism.org\/es\/wp-json\/wp\/v2\/types\/product"}],"replies":[{"embeddable":true,"href":"https:\/\/positiveautism.org\/es\/wp-json\/wp\/v2\/comments?post=9139"}],"wp:featuredmedia":[{"embeddable":true,"href":"https:\/\/positiveautism.org\/es\/wp-json\/wp\/v2\/media\/9141"}],"wp:attachment":[{"href":"https:\/\/positiveautism.org\/es\/wp-json\/wp\/v2\/media?parent=9139"}],"wp:term":[{"taxonomy":"product_brand","embeddable":true,"href":"https:\/\/positiveautism.org\/es\/wp-json\/wp\/v2\/product_brand?post=9139"},{"taxonomy":"product_cat","embeddable":true,"href":"https:\/\/positiveautism.org\/es\/wp-json\/wp\/v2\/product_cat?post=9139"},{"taxonomy":"product_tag","embeddable":true,"href":"https:\/\/positiveautism.org\/es\/wp-json\/wp\/v2\/product_tag?post=9139"}],"curies":[{"name":"wp","href":"https:\/\/api.w.org\/{rel}","templated":true}]}}