{"id":9136,"date":"2024-11-18T12:30:51","date_gmt":"2025-04-07T14:43:32","guid":{"rendered":"https:\/\/positiveautism.org\/product\/la-historia-de-leo-aprendiendo-a-gestionar-sus-emociones-actividad-para-practicar-la-comprension-lectora-habilidades-sociales-y-emocionales-para-ninos-autistas\/"},"modified":"2025-04-07T10:43:32","modified_gmt":"2025-04-07T14:43:32","slug":"la-historia-de-leo-aprendiendo-a-gestionar-sus-emociones-actividad-para-practicar-la-comprension-lectora-habilidades-sociales-y-emocionales-para-ninos-autistas","status":"publish","type":"product","link":"https:\/\/positiveautism.org\/es\/producto\/la-historia-de-leo-aprendiendo-a-gestionar-sus-emociones-actividad-para-practicar-la-comprension-lectora-habilidades-sociales-y-emocionales-para-ninos-autistas\/","title":{"rendered":"La historia de Leo, aprendiendo a gestionar sus emociones. (Actividad para practicar la comprensi\u00f3n lectora, habilidades sociales y emocionales para ni\u00f1os autistas)"},"content":{"rendered":"","protected":false},"excerpt":{"rendered":"<p>Este material est\u00e1 dise\u00f1ado para apoyar a los padres y educadores en la ense\u00f1anza de habilidades emocionales y sociales a ni\u00f1os y j\u00f3venes autistas, utilizando cuentos y actividades pr\u00e1cticas de juego de roles. A trav\u00e9s de ejemplos concretos, como c\u00f3mo manejar los cambios en la rutina, expresar las emociones de manera adecuada o superar situaciones sensoriales desafiantes, se fomenta la comunicaci\u00f3n efectiva y la autorregulaci\u00f3n. Los ejercicios propuestos permiten practicar en un entorno seguro, reforzando el aprendizaje con amor y paciencia, a la vez que generan confianza para enfrentar los desaf\u00edos cotidianos.  <\/p>\n","protected":false},"featured_media":9137,"comment_status":"closed","ping_status":"closed","template":"","meta":{"_acf_changed":false,"_monsterinsights_skip_tracking":false,"_monsterinsights_sitenote_active":false,"_monsterinsights_sitenote_note":"","_monsterinsights_sitenote_category":0},"product_brand":[],"product_cat":[736,783,787,835],"product_tag":[790,795,836,837],"class_list":{"0":"post-9136","1":"product","2":"type-product","3":"status-publish","4":"has-post-thumbnail","6":"product_cat-ansiedad-tolerancia-al-cambio","7":"product_cat-comprension-lectora","8":"product_cat-habilidades-sociales-y-emocionales","9":"product_cat-independencia-y-habilidades-para-la-vida","10":"product_tag-comprension-lectora-para-ninos-con-autismo","11":"product_tag-comprension-lectora-para-ninos-autistas","12":"product_tag-aprender-a-manejar-sus-emociones","13":"product_tag-leer-para-aprender-a-gestionar-las-emociones","15":"first","16":"instock","17":"downloadable","18":"shipping-taxable","19":"purchasable","20":"product-type-simple"},"acf":[],"aioseo_notices":[],"jetpack_sharing_enabled":true,"_links":{"self":[{"href":"https:\/\/positiveautism.org\/es\/wp-json\/wp\/v2\/product\/9136","targetHints":{"allow":["GET"]}}],"collection":[{"href":"https:\/\/positiveautism.org\/es\/wp-json\/wp\/v2\/product"}],"about":[{"href":"https:\/\/positiveautism.org\/es\/wp-json\/wp\/v2\/types\/product"}],"replies":[{"embeddable":true,"href":"https:\/\/positiveautism.org\/es\/wp-json\/wp\/v2\/comments?post=9136"}],"wp:featuredmedia":[{"embeddable":true,"href":"https:\/\/positiveautism.org\/es\/wp-json\/wp\/v2\/media\/9137"}],"wp:attachment":[{"href":"https:\/\/positiveautism.org\/es\/wp-json\/wp\/v2\/media?parent=9136"}],"wp:term":[{"taxonomy":"product_brand","embeddable":true,"href":"https:\/\/positiveautism.org\/es\/wp-json\/wp\/v2\/product_brand?post=9136"},{"taxonomy":"product_cat","embeddable":true,"href":"https:\/\/positiveautism.org\/es\/wp-json\/wp\/v2\/product_cat?post=9136"},{"taxonomy":"product_tag","embeddable":true,"href":"https:\/\/positiveautism.org\/es\/wp-json\/wp\/v2\/product_tag?post=9136"}],"curies":[{"name":"wp","href":"https:\/\/api.w.org\/{rel}","templated":true}]}}