{"id":9131,"date":"2024-11-13T11:56:11","date_gmt":"2025-04-07T14:43:31","guid":{"rendered":"https:\/\/positiveautism.org\/product\/mira-las-caras-de-otras-personas-cuando-les-hables-hojas-de-trabajo-de-actividades-para-ensenar-habilidades-sociales-y-emocionales-a-ninos-autistas\/"},"modified":"2025-04-07T10:43:31","modified_gmt":"2025-04-07T14:43:31","slug":"mira-las-caras-de-otras-personas-cuando-les-hables-hojas-de-trabajo-de-actividades-para-ensenar-habilidades-sociales-y-emocionales-a-ninos-autistas","status":"publish","type":"product","link":"https:\/\/positiveautism.org\/es\/producto\/mira-las-caras-de-otras-personas-cuando-les-hables-hojas-de-trabajo-de-actividades-para-ensenar-habilidades-sociales-y-emocionales-a-ninos-autistas\/","title":{"rendered":"Mira las caras de otras personas cuando les hables. (Hojas de trabajo de actividades para ense\u00f1ar habilidades sociales y emocionales a ni\u00f1os autistas)"},"content":{"rendered":"","protected":false},"excerpt":{"rendered":"<p>En este material, encontrar\u00e1 herramientas pr\u00e1cticas y ejercicios dise\u00f1ados para ense\u00f1ar habilidades sociales y emocionales a ni\u00f1os autistas, con un enfoque especial en la importancia del contacto visual y las expresiones faciales. Los padres y educadores aprender\u00e1n c\u00f3mo guiar a los ni\u00f1os en la pr\u00e1ctica del contacto visual, utilizando estrategias simples como mirar la cara de la otra persona o concentrarse en su nariz o frente si hacer contacto visual directo es dif\u00edcil. Adem\u00e1s, se proponen actividades divertidas, como juegos de imitaci\u00f3n frente al espejo y conversaciones de rol, que ayudan a los ni\u00f1os a comprender mejor las emociones de los dem\u00e1s y mejorar sus habilidades comunicativas.  <\/p>\n","protected":false},"featured_media":9132,"comment_status":"closed","ping_status":"closed","template":"","meta":{"_acf_changed":false,"_monsterinsights_skip_tracking":false,"_monsterinsights_sitenote_active":false,"_monsterinsights_sitenote_note":"","_monsterinsights_sitenote_category":0},"product_brand":[],"product_cat":[741,787],"product_tag":[831,832],"class_list":{"0":"post-9131","1":"product","2":"type-product","3":"status-publish","4":"has-post-thumbnail","6":"product_cat-comunicacion-y-lenguaje","7":"product_cat-habilidades-sociales-y-emocionales","8":"product_tag-actividades-para-ensenar-habilidades-sociales-y-emocionales-a-ninos-autistas","9":"product_tag-importancia-de-mirar-a-la-cara","11":"first","12":"instock","13":"downloadable","14":"shipping-taxable","15":"purchasable","16":"product-type-simple"},"acf":[],"aioseo_notices":[],"jetpack_sharing_enabled":true,"_links":{"self":[{"href":"https:\/\/positiveautism.org\/es\/wp-json\/wp\/v2\/product\/9131","targetHints":{"allow":["GET"]}}],"collection":[{"href":"https:\/\/positiveautism.org\/es\/wp-json\/wp\/v2\/product"}],"about":[{"href":"https:\/\/positiveautism.org\/es\/wp-json\/wp\/v2\/types\/product"}],"replies":[{"embeddable":true,"href":"https:\/\/positiveautism.org\/es\/wp-json\/wp\/v2\/comments?post=9131"}],"wp:featuredmedia":[{"embeddable":true,"href":"https:\/\/positiveautism.org\/es\/wp-json\/wp\/v2\/media\/9132"}],"wp:attachment":[{"href":"https:\/\/positiveautism.org\/es\/wp-json\/wp\/v2\/media?parent=9131"}],"wp:term":[{"taxonomy":"product_brand","embeddable":true,"href":"https:\/\/positiveautism.org\/es\/wp-json\/wp\/v2\/product_brand?post=9131"},{"taxonomy":"product_cat","embeddable":true,"href":"https:\/\/positiveautism.org\/es\/wp-json\/wp\/v2\/product_cat?post=9131"},{"taxonomy":"product_tag","embeddable":true,"href":"https:\/\/positiveautism.org\/es\/wp-json\/wp\/v2\/product_tag?post=9131"}],"curies":[{"name":"wp","href":"https:\/\/api.w.org\/{rel}","templated":true}]}}