{"id":9130,"date":"2024-11-08T13:45:01","date_gmt":"2025-04-07T14:43:31","guid":{"rendered":"https:\/\/positiveautism.org\/product\/el-viaje-de-tomas-y-luna-hacia-la-amistad-actividad-para-practicar-la-comprension-lectora-y-las-habilidades-sociales-para-ninos-autistas\/"},"modified":"2025-04-07T10:43:31","modified_gmt":"2025-04-07T14:43:31","slug":"el-viaje-de-tomas-y-luna-hacia-la-amistad-actividad-para-practicar-la-comprension-lectora-y-las-habilidades-sociales-para-ninos-autistas","status":"publish","type":"product","link":"https:\/\/positiveautism.org\/es\/producto\/el-viaje-de-tomas-y-luna-hacia-la-amistad-actividad-para-practicar-la-comprension-lectora-y-las-habilidades-sociales-para-ninos-autistas\/","title":{"rendered":"El viaje de Tom\u00e1s y Luna hacia la amistad. (Actividad para practicar la comprensi\u00f3n lectora y las habilidades sociales para ni\u00f1os autistas)"},"content":{"rendered":"","protected":false},"excerpt":{"rendered":"<p>En este material, los padres y educadores encontrar\u00e1n herramientas para fortalecer la comprensi\u00f3n lectora y ense\u00f1ar habilidades sociales a los ni\u00f1os. A trav\u00e9s de la historia de Tom\u00e1s y Luna, se les invita a explorar temas como mostrar inter\u00e9s en los temas de los dem\u00e1s, iniciar conversaciones sencillas y expresar sentimientos mientras practican habilidades esenciales para construir relaciones. Con actividades pr\u00e1cticas y preguntas de comprensi\u00f3n, este material ayuda a los ni\u00f1os a desarrollar confianza en la comunicaci\u00f3n, la escucha activa y la empat\u00eda, habilidades que ser\u00e1n valiosas tanto social como acad\u00e9micamente.  <\/p>\n","protected":false},"featured_media":9134,"comment_status":"closed","ping_status":"closed","template":"","meta":{"_acf_changed":false,"_monsterinsights_skip_tracking":false,"_monsterinsights_sitenote_active":false,"_monsterinsights_sitenote_note":"","_monsterinsights_sitenote_category":0},"product_brand":[],"product_cat":[783,787],"product_tag":[785,833,834],"class_list":{"0":"post-9130","1":"product","2":"type-product","3":"status-publish","4":"has-post-thumbnail","6":"product_cat-comprension-lectora","7":"product_cat-habilidades-sociales-y-emocionales","8":"product_tag-comprension-lectora","9":"product_tag-habilidades-sociales-y-emocionales-en-ninos-con-autismo","10":"product_tag-lectura-para-ensenar-habilidades-sociales-y-emocionales-a-ninos-autistas","12":"first","13":"instock","14":"downloadable","15":"shipping-taxable","16":"purchasable","17":"product-type-simple"},"acf":[],"aioseo_notices":[],"jetpack_sharing_enabled":true,"_links":{"self":[{"href":"https:\/\/positiveautism.org\/es\/wp-json\/wp\/v2\/product\/9130","targetHints":{"allow":["GET"]}}],"collection":[{"href":"https:\/\/positiveautism.org\/es\/wp-json\/wp\/v2\/product"}],"about":[{"href":"https:\/\/positiveautism.org\/es\/wp-json\/wp\/v2\/types\/product"}],"replies":[{"embeddable":true,"href":"https:\/\/positiveautism.org\/es\/wp-json\/wp\/v2\/comments?post=9130"}],"wp:featuredmedia":[{"embeddable":true,"href":"https:\/\/positiveautism.org\/es\/wp-json\/wp\/v2\/media\/9134"}],"wp:attachment":[{"href":"https:\/\/positiveautism.org\/es\/wp-json\/wp\/v2\/media?parent=9130"}],"wp:term":[{"taxonomy":"product_brand","embeddable":true,"href":"https:\/\/positiveautism.org\/es\/wp-json\/wp\/v2\/product_brand?post=9130"},{"taxonomy":"product_cat","embeddable":true,"href":"https:\/\/positiveautism.org\/es\/wp-json\/wp\/v2\/product_cat?post=9130"},{"taxonomy":"product_tag","embeddable":true,"href":"https:\/\/positiveautism.org\/es\/wp-json\/wp\/v2\/product_tag?post=9130"}],"curies":[{"name":"wp","href":"https:\/\/api.w.org\/{rel}","templated":true}]}}