{"id":9121,"date":"2024-11-21T13:00:15","date_gmt":"2024-11-21T18:00:15","guid":{"rendered":"https:\/\/positiveautism.org\/product\/la-historia-de-silvana-y-el-arbol-de-las-estrellas-actividad-para-practicar-la-comprension-conciencia-y-aceptacion-de-la-lectura-en-ninos-tipicos-hacia-los-ninos-con-sindrome-de-rett\/"},"modified":"2025-12-08T10:37:27","modified_gmt":"2025-12-08T15:37:27","slug":"la-historia-de-silvana-y-el-arbol-de-las-estrellas-actividad-para-practicar-la-comprension-conciencia-y-aceptacion-de-la-lectura-en-ninos-tipicos-hacia-los-ninos-con-sindrome-de-rett","status":"publish","type":"product","link":"https:\/\/positiveautism.org\/es\/producto\/la-historia-de-silvana-y-el-arbol-de-las-estrellas-actividad-para-practicar-la-comprension-conciencia-y-aceptacion-de-la-lectura-en-ninos-tipicos-hacia-los-ninos-con-sindrome-de-rett\/","title":{"rendered":"La historia de Silvana y el \u00e1rbol de las estrellas. (Actividad Para Practicar La Comprensi\u00f3n, Concientizaci\u00f3n Y Aceptaci\u00f3n De La Lectura En Ni\u00f1os T\u00edpicos, Hacia Los Ni\u00f1os Con S\u00edndrome De Rett)"},"content":{"rendered":"","protected":false},"excerpt":{"rendered":"<p>Este material est\u00e1 dise\u00f1ado para ayudar a los padres y educadores a ense\u00f1ar a los ni\u00f1os t\u00edpicos sobre la inclusi\u00f3n y la comprensi\u00f3n del s\u00edndrome de Rett. A trav\u00e9s de historias sinceras y actividades pr\u00e1cticas como el juego de roles, los ni\u00f1os aprender\u00e1n a empatizar, adaptarse y ser pacientes al interactuar con compa\u00f1eros que enfrentan desaf\u00edos \u00fanicos. Los ejercicios se basan en situaciones de la vida real que promueven la comunicaci\u00f3n, la creatividad y la inclusi\u00f3n en un entorno seguro y estructurado. Este recurso fomenta la construcci\u00f3n de relaciones positivas y la comprensi\u00f3n de que cada ni\u00f1o tiene una luz \u00fanica para compartir.<\/p>\n","protected":false},"featured_media":9123,"comment_status":"closed","ping_status":"closed","template":"","meta":{"_acf_changed":false,"_monsterinsights_skip_tracking":false,"_monsterinsights_sitenote_active":false,"_monsterinsights_sitenote_note":"","_monsterinsights_sitenote_category":0},"product_brand":[],"product_cat":[768,783],"product_tag":[814,815,829],"class_list":{"0":"post-9121","1":"product","2":"type-product","3":"status-publish","4":"has-post-thumbnail","6":"product_cat-neurodiversidad","7":"product_cat-comprension-lectora","8":"product_tag-leer-sobre-una-nina-con-sindrome-de-rett","9":"product_tag-concienciacion-sobre-el-sindrome-de-rett","10":"product_tag-sindrome-de-rett","12":"first","13":"instock","14":"downloadable","15":"shipping-taxable","16":"purchasable","17":"product-type-simple"},"acf":[],"aioseo_notices":[],"jetpack_sharing_enabled":true,"_links":{"self":[{"href":"https:\/\/positiveautism.org\/es\/wp-json\/wp\/v2\/product\/9121","targetHints":{"allow":["GET"]}}],"collection":[{"href":"https:\/\/positiveautism.org\/es\/wp-json\/wp\/v2\/product"}],"about":[{"href":"https:\/\/positiveautism.org\/es\/wp-json\/wp\/v2\/types\/product"}],"replies":[{"embeddable":true,"href":"https:\/\/positiveautism.org\/es\/wp-json\/wp\/v2\/comments?post=9121"}],"wp:featuredmedia":[{"embeddable":true,"href":"https:\/\/positiveautism.org\/es\/wp-json\/wp\/v2\/media\/9123"}],"wp:attachment":[{"href":"https:\/\/positiveautism.org\/es\/wp-json\/wp\/v2\/media?parent=9121"}],"wp:term":[{"taxonomy":"product_brand","embeddable":true,"href":"https:\/\/positiveautism.org\/es\/wp-json\/wp\/v2\/product_brand?post=9121"},{"taxonomy":"product_cat","embeddable":true,"href":"https:\/\/positiveautism.org\/es\/wp-json\/wp\/v2\/product_cat?post=9121"},{"taxonomy":"product_tag","embeddable":true,"href":"https:\/\/positiveautism.org\/es\/wp-json\/wp\/v2\/product_tag?post=9121"}],"curies":[{"name":"wp","href":"https:\/\/api.w.org\/{rel}","templated":true}]}}