{"id":9120,"date":"2025-03-28T13:17:47","date_gmt":"2025-04-07T14:41:06","guid":{"rendered":"https:\/\/positiveautism.org\/product\/lucas-y-su-gran-aventura-actividad-para-practicar-la-comprension-lectora-el-descubrimiento-y-la-autoconciencia-en-ninos-con-apraxia-del-habla\/"},"modified":"2025-04-07T10:41:06","modified_gmt":"2025-04-07T14:41:06","slug":"lucas-y-su-gran-aventura-actividad-para-practicar-la-comprension-lectora-el-descubrimiento-y-la-autoconciencia-en-ninos-con-apraxia-del-habla","status":"publish","type":"product","link":"https:\/\/positiveautism.org\/es\/producto\/lucas-y-su-gran-aventura-actividad-para-practicar-la-comprension-lectora-el-descubrimiento-y-la-autoconciencia-en-ninos-con-apraxia-del-habla\/","title":{"rendered":"Lucas y su gran aventura. (Actividad para practicar la comprensi\u00f3n lectora, el descubrimiento y la autoconciencia en ni\u00f1os con apraxia del habla.)"},"content":{"rendered":"","protected":false},"excerpt":{"rendered":"<p>Este material proporciona a los padres y educadores un recurso integral y educativo para ense\u00f1ar a los ni\u00f1os con apraxia del habla sobre su condici\u00f3n, ayud\u00e1ndoles a entenderla, manejarla y aceptarla. A trav\u00e9s de la historia de Lucas, los desaf\u00edos asociados con la apraxia se abordan de una manera accesible y emp\u00e1tica, destacando la importancia del apoyo, la pr\u00e1ctica y la paciencia para superar los obst\u00e1culos de comunicaci\u00f3n. Adem\u00e1s, incluye actividades interactivas y juegos de rol que facilitan la conversaci\u00f3n y la expresi\u00f3n de ideas, fomentando la autoconfianza y el reconocimiento de que, a pesar de las dificultades del habla, cada ni\u00f1o posee habilidades \u00fanicas y un gran potencial de crecimiento.  <\/p>\n","protected":false},"featured_media":8578,"comment_status":"closed","ping_status":"closed","template":"","meta":{"_acf_changed":false,"_monsterinsights_skip_tracking":false,"_monsterinsights_sitenote_active":false,"_monsterinsights_sitenote_note":"","_monsterinsights_sitenote_category":0},"product_brand":[],"product_cat":[768],"product_tag":[826,827,828],"class_list":{"0":"post-9120","1":"product","2":"type-product","3":"status-publish","4":"has-post-thumbnail","6":"product_cat-neurodiversidad","7":"product_tag-lectura-para-ninos-con-apraxia","8":"product_tag-autoconciencia-sobre-la-apraxia","9":"product_tag-apraxia-del-habla","11":"first","12":"instock","13":"downloadable","14":"shipping-taxable","15":"purchasable","16":"product-type-simple"},"acf":[],"aioseo_notices":[],"jetpack_sharing_enabled":true,"_links":{"self":[{"href":"https:\/\/positiveautism.org\/es\/wp-json\/wp\/v2\/product\/9120","targetHints":{"allow":["GET"]}}],"collection":[{"href":"https:\/\/positiveautism.org\/es\/wp-json\/wp\/v2\/product"}],"about":[{"href":"https:\/\/positiveautism.org\/es\/wp-json\/wp\/v2\/types\/product"}],"replies":[{"embeddable":true,"href":"https:\/\/positiveautism.org\/es\/wp-json\/wp\/v2\/comments?post=9120"}],"wp:featuredmedia":[{"embeddable":true,"href":"https:\/\/positiveautism.org\/es\/wp-json\/wp\/v2\/media\/8578"}],"wp:attachment":[{"href":"https:\/\/positiveautism.org\/es\/wp-json\/wp\/v2\/media?parent=9120"}],"wp:term":[{"taxonomy":"product_brand","embeddable":true,"href":"https:\/\/positiveautism.org\/es\/wp-json\/wp\/v2\/product_brand?post=9120"},{"taxonomy":"product_cat","embeddable":true,"href":"https:\/\/positiveautism.org\/es\/wp-json\/wp\/v2\/product_cat?post=9120"},{"taxonomy":"product_tag","embeddable":true,"href":"https:\/\/positiveautism.org\/es\/wp-json\/wp\/v2\/product_tag?post=9120"}],"curies":[{"name":"wp","href":"https:\/\/api.w.org\/{rel}","templated":true}]}}