{"id":9114,"date":"2024-11-26T11:08:03","date_gmt":"2025-04-07T14:40:53","guid":{"rendered":"https:\/\/positiveautism.org\/product\/describiendo-lo-que-vemos-y-experimentamos-actividad-para-practicar-habilidades-de-comunicacion-y-lenguaje-para-ninos-autistas\/"},"modified":"2025-04-07T10:40:53","modified_gmt":"2025-04-07T14:40:53","slug":"describiendo-lo-que-vemos-y-experimentamos-actividad-para-practicar-habilidades-de-comunicacion-y-lenguaje-para-ninos-autistas","status":"publish","type":"product","link":"https:\/\/positiveautism.org\/es\/producto\/describiendo-lo-que-vemos-y-experimentamos-actividad-para-practicar-habilidades-de-comunicacion-y-lenguaje-para-ninos-autistas\/","title":{"rendered":"Describiendo lo que vemos y experimentamos. (Actividad para practicar habilidades de comunicaci\u00f3n y lenguaje para ni\u00f1os autistas)"},"content":{"rendered":"","protected":false},"excerpt":{"rendered":"<p>En este material, los padres y educadores encontrar\u00e1n estrategias pr\u00e1cticas y herramientas dise\u00f1adas para ense\u00f1ar habilidades sociales y ling\u00fc\u00edsticas a ni\u00f1os y j\u00f3venes autistas. El objetivo principal es ayudarles a describir lo que ven y experimentan, fomentando la expresi\u00f3n verbal y la capacidad de compartir sus pensamientos y sentimientos de forma estructurada. A trav\u00e9s de ejemplos claros, ejercicios guiados y actividades visuales, los ni\u00f1os practicar\u00e1n la observaci\u00f3n de su entorno, la organizaci\u00f3n de sus ideas y su expresi\u00f3n con palabras que describan detalles, emociones y acciones. Este recurso tambi\u00e9n incluye preguntas clave y actividades pr\u00e1cticas que promueven el aprendizaje interactivo, facilitando la comunicaci\u00f3n efectiva y el desarrollo de habilidades esenciales para la vida.   <\/p>\n","protected":false},"featured_media":9115,"comment_status":"closed","ping_status":"closed","template":"","meta":{"_acf_changed":false,"_monsterinsights_skip_tracking":false,"_monsterinsights_sitenote_active":false,"_monsterinsights_sitenote_note":"","_monsterinsights_sitenote_category":0},"product_brand":[],"product_cat":[741,787],"product_tag":[820,822,823,824],"class_list":{"0":"post-9114","1":"product","2":"type-product","3":"status-publish","4":"has-post-thumbnail","6":"product_cat-comunicacion-y-lenguaje","7":"product_cat-habilidades-sociales-y-emocionales","8":"product_tag-actividades-para-ensenar-comunicacion-y-lenguaje-a-personas-autistas","9":"product_tag-habilidades-comunicativas-y-linguisticas","10":"product_tag-hojas-de-trabajo-para-ensenar-a-expresarse","11":"product_tag-actividades-para-ensenar-la-comunicacion-y-el-lenguaje","13":"first","14":"instock","15":"downloadable","16":"shipping-taxable","17":"purchasable","18":"product-type-simple"},"acf":[],"aioseo_notices":[],"jetpack_sharing_enabled":true,"_links":{"self":[{"href":"https:\/\/positiveautism.org\/es\/wp-json\/wp\/v2\/product\/9114","targetHints":{"allow":["GET"]}}],"collection":[{"href":"https:\/\/positiveautism.org\/es\/wp-json\/wp\/v2\/product"}],"about":[{"href":"https:\/\/positiveautism.org\/es\/wp-json\/wp\/v2\/types\/product"}],"replies":[{"embeddable":true,"href":"https:\/\/positiveautism.org\/es\/wp-json\/wp\/v2\/comments?post=9114"}],"wp:featuredmedia":[{"embeddable":true,"href":"https:\/\/positiveautism.org\/es\/wp-json\/wp\/v2\/media\/9115"}],"wp:attachment":[{"href":"https:\/\/positiveautism.org\/es\/wp-json\/wp\/v2\/media?parent=9114"}],"wp:term":[{"taxonomy":"product_brand","embeddable":true,"href":"https:\/\/positiveautism.org\/es\/wp-json\/wp\/v2\/product_brand?post=9114"},{"taxonomy":"product_cat","embeddable":true,"href":"https:\/\/positiveautism.org\/es\/wp-json\/wp\/v2\/product_cat?post=9114"},{"taxonomy":"product_tag","embeddable":true,"href":"https:\/\/positiveautism.org\/es\/wp-json\/wp\/v2\/product_tag?post=9114"}],"curies":[{"name":"wp","href":"https:\/\/api.w.org\/{rel}","templated":true}]}}