{"id":9107,"date":"2024-11-26T11:35:20","date_gmt":"2025-04-07T14:40:53","guid":{"rendered":"https:\/\/positiveautism.org\/product\/la-importancia-de-observar-y-expresar-lo-que-ves-actividad-para-practicar-habilidades-de-comunicacion-y-lenguaje-para-ninos-autistas\/"},"modified":"2025-04-07T10:40:53","modified_gmt":"2025-04-07T14:40:53","slug":"la-importancia-de-observar-y-expresar-lo-que-ves-actividad-para-practicar-habilidades-de-comunicacion-y-lenguaje-para-ninos-autistas","status":"publish","type":"product","link":"https:\/\/positiveautism.org\/es\/producto\/la-importancia-de-observar-y-expresar-lo-que-ves-actividad-para-practicar-habilidades-de-comunicacion-y-lenguaje-para-ninos-autistas\/","title":{"rendered":"La importancia de observar y expresar lo que ves. (Actividad para practicar habilidades de comunicaci\u00f3n y lenguaje para ni\u00f1os autistas)"},"content":{"rendered":"","protected":false},"excerpt":{"rendered":"<p>Este material proporciona a los padres y educadores herramientas pr\u00e1cticas y din\u00e1micas para ense\u00f1ar a los ni\u00f1os y j\u00f3venes autistas habilidades de comunicaci\u00f3n y lenguaje a trav\u00e9s de la observaci\u00f3n y la expresi\u00f3n. A trav\u00e9s de actividades como juegos de roles, ejercicios de observaci\u00f3n guiada y descripci\u00f3n de im\u00e1genes, los ni\u00f1os aprender\u00e1n a identificar y expresar lo que ven, sienten y piensan a su manera \u00fanica. Este enfoque fomenta la interacci\u00f3n social, la confianza en uno mismo y el desarrollo del lenguaje mediante el uso de ejemplos cotidianos que facilitan la pr\u00e1ctica y el aprendizaje. Adem\u00e1s, incluye t\u00e9cnicas de refuerzo positivo para animar a los ni\u00f1os a compartir sus ideas y fortalecer progresivamente sus habilidades comunicativas.   <\/p>\n","protected":false},"featured_media":9112,"comment_status":"closed","ping_status":"closed","template":"","meta":{"_acf_changed":false,"_monsterinsights_skip_tracking":false,"_monsterinsights_sitenote_active":false,"_monsterinsights_sitenote_note":"","_monsterinsights_sitenote_category":0},"product_brand":[],"product_cat":[741,787],"product_tag":[789,820,821],"class_list":{"0":"post-9107","1":"product","2":"type-product","3":"status-publish","4":"has-post-thumbnail","6":"product_cat-comunicacion-y-lenguaje","7":"product_cat-habilidades-sociales-y-emocionales","8":"product_tag-comunicacion-y-lenguaje-en-personas-autistas","9":"product_tag-actividades-para-ensenar-comunicacion-y-lenguaje-a-personas-autistas","10":"product_tag-hojas-de-trabajo-para-ensenar-habilidades-de-comunicacion","12":"first","13":"instock","14":"downloadable","15":"shipping-taxable","16":"purchasable","17":"product-type-simple"},"acf":[],"aioseo_notices":[],"jetpack_sharing_enabled":true,"_links":{"self":[{"href":"https:\/\/positiveautism.org\/es\/wp-json\/wp\/v2\/product\/9107","targetHints":{"allow":["GET"]}}],"collection":[{"href":"https:\/\/positiveautism.org\/es\/wp-json\/wp\/v2\/product"}],"about":[{"href":"https:\/\/positiveautism.org\/es\/wp-json\/wp\/v2\/types\/product"}],"replies":[{"embeddable":true,"href":"https:\/\/positiveautism.org\/es\/wp-json\/wp\/v2\/comments?post=9107"}],"wp:featuredmedia":[{"embeddable":true,"href":"https:\/\/positiveautism.org\/es\/wp-json\/wp\/v2\/media\/9112"}],"wp:attachment":[{"href":"https:\/\/positiveautism.org\/es\/wp-json\/wp\/v2\/media?parent=9107"}],"wp:term":[{"taxonomy":"product_brand","embeddable":true,"href":"https:\/\/positiveautism.org\/es\/wp-json\/wp\/v2\/product_brand?post=9107"},{"taxonomy":"product_cat","embeddable":true,"href":"https:\/\/positiveautism.org\/es\/wp-json\/wp\/v2\/product_cat?post=9107"},{"taxonomy":"product_tag","embeddable":true,"href":"https:\/\/positiveautism.org\/es\/wp-json\/wp\/v2\/product_tag?post=9107"}],"curies":[{"name":"wp","href":"https:\/\/api.w.org\/{rel}","templated":true}]}}