{"id":9106,"date":"2024-11-28T11:21:20","date_gmt":"2025-04-07T14:40:53","guid":{"rendered":"https:\/\/positiveautism.org\/product\/el-viaje-de-nico-y-clara-aprender-a-calmar-la-tormenta-actividad-para-practicar-la-comprension-lectora-y-habilidades-para-manejar-las-dificultades-sensoriales-de-los-ninos-autistas\/"},"modified":"2025-04-07T10:40:53","modified_gmt":"2025-04-07T14:40:53","slug":"el-viaje-de-nico-y-clara-aprender-a-calmar-la-tormenta-actividad-para-practicar-la-comprension-lectora-y-habilidades-para-manejar-las-dificultades-sensoriales-de-los-ninos-autistas","status":"publish","type":"product","link":"https:\/\/positiveautism.org\/es\/producto\/el-viaje-de-nico-y-clara-aprender-a-calmar-la-tormenta-actividad-para-practicar-la-comprension-lectora-y-habilidades-para-manejar-las-dificultades-sensoriales-de-los-ninos-autistas\/","title":{"rendered":"El viaje de Nico y Clara: aprender a calmar la tormenta. (Actividad para practicar la comprensi\u00f3n lectora y habilidades para manejar las dificultades sensoriales de los ni\u00f1os autistas)"},"content":{"rendered":"","protected":false},"excerpt":{"rendered":"<p>Este material est\u00e1 dise\u00f1ado para padres y educadores que buscan ense\u00f1ar habilidades fundamentales en autorregulaci\u00f3n, comunicaci\u00f3n y manejo emocional a ni\u00f1os y j\u00f3venes autistas. A trav\u00e9s de cuentos como <em>\u00abEl viaje de Nico y Clara\u00bb<\/em> y actividades de juego de roles, los participantes pueden aprender estrategias pr\u00e1cticas para manejar la sobrecarga sensorial, expresar sus emociones y necesidades de manera efectiva y calmarse en entornos desafiantes. Este recurso incluye herramientas concretas, como se\u00f1ales manuales, tarjetas de comunicaci\u00f3n y el uso de elementos de apoyo (auriculares y pelotas antiestr\u00e9s), para ayudar a los ni\u00f1os a sentirse empoderados y seguros en su vida diaria. Adem\u00e1s, fomenta la pr\u00e1ctica en un entorno seguro para reforzar estas habilidades en escenarios de la vida real, promoviendo su independencia y bienestar.   <\/p>\n","protected":false},"featured_media":9109,"comment_status":"closed","ping_status":"closed","template":"","meta":{"_acf_changed":false,"_monsterinsights_skip_tracking":false,"_monsterinsights_sitenote_active":false,"_monsterinsights_sitenote_note":"","_monsterinsights_sitenote_category":0},"product_brand":[],"product_cat":[783,792],"product_tag":[798,818,819],"class_list":{"0":"post-9106","1":"product","2":"type-product","3":"status-publish","4":"has-post-thumbnail","6":"product_cat-comprension-lectora","7":"product_cat-area-sensorial","8":"product_tag-comprension-lectora-para-ninos-con-autismo-es","9":"product_tag-leer-para-ensenar-habilidades-emocionales","10":"product_tag-leer-para-ensenar-a-manejar-las-dificultades-sensoriales","12":"first","13":"instock","14":"downloadable","15":"shipping-taxable","16":"purchasable","17":"product-type-simple"},"acf":[],"aioseo_notices":[],"jetpack_sharing_enabled":true,"_links":{"self":[{"href":"https:\/\/positiveautism.org\/es\/wp-json\/wp\/v2\/product\/9106","targetHints":{"allow":["GET"]}}],"collection":[{"href":"https:\/\/positiveautism.org\/es\/wp-json\/wp\/v2\/product"}],"about":[{"href":"https:\/\/positiveautism.org\/es\/wp-json\/wp\/v2\/types\/product"}],"replies":[{"embeddable":true,"href":"https:\/\/positiveautism.org\/es\/wp-json\/wp\/v2\/comments?post=9106"}],"wp:featuredmedia":[{"embeddable":true,"href":"https:\/\/positiveautism.org\/es\/wp-json\/wp\/v2\/media\/9109"}],"wp:attachment":[{"href":"https:\/\/positiveautism.org\/es\/wp-json\/wp\/v2\/media?parent=9106"}],"wp:term":[{"taxonomy":"product_brand","embeddable":true,"href":"https:\/\/positiveautism.org\/es\/wp-json\/wp\/v2\/product_brand?post=9106"},{"taxonomy":"product_cat","embeddable":true,"href":"https:\/\/positiveautism.org\/es\/wp-json\/wp\/v2\/product_cat?post=9106"},{"taxonomy":"product_tag","embeddable":true,"href":"https:\/\/positiveautism.org\/es\/wp-json\/wp\/v2\/product_tag?post=9106"}],"curies":[{"name":"wp","href":"https:\/\/api.w.org\/{rel}","templated":true}]}}