{"id":9105,"date":"2024-12-03T19:34:18","date_gmt":"2025-04-07T14:40:53","guid":{"rendered":"https:\/\/positiveautism.org\/product\/diario-de-sofi-aprendiendo-a-compartir-mi-dia-actividad-para-practicar-la-comprension-lectora-y-las-habilidades-de-comunicacion-para-ninos-autistas\/"},"modified":"2025-04-07T10:40:53","modified_gmt":"2025-04-07T14:40:53","slug":"diario-de-sofi-aprendiendo-a-compartir-mi-dia-actividad-para-practicar-la-comprension-lectora-y-las-habilidades-de-comunicacion-para-ninos-autistas","status":"publish","type":"product","link":"https:\/\/positiveautism.org\/es\/producto\/diario-de-sofi-aprendiendo-a-compartir-mi-dia-actividad-para-practicar-la-comprension-lectora-y-las-habilidades-de-comunicacion-para-ninos-autistas\/","title":{"rendered":"Diario de Sofi: Aprendiendo a compartir mi d\u00eda. (Actividad para practicar la comprensi\u00f3n lectora y las habilidades de comunicaci\u00f3n para ni\u00f1os autistas)"},"content":{"rendered":"","protected":false},"excerpt":{"rendered":"<div class=\"flex-shrink-0 flex flex-col relative items-end\">\n<div>\n<div class=\"pt-0\">\n<div class=\"gizmo-bot-avatar flex h-8 w-8 items-center justify-center overflow-hidden rounded-full\">\n<div class=\"relative p-1 rounded-sm flex items-center justify-center bg-token-main-surface-primary text-token-text-primary h-8 w-8\">Este material est\u00e1 dise\u00f1ado para padres y educadores como una herramienta pr\u00e1ctica para trabajar la comprensi\u00f3n lectora y desarrollar habilidades comunicativas en ni\u00f1os autistas. A trav\u00e9s de cuentos como el de Sofi, actividades interactivas y juegos de rol, los ni\u00f1os aprender\u00e1n a narrar sus experiencias diarias, organizar ideas y expresar emociones de forma estructurada. Las actividades est\u00e1n adaptadas para fomentar la interacci\u00f3n positiva, el pensamiento reflexivo y el uso de ayudas visuales o escritas, lo que garantiza una experiencia de aprendizaje divertida y educativa. Este enfoque fortalece las habilidades sociales clave y promueve la confianza en uno mismo en un entorno seguro y estimulante.   <\/div>\n<\/div>\n<\/div>\n<\/div>\n<\/div>\n","protected":false},"featured_media":9108,"comment_status":"closed","ping_status":"closed","template":"","meta":{"_acf_changed":false,"_monsterinsights_skip_tracking":false,"_monsterinsights_sitenote_active":false,"_monsterinsights_sitenote_note":"","_monsterinsights_sitenote_category":0},"product_brand":[],"product_cat":[741,783],"product_tag":[790,794,795,817],"class_list":{"0":"post-9105","1":"product","2":"type-product","3":"status-publish","4":"has-post-thumbnail","6":"product_cat-comunicacion-y-lenguaje","7":"product_cat-comprension-lectora","8":"product_tag-comprension-lectora-para-ninos-con-autismo","9":"product_tag-lectura-para-ensenar-habilidades-de-comunicacion-a-ninos-con-autismo","10":"product_tag-comprension-lectora-para-ninos-autistas","11":"product_tag-como-ensenar-a-los-ninos-autistas-a-narrar-sus-experiencias","13":"first","14":"instock","15":"downloadable","16":"shipping-taxable","17":"purchasable","18":"product-type-simple"},"acf":[],"aioseo_notices":[],"jetpack_sharing_enabled":true,"_links":{"self":[{"href":"https:\/\/positiveautism.org\/es\/wp-json\/wp\/v2\/product\/9105","targetHints":{"allow":["GET"]}}],"collection":[{"href":"https:\/\/positiveautism.org\/es\/wp-json\/wp\/v2\/product"}],"about":[{"href":"https:\/\/positiveautism.org\/es\/wp-json\/wp\/v2\/types\/product"}],"replies":[{"embeddable":true,"href":"https:\/\/positiveautism.org\/es\/wp-json\/wp\/v2\/comments?post=9105"}],"wp:featuredmedia":[{"embeddable":true,"href":"https:\/\/positiveautism.org\/es\/wp-json\/wp\/v2\/media\/9108"}],"wp:attachment":[{"href":"https:\/\/positiveautism.org\/es\/wp-json\/wp\/v2\/media?parent=9105"}],"wp:term":[{"taxonomy":"product_brand","embeddable":true,"href":"https:\/\/positiveautism.org\/es\/wp-json\/wp\/v2\/product_brand?post=9105"},{"taxonomy":"product_cat","embeddable":true,"href":"https:\/\/positiveautism.org\/es\/wp-json\/wp\/v2\/product_cat?post=9105"},{"taxonomy":"product_tag","embeddable":true,"href":"https:\/\/positiveautism.org\/es\/wp-json\/wp\/v2\/product_tag?post=9105"}],"curies":[{"name":"wp","href":"https:\/\/api.w.org\/{rel}","templated":true}]}}