{"id":9101,"date":"2025-01-08T12:02:52","date_gmt":"2025-04-07T14:40:49","guid":{"rendered":"https:\/\/positiveautism.org\/product\/el-mundo-de-silvana-entendiendo-el-sindrome-de-rett-actividad-para-practicar-la-comprension-conciencia-y-aceptacion-de-la-lectura-en-ninos-tipicos-hacia-los-ninos-con-sindrome-de-rett\/"},"modified":"2025-04-07T10:40:49","modified_gmt":"2025-04-07T14:40:49","slug":"el-mundo-de-silvana-entendiendo-el-sindrome-de-rett-actividad-para-practicar-la-comprension-conciencia-y-aceptacion-de-la-lectura-en-ninos-tipicos-hacia-los-ninos-con-sindrome-de-rett","status":"publish","type":"product","link":"https:\/\/positiveautism.org\/es\/producto\/el-mundo-de-silvana-entendiendo-el-sindrome-de-rett-actividad-para-practicar-la-comprension-conciencia-y-aceptacion-de-la-lectura-en-ninos-tipicos-hacia-los-ninos-con-sindrome-de-rett\/","title":{"rendered":"El mundo de Silvana: Entendiendo el s\u00edndrome de Rett. (Actividad Para Practicar La Comprensi\u00f3n, Conciencia Y Aceptaci\u00f3n De La Lectura En Ni\u00f1os T\u00edpicos, Hacia Los Ni\u00f1os Con S\u00edndrome De Rett)"},"content":{"rendered":"","protected":false},"excerpt":{"rendered":"<p>Este material est\u00e1 dise\u00f1ado para desarrollar la comprensi\u00f3n lectora y crear conciencia sobre el s\u00edndrome de Rett en los ni\u00f1os. A trav\u00e9s de la historia de <em>El mundo de Silvana<\/em>, los lectores conocen a Silvana, una ni\u00f1a que enfrenta los desaf\u00edos asociados con esta condici\u00f3n. La narraci\u00f3n destaca c\u00f3mo sus compa\u00f1eros de clase aprenden a comprender sus necesidades, muestran empat\u00eda y la incluyen en las actividades escolares y sociales. Tambi\u00e9n se proporcionan preguntas reflexivas para profundizar la comprensi\u00f3n, dibujos interactivos para completar y juegos de rol que ense\u00f1an a los ni\u00f1os estrategias pr\u00e1cticas para comunicarse e interactuar con personas con discapacidades. Este enfoque no solo mejora la inclusi\u00f3n y la comprensi\u00f3n, sino que tambi\u00e9n fomenta las habilidades sociales y emocionales en los ni\u00f1os participantes.    <\/p>\n","protected":false},"featured_media":9102,"comment_status":"closed","ping_status":"closed","template":"","meta":{"_acf_changed":false,"_monsterinsights_skip_tracking":false,"_monsterinsights_sitenote_active":false,"_monsterinsights_sitenote_note":"","_monsterinsights_sitenote_category":0},"product_brand":[],"product_cat":[768,783],"product_tag":[814,815,816],"class_list":{"0":"post-9101","1":"product","2":"type-product","3":"status-publish","4":"has-post-thumbnail","6":"product_cat-neurodiversidad","7":"product_cat-comprension-lectora","8":"product_tag-leer-sobre-una-nina-con-sindrome-de-rett","9":"product_tag-concienciacion-sobre-el-sindrome-de-rett","10":"product_tag-concienciacion-sobre-el-sindrome-de-rett-en-las-escuelas","12":"first","13":"instock","14":"downloadable","15":"shipping-taxable","16":"purchasable","17":"product-type-simple"},"acf":[],"aioseo_notices":[],"jetpack_sharing_enabled":true,"_links":{"self":[{"href":"https:\/\/positiveautism.org\/es\/wp-json\/wp\/v2\/product\/9101","targetHints":{"allow":["GET"]}}],"collection":[{"href":"https:\/\/positiveautism.org\/es\/wp-json\/wp\/v2\/product"}],"about":[{"href":"https:\/\/positiveautism.org\/es\/wp-json\/wp\/v2\/types\/product"}],"replies":[{"embeddable":true,"href":"https:\/\/positiveautism.org\/es\/wp-json\/wp\/v2\/comments?post=9101"}],"wp:featuredmedia":[{"embeddable":true,"href":"https:\/\/positiveautism.org\/es\/wp-json\/wp\/v2\/media\/9102"}],"wp:attachment":[{"href":"https:\/\/positiveautism.org\/es\/wp-json\/wp\/v2\/media?parent=9101"}],"wp:term":[{"taxonomy":"product_brand","embeddable":true,"href":"https:\/\/positiveautism.org\/es\/wp-json\/wp\/v2\/product_brand?post=9101"},{"taxonomy":"product_cat","embeddable":true,"href":"https:\/\/positiveautism.org\/es\/wp-json\/wp\/v2\/product_cat?post=9101"},{"taxonomy":"product_tag","embeddable":true,"href":"https:\/\/positiveautism.org\/es\/wp-json\/wp\/v2\/product_tag?post=9101"}],"curies":[{"name":"wp","href":"https:\/\/api.w.org\/{rel}","templated":true}]}}