{"id":9098,"date":"2024-12-11T15:29:53","date_gmt":"2025-04-07T14:40:48","guid":{"rendered":"https:\/\/positiveautism.org\/product\/juego-exploradores-de-casas-actividad-para-practicar-habilidades-de-comunicacion-y-lenguaje-para-ninos-autistas\/"},"modified":"2025-04-07T10:40:48","modified_gmt":"2025-04-07T14:40:48","slug":"juego-exploradores-de-casas-actividad-para-practicar-habilidades-de-comunicacion-y-lenguaje-para-ninos-autistas","status":"publish","type":"product","link":"https:\/\/positiveautism.org\/es\/producto\/juego-exploradores-de-casas-actividad-para-practicar-habilidades-de-comunicacion-y-lenguaje-para-ninos-autistas\/","title":{"rendered":"Juego: \u00abExploradores de casas\u00bb. (Actividad para practicar habilidades de comunicaci\u00f3n y lenguaje para ni\u00f1os autistas)"},"content":{"rendered":"","protected":false},"excerpt":{"rendered":"<p>En este cuaderno de trabajo, los padres y educadores encontrar\u00e1n herramientas y actividades pr\u00e1cticas dise\u00f1adas para ense\u00f1ar habilidades esenciales a ni\u00f1os y j\u00f3venes autistas de una manera interactiva y divertida. El objetivo principal es fortalecer la comprensi\u00f3n del lenguaje, la expresi\u00f3n verbal, las habilidades sociales y la autoconfianza a trav\u00e9s de la exploraci\u00f3n y la participaci\u00f3n en actividades en diferentes \u00e1reas de la casa. Este enfoque pr\u00e1ctico no solo promueve el desarrollo del vocabulario y las normas sociales, sino que tambi\u00e9n ayuda a los participantes a desarrollar independencia y confianza para expresar sus necesidades y pensamientos en un entorno seguro y estructurado.  <\/p>\n","protected":false},"featured_media":9099,"comment_status":"closed","ping_status":"closed","template":"","meta":{"_acf_changed":false,"_monsterinsights_skip_tracking":false,"_monsterinsights_sitenote_active":false,"_monsterinsights_sitenote_note":"","_monsterinsights_sitenote_category":0},"product_brand":[],"product_cat":[741,787],"product_tag":[811,812,813],"class_list":{"0":"post-9098","1":"product","2":"type-product","3":"status-publish","4":"has-post-thumbnail","6":"product_cat-comunicacion-y-lenguaje","7":"product_cat-habilidades-sociales-y-emocionales","8":"product_tag-habilidades-sociales-y-emocionales-en-ninos-autistas","9":"product_tag-comprension-del-lenguaje-en-ninos-autistas","10":"product_tag-expresion-verbal-para-ninos-autistas","12":"first","13":"instock","14":"downloadable","15":"shipping-taxable","16":"purchasable","17":"product-type-simple"},"acf":[],"aioseo_notices":[],"jetpack_sharing_enabled":true,"_links":{"self":[{"href":"https:\/\/positiveautism.org\/es\/wp-json\/wp\/v2\/product\/9098","targetHints":{"allow":["GET"]}}],"collection":[{"href":"https:\/\/positiveautism.org\/es\/wp-json\/wp\/v2\/product"}],"about":[{"href":"https:\/\/positiveautism.org\/es\/wp-json\/wp\/v2\/types\/product"}],"replies":[{"embeddable":true,"href":"https:\/\/positiveautism.org\/es\/wp-json\/wp\/v2\/comments?post=9098"}],"wp:featuredmedia":[{"embeddable":true,"href":"https:\/\/positiveautism.org\/es\/wp-json\/wp\/v2\/media\/9099"}],"wp:attachment":[{"href":"https:\/\/positiveautism.org\/es\/wp-json\/wp\/v2\/media?parent=9098"}],"wp:term":[{"taxonomy":"product_brand","embeddable":true,"href":"https:\/\/positiveautism.org\/es\/wp-json\/wp\/v2\/product_brand?post=9098"},{"taxonomy":"product_cat","embeddable":true,"href":"https:\/\/positiveautism.org\/es\/wp-json\/wp\/v2\/product_cat?post=9098"},{"taxonomy":"product_tag","embeddable":true,"href":"https:\/\/positiveautism.org\/es\/wp-json\/wp\/v2\/product_tag?post=9098"}],"curies":[{"name":"wp","href":"https:\/\/api.w.org\/{rel}","templated":true}]}}