{"id":9094,"date":"2024-12-12T20:25:38","date_gmt":"2025-04-07T14:40:46","guid":{"rendered":"https:\/\/positiveautism.org\/product\/el-misterio-de-la-caja-perdida-actividad-para-practicar-habilidades-de-comunicacion-y-lenguaje-para-ninos-autistas\/"},"modified":"2025-04-07T10:40:46","modified_gmt":"2025-04-07T14:40:46","slug":"el-misterio-de-la-caja-perdida-actividad-para-practicar-habilidades-de-comunicacion-y-lenguaje-para-ninos-autistas","status":"publish","type":"product","link":"https:\/\/positiveautism.org\/es\/producto\/el-misterio-de-la-caja-perdida-actividad-para-practicar-habilidades-de-comunicacion-y-lenguaje-para-ninos-autistas\/","title":{"rendered":"El misterio de la caja perdida. (Actividad para practicar habilidades de comunicaci\u00f3n y lenguaje para ni\u00f1os autistas)"},"content":{"rendered":"","protected":false},"excerpt":{"rendered":"<p>En este material, encontrar\u00e1 una herramienta interactiva dise\u00f1ada para ense\u00f1ar habilidades sociales y de comunicaci\u00f3n a ni\u00f1os autistas a trav\u00e9s de un cuento titulado <em>\u00abEl misterio de la caja perdida\u00bb.<\/em> A trav\u00e9s de preguntas simples, situaciones pr\u00e1cticas y actividades visuales, los ni\u00f1os pueden desarrollar su comprensi\u00f3n ling\u00fc\u00edstica, analizar escenarios cotidianos y practicar respuestas claras y efectivas. El enfoque est\u00e1 en fomentar la interacci\u00f3n verbal, la resoluci\u00f3n de problemas y la imaginaci\u00f3n, ofreciendo a los padres y educadores una gu\u00eda paso a paso para trabajar de manera efectiva y divertida con los ni\u00f1os mientras fortalecen sus habilidades sociales y emocionales. <\/p>\n","protected":false},"featured_media":9095,"comment_status":"closed","ping_status":"closed","template":"","meta":{"_acf_changed":false,"_monsterinsights_skip_tracking":false,"_monsterinsights_sitenote_active":false,"_monsterinsights_sitenote_note":"","_monsterinsights_sitenote_category":0},"product_brand":[],"product_cat":[741,787],"product_tag":[808,809,810],"class_list":{"0":"post-9094","1":"product","2":"type-product","3":"status-publish","4":"has-post-thumbnail","6":"product_cat-comunicacion-y-lenguaje","7":"product_cat-habilidades-sociales-y-emocionales","8":"product_tag-habilidades-sociales-para-ninos-autistas","9":"product_tag-actividad-para-desarrollar-el-lenguaje-expresivo","10":"product_tag-lenguaje-expresivo-para-ninos-autistas","12":"first","13":"instock","14":"downloadable","15":"shipping-taxable","16":"purchasable","17":"product-type-simple"},"acf":[],"aioseo_notices":[],"jetpack_sharing_enabled":true,"_links":{"self":[{"href":"https:\/\/positiveautism.org\/es\/wp-json\/wp\/v2\/product\/9094","targetHints":{"allow":["GET"]}}],"collection":[{"href":"https:\/\/positiveautism.org\/es\/wp-json\/wp\/v2\/product"}],"about":[{"href":"https:\/\/positiveautism.org\/es\/wp-json\/wp\/v2\/types\/product"}],"replies":[{"embeddable":true,"href":"https:\/\/positiveautism.org\/es\/wp-json\/wp\/v2\/comments?post=9094"}],"wp:featuredmedia":[{"embeddable":true,"href":"https:\/\/positiveautism.org\/es\/wp-json\/wp\/v2\/media\/9095"}],"wp:attachment":[{"href":"https:\/\/positiveautism.org\/es\/wp-json\/wp\/v2\/media?parent=9094"}],"wp:term":[{"taxonomy":"product_brand","embeddable":true,"href":"https:\/\/positiveautism.org\/es\/wp-json\/wp\/v2\/product_brand?post=9094"},{"taxonomy":"product_cat","embeddable":true,"href":"https:\/\/positiveautism.org\/es\/wp-json\/wp\/v2\/product_cat?post=9094"},{"taxonomy":"product_tag","embeddable":true,"href":"https:\/\/positiveautism.org\/es\/wp-json\/wp\/v2\/product_tag?post=9094"}],"curies":[{"name":"wp","href":"https:\/\/api.w.org\/{rel}","templated":true}]}}