{"id":9090,"date":"2025-01-20T12:09:19","date_gmt":"2025-04-07T14:40:44","guid":{"rendered":"https:\/\/positiveautism.org\/product\/la-aventura-de-alex-descubriendo-mis-superpoderes-actividad-para-practicar-la-comprension-lectora-el-descubrimiento-y-la-autoconciencia-en-ninos-con-tdah\/"},"modified":"2025-04-07T10:40:44","modified_gmt":"2025-04-07T14:40:44","slug":"la-aventura-de-alex-descubriendo-mis-superpoderes-actividad-para-practicar-la-comprension-lectora-el-descubrimiento-y-la-autoconciencia-en-ninos-con-tdah","status":"publish","type":"product","link":"https:\/\/positiveautism.org\/es\/producto\/la-aventura-de-alex-descubriendo-mis-superpoderes-actividad-para-practicar-la-comprension-lectora-el-descubrimiento-y-la-autoconciencia-en-ninos-con-tdah\/","title":{"rendered":"La aventura de Alex descubriendo mis superpoderes. (Actividad para practicar la comprensi\u00f3n lectora, el descubrimiento y la autoconciencia en ni\u00f1os con TDAH)."},"content":{"rendered":"","protected":false},"excerpt":{"rendered":"<p>En este material, los padres y educadores encontrar\u00e1n herramientas pr\u00e1cticas y estrategias efectivas para ayudar a los ni\u00f1os con TDAH a transformar sus desaf\u00edos en fortalezas. A trav\u00e9s de la historia de Alex, se ilustran conceptos clave, como la importancia de establecer rutinas diarias, tomar descansos activos, dividir las tareas en metas m\u00e1s peque\u00f1as y aprender a manejar los impulsos y la ansiedad. Adem\u00e1s, se incluyen actividades de roleplaying para practicar estas habilidades en un entorno controlado, reforzando su aprendizaje y potenciando su autoestima. Este recurso tiene como objetivo empoderar a los ni\u00f1os con TDAH, demostrando que su energ\u00eda puede convertirse en un \u00absuperpoder\u00bb con el apoyo adecuado.   <\/p>\n","protected":false},"featured_media":9091,"comment_status":"closed","ping_status":"closed","template":"","meta":{"_acf_changed":false,"_monsterinsights_skip_tracking":false,"_monsterinsights_sitenote_active":false,"_monsterinsights_sitenote_note":"","_monsterinsights_sitenote_category":0},"product_brand":[],"product_cat":[768,783],"product_tag":[785,805,806,807],"class_list":{"0":"post-9090","1":"product","2":"type-product","3":"status-publish","4":"has-post-thumbnail","6":"product_cat-neurodiversidad","7":"product_cat-comprension-lectora","8":"product_tag-comprension-lectora","9":"product_tag-autoconciencia-en-ninos-con-tdah","10":"product_tag-descubrimiento","11":"product_tag-tdah-trastorno-por-deficit-de-atencion-con","13":"first","14":"instock","15":"downloadable","16":"shipping-taxable","17":"purchasable","18":"product-type-simple"},"acf":[],"aioseo_notices":[],"jetpack_sharing_enabled":true,"_links":{"self":[{"href":"https:\/\/positiveautism.org\/es\/wp-json\/wp\/v2\/product\/9090","targetHints":{"allow":["GET"]}}],"collection":[{"href":"https:\/\/positiveautism.org\/es\/wp-json\/wp\/v2\/product"}],"about":[{"href":"https:\/\/positiveautism.org\/es\/wp-json\/wp\/v2\/types\/product"}],"replies":[{"embeddable":true,"href":"https:\/\/positiveautism.org\/es\/wp-json\/wp\/v2\/comments?post=9090"}],"wp:featuredmedia":[{"embeddable":true,"href":"https:\/\/positiveautism.org\/es\/wp-json\/wp\/v2\/media\/9091"}],"wp:attachment":[{"href":"https:\/\/positiveautism.org\/es\/wp-json\/wp\/v2\/media?parent=9090"}],"wp:term":[{"taxonomy":"product_brand","embeddable":true,"href":"https:\/\/positiveautism.org\/es\/wp-json\/wp\/v2\/product_brand?post=9090"},{"taxonomy":"product_cat","embeddable":true,"href":"https:\/\/positiveautism.org\/es\/wp-json\/wp\/v2\/product_cat?post=9090"},{"taxonomy":"product_tag","embeddable":true,"href":"https:\/\/positiveautism.org\/es\/wp-json\/wp\/v2\/product_tag?post=9090"}],"curies":[{"name":"wp","href":"https:\/\/api.w.org\/{rel}","templated":true}]}}