{"id":9085,"date":"2024-12-04T15:42:54","date_gmt":"2025-04-07T14:40:43","guid":{"rendered":"https:\/\/positiveautism.org\/product\/dia-de-aventura-de-tomas-con-su-puppy-max-actividad-para-practicar-habilidades-de-comunicacion-y-lenguaje-para-ninos-autistas\/"},"modified":"2025-04-07T10:40:43","modified_gmt":"2025-04-07T14:40:43","slug":"dia-de-aventura-de-tomas-con-su-puppy-max-actividad-para-practicar-habilidades-de-comunicacion-y-lenguaje-para-ninos-autistas","status":"publish","type":"product","link":"https:\/\/positiveautism.org\/es\/producto\/dia-de-aventura-de-tomas-con-su-puppy-max-actividad-para-practicar-habilidades-de-comunicacion-y-lenguaje-para-ninos-autistas\/","title":{"rendered":"D\u00eda de Aventura de Tom\u00e1s con su Puppy Max. (Actividad para practicar habilidades de comunicaci\u00f3n y lenguaje para ni\u00f1os autistas)"},"content":{"rendered":"","protected":false},"excerpt":{"rendered":"<p>En este material, los padres y educadores encontrar\u00e1n herramientas pr\u00e1cticas y actividades dise\u00f1adas para ense\u00f1ar habilidades a ni\u00f1os autistas a trav\u00e9s de historias simples y repetitivas que fomentan la comprensi\u00f3n e interacci\u00f3n del lenguaje. Cada cuento incluye preguntas durante la lectura para fomentar la reflexi\u00f3n y el an\u00e1lisis, junto con ejercicios de seguimiento que fortalecen las habilidades sociales, la comunicaci\u00f3n y la capacidad de seguir instrucciones. A trav\u00e9s de ejemplos cotidianos y objetos familiares, los ni\u00f1os pueden practicar secuencias de acci\u00f3n, identificar elementos clave y conectar las historias con su vida diaria, promoviendo un aprendizaje significativo y agradable.  <\/p>\n","protected":false},"featured_media":9086,"comment_status":"closed","ping_status":"closed","template":"","meta":{"_acf_changed":false,"_monsterinsights_skip_tracking":false,"_monsterinsights_sitenote_active":false,"_monsterinsights_sitenote_note":"","_monsterinsights_sitenote_category":0},"product_brand":[],"product_cat":[741],"product_tag":[788,794,802],"class_list":{"0":"post-9085","1":"product","2":"type-product","3":"status-publish","4":"has-post-thumbnail","6":"product_cat-comunicacion-y-lenguaje","7":"product_tag-actividades-para-tecnificar-habilidades-sociales-a-ninos-autistas","8":"product_tag-lectura-para-ensenar-habilidades-de-comunicacion-a-ninos-con-autismo","9":"product_tag-comprender-el-lenguaje-y-la-interaccion","11":"first","12":"instock","13":"downloadable","14":"shipping-taxable","15":"purchasable","16":"product-type-simple"},"acf":[],"aioseo_notices":[],"jetpack_sharing_enabled":true,"_links":{"self":[{"href":"https:\/\/positiveautism.org\/es\/wp-json\/wp\/v2\/product\/9085","targetHints":{"allow":["GET"]}}],"collection":[{"href":"https:\/\/positiveautism.org\/es\/wp-json\/wp\/v2\/product"}],"about":[{"href":"https:\/\/positiveautism.org\/es\/wp-json\/wp\/v2\/types\/product"}],"replies":[{"embeddable":true,"href":"https:\/\/positiveautism.org\/es\/wp-json\/wp\/v2\/comments?post=9085"}],"wp:featuredmedia":[{"embeddable":true,"href":"https:\/\/positiveautism.org\/es\/wp-json\/wp\/v2\/media\/9086"}],"wp:attachment":[{"href":"https:\/\/positiveautism.org\/es\/wp-json\/wp\/v2\/media?parent=9085"}],"wp:term":[{"taxonomy":"product_brand","embeddable":true,"href":"https:\/\/positiveautism.org\/es\/wp-json\/wp\/v2\/product_brand?post=9085"},{"taxonomy":"product_cat","embeddable":true,"href":"https:\/\/positiveautism.org\/es\/wp-json\/wp\/v2\/product_cat?post=9085"},{"taxonomy":"product_tag","embeddable":true,"href":"https:\/\/positiveautism.org\/es\/wp-json\/wp\/v2\/product_tag?post=9085"}],"curies":[{"name":"wp","href":"https:\/\/api.w.org\/{rel}","templated":true}]}}