{"id":9076,"date":"2025-02-03T12:36:30","date_gmt":"2025-04-07T14:40:43","guid":{"rendered":"https:\/\/positiveautism.org\/product\/como-planificar-celebraciones-con-ninos-autistas-para-que-puedan-disfrutarlas\/"},"modified":"2025-04-07T10:40:43","modified_gmt":"2025-04-07T14:40:43","slug":"como-planificar-celebraciones-con-ninos-autistas-para-que-puedan-disfrutarlas","status":"publish","type":"product","link":"https:\/\/positiveautism.org\/es\/producto\/como-planificar-celebraciones-con-ninos-autistas-para-que-puedan-disfrutarlas\/","title":{"rendered":"C\u00f3mo planificar celebraciones con ni\u00f1os autistas para que puedan disfrutarlas."},"content":{"rendered":"","protected":false},"excerpt":{"rendered":"<p>Este material proporciona a los padres y educadores un recurso valioso para ense\u00f1ar a los ni\u00f1os autistas habilidades sociales y emocionales esenciales, as\u00ed como estrategias para manejar los desaf\u00edos sensoriales durante las celebraciones navide\u00f1as. A trav\u00e9s de narraciones atractivas, actividades guiadas y t\u00e9cnicas pr\u00e1cticas de afrontamiento, los ni\u00f1os aprender\u00e1n a anticipar situaciones estresantes, comunicar sus necesidades de manera asertiva y desarrollar estrategias de autorregulaci\u00f3n. Al crear planes personalizados, ganar\u00e1n confianza para navegar por entornos festivos mientras se sienten seguros, comprendidos y empoderados para disfrutar de momentos especiales de una manera que se adapte a sus necesidades \u00fanicas.  <\/p>\n","protected":false},"featured_media":9088,"comment_status":"closed","ping_status":"closed","template":"","meta":{"_acf_changed":false,"_monsterinsights_skip_tracking":false,"_monsterinsights_sitenote_active":false,"_monsterinsights_sitenote_note":"","_monsterinsights_sitenote_category":0},"product_brand":[],"product_cat":[787,792],"product_tag":[803,804],"class_list":{"0":"post-9076","1":"product","2":"type-product","3":"status-publish","4":"has-post-thumbnail","6":"product_cat-habilidades-sociales-y-emocionales","7":"product_cat-area-sensorial","8":"product_tag-celebraciones-con-ninos-autistas","9":"product_tag-autismo-y-estres-durante-las-vacaciones","11":"first","12":"instock","13":"downloadable","14":"shipping-taxable","15":"purchasable","16":"product-type-simple"},"acf":[],"aioseo_notices":[],"jetpack_sharing_enabled":true,"_links":{"self":[{"href":"https:\/\/positiveautism.org\/es\/wp-json\/wp\/v2\/product\/9076","targetHints":{"allow":["GET"]}}],"collection":[{"href":"https:\/\/positiveautism.org\/es\/wp-json\/wp\/v2\/product"}],"about":[{"href":"https:\/\/positiveautism.org\/es\/wp-json\/wp\/v2\/types\/product"}],"replies":[{"embeddable":true,"href":"https:\/\/positiveautism.org\/es\/wp-json\/wp\/v2\/comments?post=9076"}],"wp:featuredmedia":[{"embeddable":true,"href":"https:\/\/positiveautism.org\/es\/wp-json\/wp\/v2\/media\/9088"}],"wp:attachment":[{"href":"https:\/\/positiveautism.org\/es\/wp-json\/wp\/v2\/media?parent=9076"}],"wp:term":[{"taxonomy":"product_brand","embeddable":true,"href":"https:\/\/positiveautism.org\/es\/wp-json\/wp\/v2\/product_brand?post=9076"},{"taxonomy":"product_cat","embeddable":true,"href":"https:\/\/positiveautism.org\/es\/wp-json\/wp\/v2\/product_cat?post=9076"},{"taxonomy":"product_tag","embeddable":true,"href":"https:\/\/positiveautism.org\/es\/wp-json\/wp\/v2\/product_tag?post=9076"}],"curies":[{"name":"wp","href":"https:\/\/api.w.org\/{rel}","templated":true}]}}