{"id":9073,"date":"2024-12-09T19:44:40","date_gmt":"2025-04-07T14:40:43","guid":{"rendered":"https:\/\/positiveautism.org\/product\/el-secreto-de-luna-y-sol-aprender-a-confiar-y-pedir-ayuda-actividad-para-practicar-la-comprension-lectora-habilidades-sociales-y-emocionales-para-ninos-autistas\/"},"modified":"2025-04-07T10:40:43","modified_gmt":"2025-04-07T14:40:43","slug":"el-secreto-de-luna-y-sol-aprender-a-confiar-y-pedir-ayuda-actividad-para-practicar-la-comprension-lectora-habilidades-sociales-y-emocionales-para-ninos-autistas","status":"publish","type":"product","link":"https:\/\/positiveautism.org\/es\/producto\/el-secreto-de-luna-y-sol-aprender-a-confiar-y-pedir-ayuda-actividad-para-practicar-la-comprension-lectora-habilidades-sociales-y-emocionales-para-ninos-autistas\/","title":{"rendered":"El secreto de Luna y Sol: aprender a confiar y pedir ayuda. (Actividad para practicar la comprensi\u00f3n lectora, habilidades sociales y emocionales para ni\u00f1os autistas)"},"content":{"rendered":"","protected":false},"excerpt":{"rendered":"<p>Este material est\u00e1 dise\u00f1ado para ense\u00f1ar habilidades esenciales para la vida a ni\u00f1os autistas a trav\u00e9s de historias atractivas, preguntas que invitan a la reflexi\u00f3n y actividades interactivas de juego de roles. Al explorar escenarios como confiar en los dem\u00e1s, expresar sentimientos y pedir ayuda, los ni\u00f1os aprenden estrategias pr\u00e1cticas para navegar situaciones sociales y manejar las emociones. Las actividades incluidas refuerzan estas lecciones en un entorno seguro y estructurado, ayudando a los ni\u00f1os a practicar e interiorizar lo que han aprendido. Este recurso sirve como una herramienta de apoyo para fomentar la confianza, la comunicaci\u00f3n y las habilidades de construcci\u00f3n de confianza en los ni\u00f1os.   <\/p>\n","protected":false},"featured_media":9078,"comment_status":"closed","ping_status":"closed","template":"","meta":{"_acf_changed":false,"_monsterinsights_skip_tracking":false,"_monsterinsights_sitenote_active":false,"_monsterinsights_sitenote_note":"","_monsterinsights_sitenote_category":0},"product_brand":[],"product_cat":[783,787],"product_tag":[788,790,794,796],"class_list":{"0":"post-9073","1":"product","2":"type-product","3":"status-publish","4":"has-post-thumbnail","6":"product_cat-comprension-lectora","7":"product_cat-habilidades-sociales-y-emocionales","8":"product_tag-actividades-para-tecnificar-habilidades-sociales-a-ninos-autistas","9":"product_tag-comprension-lectora-para-ninos-con-autismo","10":"product_tag-lectura-para-ensenar-habilidades-de-comunicacion-a-ninos-con-autismo","11":"product_tag-ensenar-a-los-ninos-autistas-a-expresar-sentimientos-y-pedir-ayuda","13":"first","14":"instock","15":"downloadable","16":"shipping-taxable","17":"purchasable","18":"product-type-simple"},"acf":[],"aioseo_notices":[],"jetpack_sharing_enabled":true,"_links":{"self":[{"href":"https:\/\/positiveautism.org\/es\/wp-json\/wp\/v2\/product\/9073","targetHints":{"allow":["GET"]}}],"collection":[{"href":"https:\/\/positiveautism.org\/es\/wp-json\/wp\/v2\/product"}],"about":[{"href":"https:\/\/positiveautism.org\/es\/wp-json\/wp\/v2\/types\/product"}],"replies":[{"embeddable":true,"href":"https:\/\/positiveautism.org\/es\/wp-json\/wp\/v2\/comments?post=9073"}],"wp:featuredmedia":[{"embeddable":true,"href":"https:\/\/positiveautism.org\/es\/wp-json\/wp\/v2\/media\/9078"}],"wp:attachment":[{"href":"https:\/\/positiveautism.org\/es\/wp-json\/wp\/v2\/media?parent=9073"}],"wp:term":[{"taxonomy":"product_brand","embeddable":true,"href":"https:\/\/positiveautism.org\/es\/wp-json\/wp\/v2\/product_brand?post=9073"},{"taxonomy":"product_cat","embeddable":true,"href":"https:\/\/positiveautism.org\/es\/wp-json\/wp\/v2\/product_cat?post=9073"},{"taxonomy":"product_tag","embeddable":true,"href":"https:\/\/positiveautism.org\/es\/wp-json\/wp\/v2\/product_tag?post=9073"}],"curies":[{"name":"wp","href":"https:\/\/api.w.org\/{rel}","templated":true}]}}