{"id":9072,"date":"2025-01-30T12:06:43","date_gmt":"2025-04-07T14:40:43","guid":{"rendered":"https:\/\/positiveautism.org\/product\/la-aventura-de-sofia-y-su-poder-secreto-actividad-para-practicar-la-comprension-lectora-el-descubrimiento-y-la-autoconciencia-en-ninos-con-tdah-de-tipo-inatento\/"},"modified":"2025-04-07T10:40:43","modified_gmt":"2025-04-07T14:40:43","slug":"la-aventura-de-sofia-y-su-poder-secreto-actividad-para-practicar-la-comprension-lectora-el-descubrimiento-y-la-autoconciencia-en-ninos-con-tdah-de-tipo-inatento","status":"publish","type":"product","link":"https:\/\/positiveautism.org\/es\/producto\/la-aventura-de-sofia-y-su-poder-secreto-actividad-para-practicar-la-comprension-lectora-el-descubrimiento-y-la-autoconciencia-en-ninos-con-tdah-de-tipo-inatento\/","title":{"rendered":"La aventura de Sof\u00eda y su poder secreto. (Actividad para practicar la comprensi\u00f3n lectora, el descubrimiento y la autoconciencia en ni\u00f1os con TDAH de tipo inatento)."},"content":{"rendered":"","protected":false},"excerpt":{"rendered":"<p>Este material est\u00e1 dise\u00f1ado para apoyar a los padres y educadores en la orientaci\u00f3n de los ni\u00f1os y j\u00f3venes con TDAH de tipo inatento a trav\u00e9s de t\u00e9cnicas estructuradas de aprendizaje y autogesti\u00f3n. Incluye una historia atractiva que refuerza habilidades esenciales como la organizaci\u00f3n, la b\u00fasqueda de apoyo y el establecimiento de metas alcanzables. A trav\u00e9s de actividades interactivas de juego de roles, los ni\u00f1os pueden practicar el desglose de tareas grandes, pedir ayuda de manera efectiva, mantenerse enfocados y trabajar hacia sus sue\u00f1os paso a paso. Estas herramientas les ayudan a desarrollar confianza, resiliencia y estrategias para superar los desaf\u00edos diarios mientras celebran sus fortalezas \u00fanicas.   <\/p>\n","protected":false},"featured_media":9077,"comment_status":"closed","ping_status":"closed","template":"","meta":{"_acf_changed":false,"_monsterinsights_skip_tracking":false,"_monsterinsights_sitenote_active":false,"_monsterinsights_sitenote_note":"","_monsterinsights_sitenote_category":0},"product_brand":[],"product_cat":[768],"product_tag":[785,791,793],"class_list":{"0":"post-9072","1":"product","2":"type-product","3":"status-publish","4":"has-post-thumbnail","6":"product_cat-neurodiversidad","7":"product_tag-comprension-lectora","8":"product_tag-tdah-de-tipo-inatento","9":"product_tag-lectura-para-ninos-con-tdah-de-tipo-inatento","11":"first","12":"instock","13":"downloadable","14":"shipping-taxable","15":"purchasable","16":"product-type-simple"},"acf":[],"aioseo_notices":[],"jetpack_sharing_enabled":true,"_links":{"self":[{"href":"https:\/\/positiveautism.org\/es\/wp-json\/wp\/v2\/product\/9072","targetHints":{"allow":["GET"]}}],"collection":[{"href":"https:\/\/positiveautism.org\/es\/wp-json\/wp\/v2\/product"}],"about":[{"href":"https:\/\/positiveautism.org\/es\/wp-json\/wp\/v2\/types\/product"}],"replies":[{"embeddable":true,"href":"https:\/\/positiveautism.org\/es\/wp-json\/wp\/v2\/comments?post=9072"}],"wp:featuredmedia":[{"embeddable":true,"href":"https:\/\/positiveautism.org\/es\/wp-json\/wp\/v2\/media\/9077"}],"wp:attachment":[{"href":"https:\/\/positiveautism.org\/es\/wp-json\/wp\/v2\/media?parent=9072"}],"wp:term":[{"taxonomy":"product_brand","embeddable":true,"href":"https:\/\/positiveautism.org\/es\/wp-json\/wp\/v2\/product_brand?post=9072"},{"taxonomy":"product_cat","embeddable":true,"href":"https:\/\/positiveautism.org\/es\/wp-json\/wp\/v2\/product_cat?post=9072"},{"taxonomy":"product_tag","embeddable":true,"href":"https:\/\/positiveautism.org\/es\/wp-json\/wp\/v2\/product_tag?post=9072"}],"curies":[{"name":"wp","href":"https:\/\/api.w.org\/{rel}","templated":true}]}}